{"id":6733,"date":"2022-07-21T19:18:22","date_gmt":"2022-07-21T18:18:22","guid":{"rendered":"https:\/1658920591610?product=coenzym-q10-200-mg-reines-ubichinon-coq10-supplement-120-kapseln"},"modified":"2022-08-09T13:28:36","modified_gmt":"2022-08-09T12:28:36","slug":"coenzym-q10-200-mg-reines-ubichinon-coq10-supplement-120-kapseln","status":"publish","type":"product","link":"https:\/\/jeaken.com\/de\/produkt\/coenzym-q10-200-mg-reines-ubichinon-coq10-supplement-120-kapseln\/","title":{"rendered":"Coenzym Q10 200 mg &#8211; Reines Ubichinon CoQ10 Supplement (120 Kapseln)"},"content":{"rendered":"<p id=\"tw-target-text\" class=\"tw-data-text tw-text-large tw-ta\" dir=\"ltr\" data-placeholder=\"Translation\"><strong><span class=\"Y2IQFc\" lang=\"en\">F\u00dcR DIE ENERGIEERZEUGUNG ERFORDERLICH  <\/span><\/strong><\/p>\n<p class=\"tw-data-text tw-text-large tw-ta\" dir=\"ltr\" data-placeholder=\"Translation\"><span class=\"Y2IQFc\" lang=\"en\">CoQ10 spielt eine wichtige Rolle bei der Energieproduktion im K\u00f6rper. Die Einnahme einer CoQ10-Erg\u00e4nzung hilft, den nat\u00fcrlichen CoQ10-Spiegel zu erh\u00f6hen, der durch Alter und cholesterinsenkende Statin-Medikamente ersch\u00f6pft sein kann.  <\/span><\/p>\n<p class=\"tw-data-text tw-text-large tw-ta\" dir=\"ltr\" data-placeholder=\"Translation\"><strong><span class=\"Y2IQFc\" lang=\"en\">Wirksames und hochabsorbierbares CoQ10  <\/span><\/strong><\/p>\n<p class=\"tw-data-text tw-text-large tw-ta\" dir=\"ltr\" data-placeholder=\"Translation\"><span class=\"Y2IQFc\" lang=\"en\">Unser kraftvolles Produkt bietet eine leicht absorbierbare Form eines essenziellen N\u00e4hrstoffs, der die Vitalit\u00e4t des Herzens, die kardiovaskul\u00e4re Gesundheit und die Zellenergie f\u00f6rdert und sch\u00fctzt. Unser CoQ10 wurde im Hinblick auf eine effiziente Absorption entwickelt. Wir verwenden nur 100% nat\u00fcrlich fermentiertes CoQ10, was zu einer reinen &#8220;trans&#8221;-Form des Coenzyms Q10 f\u00fchrt, die vom K\u00f6rper optimal aufgenommen wird.  <\/span><\/p>\n<p class=\"tw-data-text tw-text-large tw-ta\" dir=\"ltr\" data-placeholder=\"Translation\"><strong><span class=\"Y2IQFc\" lang=\"en\">VORTEILE F\u00dcR STATIN-BENUTZER  <\/span><\/strong><\/p>\n<p class=\"tw-data-text tw-text-large tw-ta\" dir=\"ltr\" data-placeholder=\"Translation\"><span class=\"Y2IQFc\" lang=\"en\">Es hat sich gezeigt, dass Statin-Medikamente den CoQ10-Spiegel um bis zu 40 % senken k\u00f6nnen. Die Zugabe eines CoQ10-Zusatzes zur Statintherapie kann helfen, den CoQ10-Spiegel wieder aufzubauen.  <\/span><\/p>\n<p class=\"tw-data-text tw-text-large tw-ta\" dir=\"ltr\" data-placeholder=\"Translation\"><strong><span class=\"Y2IQFc\" lang=\"en\">GEEIGNET F\u00dcR VEGANER UND VEGANERINNEN<\/span><\/strong><\/p>\n<p class=\"tw-data-text tw-text-large tw-ta\" dir=\"ltr\" data-placeholder=\"Translation\"><span class=\"Y2IQFc\" lang=\"en\">Unser CoQ10 200mg ist nicht nur nat\u00fcrlich fermentiert, um die Bioverf\u00fcgbarkeit zu erh\u00f6hen, sondern wird auch in leicht zu schluckenden Kapseln geliefert, die sowohl f\u00fcr Veganer als auch f\u00fcr Vegetarier geeignet sind, nicht gentechnisch ver\u00e4ndert und frei von Allergenen wie Gluten, Soja, Laktose, N\u00fcssen oder Spuren von N\u00fcssen sind.  <\/span><\/p>\n","protected":false},"excerpt":{"rendered":"<h4>Nahrungserg\u00e4nzungsmittel mit hoher Absorption f\u00fcr mehr Energie und kardiovaskul\u00e4re Gesundheit.<\/h4>\n","protected":false},"featured_media":2757,"template":"","meta":{"site-sidebar-layout":"default","site-content-layout":"default","ast-site-content-layout":"default","site-content-style":"default","site-sidebar-style":"default","ast-global-header-display":"","ast-banner-title-visibility":"","ast-main-header-display":"","ast-hfb-above-header-display":"","ast-hfb-below-header-display":"","ast-hfb-mobile-header-display":"","site-post-title":"","ast-breadcrumbs-content":"","ast-featured-img":"","footer-sml-layout":"","theme-transparent-header-meta":"default","adv-header-id-meta":"","stick-header-meta":"default","header-above-stick-meta":"","header-main-stick-meta":"","header-below-stick-meta":"","astra-migrate-meta-layouts":"default","ast-page-background-enabled":"default","ast-page-background-meta":{"desktop":{"background-color":"","background-image":"","background-repeat":"repeat","background-position":"center center","background-size":"auto","background-attachment":"scroll","background-type":"","background-media":"","overlay-type":"","overlay-color":"","overlay-opacity":"","overlay-gradient":""},"tablet":{"background-color":"","background-image":"","background-repeat":"repeat","background-position":"center center","background-size":"auto","background-attachment":"scroll","background-type":"","background-media":"","overlay-type":"","overlay-color":"","overlay-opacity":"","overlay-gradient":""},"mobile":{"background-color":"","background-image":"","background-repeat":"repeat","background-position":"center center","background-size":"auto","background-attachment":"scroll","background-type":"","background-media":"","overlay-type":"","overlay-color":"","overlay-opacity":"","overlay-gradient":""}},"ast-content-background-meta":{"desktop":{"background-color":"var(--ast-global-color-5)","background-image":"","background-repeat":"repeat","background-position":"center center","background-size":"auto","background-attachment":"scroll","background-type":"","background-media":"","overlay-type":"","overlay-color":"","overlay-opacity":"","overlay-gradient":""},"tablet":{"background-color":"var(--ast-global-color-5)","background-image":"","background-repeat":"repeat","background-position":"center center","background-size":"auto","background-attachment":"scroll","background-type":"","background-media":"","overlay-type":"","overlay-color":"","overlay-opacity":"","overlay-gradient":""},"mobile":{"background-color":"var(--ast-global-color-5)","background-image":"","background-repeat":"repeat","background-position":"center center","background-size":"auto","background-attachment":"scroll","background-type":"","background-media":"","overlay-type":"","overlay-color":"","overlay-opacity":"","overlay-gradient":""}}},"product_cat":[583,581,582,524,498],"product_tag":[],"class_list":{"0":"post-6733","1":"product","2":"type-product","3":"status-publish","4":"has-post-thumbnail","6":"product_cat-ermudung","7":"product_cat-gesundheit-von-herz-und-gehirn","8":"product_cat-mineralien","9":"product_cat-sporternahrung","10":"product_cat-stimmung-wohlbefinden","11":"has-subscription-plans","12":"desktop-align-left","13":"tablet-align-left","14":"mobile-align-left","16":"first","17":"instock","18":"taxable","19":"shipping-taxable","20":"purchasable","21":"product-type-simple"},"yoast_head":"<!-- This site is optimized with the Yoast SEO plugin v22.7 - https:\/\/yoast.com\/wordpress\/plugins\/seo\/ -->\n<title>Coenzym Q10 200 mg - Reines Ubichinon CoQ10 Supplement (120 Kapseln) - JeaKen<\/title>\n<meta name=\"robots\" content=\"index, follow, max-snippet:-1, max-image-preview:large, max-video-preview:-1\" \/>\n<link rel=\"canonical\" href=\"https:\/\/jeaken.com\/de\/produkt\/coenzym-q10-200-mg-reines-ubichinon-coq10-supplement-120-kapseln\/\" \/>\n<meta property=\"og:locale\" content=\"de_DE\" \/>\n<meta property=\"og:type\" content=\"article\" \/>\n<meta property=\"og:title\" content=\"Coenzym Q10 200 mg - Reines Ubichinon CoQ10 Supplement (120 Kapseln) - JeaKen\" \/>\n<meta property=\"og:description\" content=\"Nahrungserg\u00e4nzungsmittel mit hoher Absorption f\u00fcr mehr Energie und kardiovaskul\u00e4re Gesundheit.\" \/>\n<meta property=\"og:url\" content=\"https:\/\/jeaken.com\/de\/produkt\/coenzym-q10-200-mg-reines-ubichinon-coq10-supplement-120-kapseln\/\" \/>\n<meta property=\"og:site_name\" content=\"JeaKen\" \/>\n<meta property=\"article:modified_time\" content=\"2022-08-09T12:28:36+00:00\" \/>\n<meta property=\"og:image\" content=\"https:\/\/jeaken.com\/wp-content\/uploads\/2022\/07\/71xQMaVJaZL._AC_SL1500_.jpg\" \/>\n\t<meta property=\"og:image:width\" content=\"600\" \/>\n\t<meta property=\"og:image:height\" content=\"600\" \/>\n\t<meta property=\"og:image:type\" content=\"image\/jpeg\" \/>\n<meta name=\"twitter:card\" content=\"summary_large_image\" \/>\n<meta name=\"twitter:label1\" content=\"Est. reading time\" \/>\n\t<meta name=\"twitter:data1\" content=\"1 minute\" \/>\n<script type=\"application\/ld+json\" class=\"yoast-schema-graph\">{\"@context\":\"https:\/\/schema.org\",\"@graph\":[{\"@type\":\"WebPage\",\"@id\":\"https:\/\/jeaken.com\/de\/produkt\/coenzym-q10-200-mg-reines-ubichinon-coq10-supplement-120-kapseln\/\",\"url\":\"https:\/\/jeaken.com\/de\/produkt\/coenzym-q10-200-mg-reines-ubichinon-coq10-supplement-120-kapseln\/\",\"name\":\"Coenzym Q10 200 mg - Reines Ubichinon CoQ10 Supplement (120 Kapseln) - JeaKen\",\"isPartOf\":{\"@id\":\"https:\/\/jeaken.com\/de\/#website\"},\"primaryImageOfPage\":{\"@id\":\"https:\/\/jeaken.com\/de\/produkt\/coenzym-q10-200-mg-reines-ubichinon-coq10-supplement-120-kapseln\/#primaryimage\"},\"image\":{\"@id\":\"https:\/\/jeaken.com\/de\/produkt\/coenzym-q10-200-mg-reines-ubichinon-coq10-supplement-120-kapseln\/#primaryimage\"},\"thumbnailUrl\":\"https:\/\/jeaken.com\/wp-content\/uploads\/2022\/07\/71xQMaVJaZL._AC_SL1500_.jpg\",\"datePublished\":\"2022-07-21T18:18:22+00:00\",\"dateModified\":\"2022-08-09T12:28:36+00:00\",\"breadcrumb\":{\"@id\":\"https:\/\/jeaken.com\/de\/produkt\/coenzym-q10-200-mg-reines-ubichinon-coq10-supplement-120-kapseln\/#breadcrumb\"},\"inLanguage\":\"de-DE\",\"potentialAction\":[{\"@type\":\"ReadAction\",\"target\":[\"https:\/\/jeaken.com\/de\/produkt\/coenzym-q10-200-mg-reines-ubichinon-coq10-supplement-120-kapseln\/\"]}]},{\"@type\":\"ImageObject\",\"inLanguage\":\"de-DE\",\"@id\":\"https:\/\/jeaken.com\/de\/produkt\/coenzym-q10-200-mg-reines-ubichinon-coq10-supplement-120-kapseln\/#primaryimage\",\"url\":\"https:\/\/jeaken.com\/wp-content\/uploads\/2022\/07\/71xQMaVJaZL._AC_SL1500_.jpg\",\"contentUrl\":\"https:\/\/jeaken.com\/wp-content\/uploads\/2022\/07\/71xQMaVJaZL._AC_SL1500_.jpg\",\"width\":600,\"height\":600,\"caption\":\"Coenzyme Q10 200 mg - Pure Ubiquinone CoQ10 Supplement\"},{\"@type\":\"BreadcrumbList\",\"@id\":\"https:\/\/jeaken.com\/de\/produkt\/coenzym-q10-200-mg-reines-ubichinon-coq10-supplement-120-kapseln\/#breadcrumb\",\"itemListElement\":[{\"@type\":\"ListItem\",\"position\":1,\"name\":\"Home\",\"item\":\"https:\/\/jeaken.com\/de\/\"},{\"@type\":\"ListItem\",\"position\":2,\"name\":\"Private: Shop\",\"item\":\"https:\/\/jeaken.com\/shop\/\"},{\"@type\":\"ListItem\",\"position\":3,\"name\":\"Coenzym Q10 200 mg &#8211; Reines Ubichinon CoQ10 Supplement (120 Kapseln)\"}]},{\"@type\":\"WebSite\",\"@id\":\"https:\/\/jeaken.com\/de\/#website\",\"url\":\"https:\/\/jeaken.com\/de\/\",\"name\":\"JeaKen\",\"description\":\"Organic Supplements for Health, Fitness and Nutrition\",\"publisher\":{\"@id\":\"https:\/\/jeaken.com\/de\/#organization\"},\"potentialAction\":[{\"@type\":\"SearchAction\",\"target\":{\"@type\":\"EntryPoint\",\"urlTemplate\":\"https:\/\/jeaken.com\/de\/?s={search_term_string}\"},\"query-input\":\"required name=search_term_string\"}],\"inLanguage\":\"de-DE\"},{\"@type\":\"Organization\",\"@id\":\"https:\/\/jeaken.com\/de\/#organization\",\"name\":\"JeaKen\",\"url\":\"https:\/\/jeaken.com\/de\/\",\"logo\":{\"@type\":\"ImageObject\",\"inLanguage\":\"de-DE\",\"@id\":\"https:\/\/jeaken.com\/de\/#\/schema\/logo\/image\/\",\"url\":\"https:\/\/jeaken.com\/wp-content\/uploads\/2022\/06\/jeaken-logo-23.png\",\"contentUrl\":\"https:\/\/jeaken.com\/wp-content\/uploads\/2022\/06\/jeaken-logo-23.png\",\"width\":2486,\"height\":736,\"caption\":\"JeaKen\"},\"image\":{\"@id\":\"https:\/\/jeaken.com\/de\/#\/schema\/logo\/image\/\"}}]}<\/script>\n<!-- \/ Yoast SEO plugin. -->","yoast_head_json":{"title":"Coenzym Q10 200 mg - Reines Ubichinon CoQ10 Supplement (120 Kapseln) - JeaKen","robots":{"index":"index","follow":"follow","max-snippet":"max-snippet:-1","max-image-preview":"max-image-preview:large","max-video-preview":"max-video-preview:-1"},"canonical":"https:\/\/jeaken.com\/de\/produkt\/coenzym-q10-200-mg-reines-ubichinon-coq10-supplement-120-kapseln\/","og_locale":"de_DE","og_type":"article","og_title":"Coenzym Q10 200 mg - Reines Ubichinon CoQ10 Supplement (120 Kapseln) - JeaKen","og_description":"Nahrungserg\u00e4nzungsmittel mit hoher Absorption f\u00fcr mehr Energie und kardiovaskul\u00e4re Gesundheit.","og_url":"https:\/\/jeaken.com\/de\/produkt\/coenzym-q10-200-mg-reines-ubichinon-coq10-supplement-120-kapseln\/","og_site_name":"JeaKen","article_modified_time":"2022-08-09T12:28:36+00:00","og_image":[{"width":600,"height":600,"url":"https:\/\/jeaken.com\/wp-content\/uploads\/2022\/07\/71xQMaVJaZL._AC_SL1500_.jpg","type":"image\/jpeg"}],"twitter_card":"summary_large_image","twitter_misc":{"Est. reading time":"1 minute"},"schema":{"@context":"https:\/\/schema.org","@graph":[{"@type":"WebPage","@id":"https:\/\/jeaken.com\/de\/produkt\/coenzym-q10-200-mg-reines-ubichinon-coq10-supplement-120-kapseln\/","url":"https:\/\/jeaken.com\/de\/produkt\/coenzym-q10-200-mg-reines-ubichinon-coq10-supplement-120-kapseln\/","name":"Coenzym Q10 200 mg - Reines Ubichinon CoQ10 Supplement (120 Kapseln) - JeaKen","isPartOf":{"@id":"https:\/\/jeaken.com\/de\/#website"},"primaryImageOfPage":{"@id":"https:\/\/jeaken.com\/de\/produkt\/coenzym-q10-200-mg-reines-ubichinon-coq10-supplement-120-kapseln\/#primaryimage"},"image":{"@id":"https:\/\/jeaken.com\/de\/produkt\/coenzym-q10-200-mg-reines-ubichinon-coq10-supplement-120-kapseln\/#primaryimage"},"thumbnailUrl":"https:\/\/jeaken.com\/wp-content\/uploads\/2022\/07\/71xQMaVJaZL._AC_SL1500_.jpg","datePublished":"2022-07-21T18:18:22+00:00","dateModified":"2022-08-09T12:28:36+00:00","breadcrumb":{"@id":"https:\/\/jeaken.com\/de\/produkt\/coenzym-q10-200-mg-reines-ubichinon-coq10-supplement-120-kapseln\/#breadcrumb"},"inLanguage":"de-DE","potentialAction":[{"@type":"ReadAction","target":["https:\/\/jeaken.com\/de\/produkt\/coenzym-q10-200-mg-reines-ubichinon-coq10-supplement-120-kapseln\/"]}]},{"@type":"ImageObject","inLanguage":"de-DE","@id":"https:\/\/jeaken.com\/de\/produkt\/coenzym-q10-200-mg-reines-ubichinon-coq10-supplement-120-kapseln\/#primaryimage","url":"https:\/\/jeaken.com\/wp-content\/uploads\/2022\/07\/71xQMaVJaZL._AC_SL1500_.jpg","contentUrl":"https:\/\/jeaken.com\/wp-content\/uploads\/2022\/07\/71xQMaVJaZL._AC_SL1500_.jpg","width":600,"height":600,"caption":"Coenzyme Q10 200 mg - Pure Ubiquinone CoQ10 Supplement"},{"@type":"BreadcrumbList","@id":"https:\/\/jeaken.com\/de\/produkt\/coenzym-q10-200-mg-reines-ubichinon-coq10-supplement-120-kapseln\/#breadcrumb","itemListElement":[{"@type":"ListItem","position":1,"name":"Home","item":"https:\/\/jeaken.com\/de\/"},{"@type":"ListItem","position":2,"name":"Private: Shop","item":"https:\/\/jeaken.com\/shop\/"},{"@type":"ListItem","position":3,"name":"Coenzym Q10 200 mg &#8211; Reines Ubichinon CoQ10 Supplement (120 Kapseln)"}]},{"@type":"WebSite","@id":"https:\/\/jeaken.com\/de\/#website","url":"https:\/\/jeaken.com\/de\/","name":"JeaKen","description":"Organic Supplements for Health, Fitness and Nutrition","publisher":{"@id":"https:\/\/jeaken.com\/de\/#organization"},"potentialAction":[{"@type":"SearchAction","target":{"@type":"EntryPoint","urlTemplate":"https:\/\/jeaken.com\/de\/?s={search_term_string}"},"query-input":"required name=search_term_string"}],"inLanguage":"de-DE"},{"@type":"Organization","@id":"https:\/\/jeaken.com\/de\/#organization","name":"JeaKen","url":"https:\/\/jeaken.com\/de\/","logo":{"@type":"ImageObject","inLanguage":"de-DE","@id":"https:\/\/jeaken.com\/de\/#\/schema\/logo\/image\/","url":"https:\/\/jeaken.com\/wp-content\/uploads\/2022\/06\/jeaken-logo-23.png","contentUrl":"https:\/\/jeaken.com\/wp-content\/uploads\/2022\/06\/jeaken-logo-23.png","width":2486,"height":736,"caption":"JeaKen"},"image":{"@id":"https:\/\/jeaken.com\/de\/#\/schema\/logo\/image\/"}}]}},"jetpack_sharing_enabled":true,"_links":{"self":[{"href":"https:\/\/jeaken.com\/de\/wp-json\/wp\/v2\/product\/6733","targetHints":{"allow":["GET"]}}],"collection":[{"href":"https:\/\/jeaken.com\/de\/wp-json\/wp\/v2\/product"}],"about":[{"href":"https:\/\/jeaken.com\/de\/wp-json\/wp\/v2\/types\/product"}],"wp:featuredmedia":[{"embeddable":true,"href":"https:\/\/jeaken.com\/de\/wp-json\/wp\/v2\/media\/2757"}],"wp:attachment":[{"href":"https:\/\/jeaken.com\/de\/wp-json\/wp\/v2\/media?parent=6733"}],"wp:term":[{"taxonomy":"product_cat","embeddable":true,"href":"https:\/\/jeaken.com\/de\/wp-json\/wp\/v2\/product_cat?post=6733"},{"taxonomy":"product_tag","embeddable":true,"href":"https:\/\/jeaken.com\/de\/wp-json\/wp\/v2\/product_tag?post=6733"}],"curies":[{"name":"wp","href":"https:\/\/api.w.org\/{rel}","templated":true}]}}