{"id":6726,"date":"2022-07-21T19:18:22","date_gmt":"2022-07-21T18:18:22","guid":{"rendered":"https:\/1658920591610?product=coenzym-q10-natuerliche-anti-ageing-lotion-fuer-sehr-trockene-haut-50ml-flasche"},"modified":"2022-08-09T13:27:40","modified_gmt":"2022-08-09T12:27:40","slug":"coenzym-q10-natuerliche-anti-ageing-lotion-fuer-sehr-trockene-haut-50ml-flasche","status":"publish","type":"product","link":"https:\/\/jeaken.com\/de\/produkt\/coenzym-q10-natuerliche-anti-ageing-lotion-fuer-sehr-trockene-haut-50ml-flasche\/","title":{"rendered":"Coenzym Q10 Nat\u00fcrliche Anti-Ageing-Lotion f\u00fcr sehr trockene Haut. 50ml-Flasche"},"content":{"rendered":"<p><strong><span class=\"a-list-item\">FORTSCHRITTLICHE ANTI-AGING-FORMEL  <\/span><\/strong><\/p>\n<p><span class=\"a-list-item\">Unsere luxuri\u00f6se botanische Q10-K\u00f6rperlotion wurde entwickelt, um Falten und feine Linien in Schach zu halten. Das Coenzym Q10 ist f\u00fcr seine Anti-Aging-Eigenschaften bekannt. Es ist ein starkes Antioxidans, das das Erscheinungsbild der Haut verbessert, indem es den Zellverfall aufh\u00e4lt und die Reparatur gesch\u00e4digter Zellen erleichtert.<\/span><\/p>\n<p><strong><span class=\"a-list-item\">STRAFFT UND HELLT DIE HAUT AUF  <\/span><\/strong><\/p>\n<p><span class=\"a-list-item\">Diese nat\u00fcrliche K\u00f6rperlotion ist ideal, um die Haut zu beleben, zu sch\u00fctzen und zu stimulieren, was wiederum zu einem j\u00fcngeren Aussehen f\u00fchrt. Sie ist so cremig, dass man nur eine kleine Menge braucht, um eine perfekt glatte Haut zu bekommen.<\/span><\/p>\n<p><strong><span class=\"a-list-item\">SCHNELL EINZIEHENDER TONER  <\/span><\/strong><\/p>\n<p><span class=\"a-list-item\">Coenzym Q10 Lotion, ein erfrischendes, schnell einziehendes Gesichtswasser, ist sanft genug f\u00fcr alle Hauttypen, aber besonders vorteilhaft f\u00fcr sonnengesch\u00e4digte oder reifende Haut.<\/span><\/p>\n<p><strong><span class=\"a-list-item\">NAT\u00dcRLICHE ZUTATEN  <\/span><\/strong><\/p>\n<p><span class=\"a-list-item\">Unsere Coenzym Q10 Lotion ist vegan und frei von Parabenen und Alkohol. Die Wirkstoffe in unserer Coenzym Q10-Lotion arbeiten in Synergie mit Ihrer Haut. Diese hochwirksame K\u00f6rperlotion aus nat\u00fcrlichen Inhaltsstoffen, die mit den teuersten Anti-Aging-Lotionen der gro\u00dfen Marken konkurriert, bringt Ihre Sch\u00f6nheit auf nat\u00fcrliche Weise zur Geltung.<\/span><\/p>\n<p>&nbsp;<\/p>\n","protected":false},"excerpt":{"rendered":"<h4 id=\"title\" class=\"a-size-large a-spacing-none\"><span id=\"productTitle\" class=\"a-size-large product-title-word-break\">Eine nat\u00fcrliche und feuchtigkeitsspendende Formel f\u00fcr hellere, glattere und j\u00fcnger aussehende Haut.<\/span><\/h4>\n<h4 class=\"a-size-large a-spacing-none\"><\/h4>\n","protected":false},"featured_media":5276,"template":"","meta":{"site-sidebar-layout":"default","site-content-layout":"default","ast-site-content-layout":"default","site-content-style":"default","site-sidebar-style":"default","ast-global-header-display":"","ast-banner-title-visibility":"","ast-main-header-display":"","ast-hfb-above-header-display":"","ast-hfb-below-header-display":"","ast-hfb-mobile-header-display":"","site-post-title":"","ast-breadcrumbs-content":"","ast-featured-img":"","footer-sml-layout":"","theme-transparent-header-meta":"default","adv-header-id-meta":"","stick-header-meta":"default","header-above-stick-meta":"","header-main-stick-meta":"","header-below-stick-meta":"","astra-migrate-meta-layouts":"default","ast-page-background-enabled":"default","ast-page-background-meta":{"desktop":{"background-color":"","background-image":"","background-repeat":"repeat","background-position":"center center","background-size":"auto","background-attachment":"scroll","background-type":"","background-media":"","overlay-type":"","overlay-color":"","overlay-opacity":"","overlay-gradient":""},"tablet":{"background-color":"","background-image":"","background-repeat":"repeat","background-position":"center center","background-size":"auto","background-attachment":"scroll","background-type":"","background-media":"","overlay-type":"","overlay-color":"","overlay-opacity":"","overlay-gradient":""},"mobile":{"background-color":"","background-image":"","background-repeat":"repeat","background-position":"center center","background-size":"auto","background-attachment":"scroll","background-type":"","background-media":"","overlay-type":"","overlay-color":"","overlay-opacity":"","overlay-gradient":""}},"ast-content-background-meta":{"desktop":{"background-color":"var(--ast-global-color-5)","background-image":"","background-repeat":"repeat","background-position":"center center","background-size":"auto","background-attachment":"scroll","background-type":"","background-media":"","overlay-type":"","overlay-color":"","overlay-opacity":"","overlay-gradient":""},"tablet":{"background-color":"var(--ast-global-color-5)","background-image":"","background-repeat":"repeat","background-position":"center center","background-size":"auto","background-attachment":"scroll","background-type":"","background-media":"","overlay-type":"","overlay-color":"","overlay-opacity":"","overlay-gradient":""},"mobile":{"background-color":"var(--ast-global-color-5)","background-image":"","background-repeat":"repeat","background-position":"center center","background-size":"auto","background-attachment":"scroll","background-type":"","background-media":"","overlay-type":"","overlay-color":"","overlay-opacity":"","overlay-gradient":""}}},"product_cat":[527,562,526],"product_tag":[],"class_list":{"0":"post-6726","1":"product","2":"type-product","3":"status-publish","4":"has-post-thumbnail","6":"product_cat-anti-aging-de","7":"product_cat-dehnungsstreifen-und-cellulite","8":"product_cat-naturliche-schonheit","9":"has-subscription-plans","10":"desktop-align-left","11":"tablet-align-left","12":"mobile-align-left","14":"first","15":"instock","16":"taxable","17":"shipping-taxable","18":"purchasable","19":"product-type-simple"},"yoast_head":"<!-- This site is optimized with the Yoast SEO plugin v22.7 - https:\/\/yoast.com\/wordpress\/plugins\/seo\/ -->\n<title>Coenzym Q10 Nat\u00fcrliche Anti-Ageing-Lotion f\u00fcr sehr trockene Haut. 50ml-Flasche - JeaKen<\/title>\n<meta name=\"robots\" content=\"index, follow, max-snippet:-1, max-image-preview:large, max-video-preview:-1\" \/>\n<link rel=\"canonical\" href=\"https:\/\/jeaken.com\/de\/produkt\/coenzym-q10-natuerliche-anti-ageing-lotion-fuer-sehr-trockene-haut-50ml-flasche\/\" \/>\n<meta property=\"og:locale\" content=\"de_DE\" \/>\n<meta property=\"og:type\" content=\"article\" \/>\n<meta property=\"og:title\" content=\"Coenzym Q10 Nat\u00fcrliche Anti-Ageing-Lotion f\u00fcr sehr trockene Haut. 50ml-Flasche - JeaKen\" \/>\n<meta property=\"og:description\" content=\"Eine nat\u00fcrliche und feuchtigkeitsspendende Formel f\u00fcr hellere, glattere und j\u00fcnger aussehende Haut.\" \/>\n<meta property=\"og:url\" content=\"https:\/\/jeaken.com\/de\/produkt\/coenzym-q10-natuerliche-anti-ageing-lotion-fuer-sehr-trockene-haut-50ml-flasche\/\" \/>\n<meta property=\"og:site_name\" content=\"JeaKen\" \/>\n<meta property=\"article:modified_time\" content=\"2022-08-09T12:27:40+00:00\" \/>\n<meta property=\"og:image\" content=\"https:\/\/jeaken.com\/wp-content\/uploads\/2022\/07\/81aPlWEAuWL._AC_SL1500_.jpg\" \/>\n\t<meta property=\"og:image:width\" content=\"600\" \/>\n\t<meta property=\"og:image:height\" content=\"600\" \/>\n\t<meta property=\"og:image:type\" content=\"image\/jpeg\" \/>\n<meta name=\"twitter:card\" content=\"summary_large_image\" \/>\n<meta name=\"twitter:label1\" content=\"Est. reading time\" \/>\n\t<meta name=\"twitter:data1\" content=\"1 minute\" \/>\n<script type=\"application\/ld+json\" class=\"yoast-schema-graph\">{\"@context\":\"https:\/\/schema.org\",\"@graph\":[{\"@type\":\"WebPage\",\"@id\":\"https:\/\/jeaken.com\/de\/produkt\/coenzym-q10-natuerliche-anti-ageing-lotion-fuer-sehr-trockene-haut-50ml-flasche\/\",\"url\":\"https:\/\/jeaken.com\/de\/produkt\/coenzym-q10-natuerliche-anti-ageing-lotion-fuer-sehr-trockene-haut-50ml-flasche\/\",\"name\":\"Coenzym Q10 Nat\u00fcrliche Anti-Ageing-Lotion f\u00fcr sehr trockene Haut. 50ml-Flasche - JeaKen\",\"isPartOf\":{\"@id\":\"https:\/\/jeaken.com\/de\/#website\"},\"primaryImageOfPage\":{\"@id\":\"https:\/\/jeaken.com\/de\/produkt\/coenzym-q10-natuerliche-anti-ageing-lotion-fuer-sehr-trockene-haut-50ml-flasche\/#primaryimage\"},\"image\":{\"@id\":\"https:\/\/jeaken.com\/de\/produkt\/coenzym-q10-natuerliche-anti-ageing-lotion-fuer-sehr-trockene-haut-50ml-flasche\/#primaryimage\"},\"thumbnailUrl\":\"https:\/\/jeaken.com\/wp-content\/uploads\/2022\/07\/81aPlWEAuWL._AC_SL1500_.jpg\",\"datePublished\":\"2022-07-21T18:18:22+00:00\",\"dateModified\":\"2022-08-09T12:27:40+00:00\",\"breadcrumb\":{\"@id\":\"https:\/\/jeaken.com\/de\/produkt\/coenzym-q10-natuerliche-anti-ageing-lotion-fuer-sehr-trockene-haut-50ml-flasche\/#breadcrumb\"},\"inLanguage\":\"de-DE\",\"potentialAction\":[{\"@type\":\"ReadAction\",\"target\":[\"https:\/\/jeaken.com\/de\/produkt\/coenzym-q10-natuerliche-anti-ageing-lotion-fuer-sehr-trockene-haut-50ml-flasche\/\"]}]},{\"@type\":\"ImageObject\",\"inLanguage\":\"de-DE\",\"@id\":\"https:\/\/jeaken.com\/de\/produkt\/coenzym-q10-natuerliche-anti-ageing-lotion-fuer-sehr-trockene-haut-50ml-flasche\/#primaryimage\",\"url\":\"https:\/\/jeaken.com\/wp-content\/uploads\/2022\/07\/81aPlWEAuWL._AC_SL1500_.jpg\",\"contentUrl\":\"https:\/\/jeaken.com\/wp-content\/uploads\/2022\/07\/81aPlWEAuWL._AC_SL1500_.jpg\",\"width\":600,\"height\":600,\"caption\":\"Coenzyme Q10\"},{\"@type\":\"BreadcrumbList\",\"@id\":\"https:\/\/jeaken.com\/de\/produkt\/coenzym-q10-natuerliche-anti-ageing-lotion-fuer-sehr-trockene-haut-50ml-flasche\/#breadcrumb\",\"itemListElement\":[{\"@type\":\"ListItem\",\"position\":1,\"name\":\"Home\",\"item\":\"https:\/\/jeaken.com\/de\/\"},{\"@type\":\"ListItem\",\"position\":2,\"name\":\"Private: Shop\",\"item\":\"https:\/\/jeaken.com\/shop\/\"},{\"@type\":\"ListItem\",\"position\":3,\"name\":\"Coenzym Q10 Nat\u00fcrliche Anti-Ageing-Lotion f\u00fcr sehr trockene Haut. 50ml-Flasche\"}]},{\"@type\":\"WebSite\",\"@id\":\"https:\/\/jeaken.com\/de\/#website\",\"url\":\"https:\/\/jeaken.com\/de\/\",\"name\":\"JeaKen\",\"description\":\"Organic Supplements for Health, Fitness and Nutrition\",\"publisher\":{\"@id\":\"https:\/\/jeaken.com\/de\/#organization\"},\"potentialAction\":[{\"@type\":\"SearchAction\",\"target\":{\"@type\":\"EntryPoint\",\"urlTemplate\":\"https:\/\/jeaken.com\/de\/?s={search_term_string}\"},\"query-input\":\"required name=search_term_string\"}],\"inLanguage\":\"de-DE\"},{\"@type\":\"Organization\",\"@id\":\"https:\/\/jeaken.com\/de\/#organization\",\"name\":\"JeaKen\",\"url\":\"https:\/\/jeaken.com\/de\/\",\"logo\":{\"@type\":\"ImageObject\",\"inLanguage\":\"de-DE\",\"@id\":\"https:\/\/jeaken.com\/de\/#\/schema\/logo\/image\/\",\"url\":\"https:\/\/jeaken.com\/wp-content\/uploads\/2022\/06\/jeaken-logo-23.png\",\"contentUrl\":\"https:\/\/jeaken.com\/wp-content\/uploads\/2022\/06\/jeaken-logo-23.png\",\"width\":2486,\"height\":736,\"caption\":\"JeaKen\"},\"image\":{\"@id\":\"https:\/\/jeaken.com\/de\/#\/schema\/logo\/image\/\"}}]}<\/script>\n<!-- \/ Yoast SEO plugin. -->","yoast_head_json":{"title":"Coenzym Q10 Nat\u00fcrliche Anti-Ageing-Lotion f\u00fcr sehr trockene Haut. 50ml-Flasche - JeaKen","robots":{"index":"index","follow":"follow","max-snippet":"max-snippet:-1","max-image-preview":"max-image-preview:large","max-video-preview":"max-video-preview:-1"},"canonical":"https:\/\/jeaken.com\/de\/produkt\/coenzym-q10-natuerliche-anti-ageing-lotion-fuer-sehr-trockene-haut-50ml-flasche\/","og_locale":"de_DE","og_type":"article","og_title":"Coenzym Q10 Nat\u00fcrliche Anti-Ageing-Lotion f\u00fcr sehr trockene Haut. 50ml-Flasche - JeaKen","og_description":"Eine nat\u00fcrliche und feuchtigkeitsspendende Formel f\u00fcr hellere, glattere und j\u00fcnger aussehende Haut.","og_url":"https:\/\/jeaken.com\/de\/produkt\/coenzym-q10-natuerliche-anti-ageing-lotion-fuer-sehr-trockene-haut-50ml-flasche\/","og_site_name":"JeaKen","article_modified_time":"2022-08-09T12:27:40+00:00","og_image":[{"width":600,"height":600,"url":"https:\/\/jeaken.com\/wp-content\/uploads\/2022\/07\/81aPlWEAuWL._AC_SL1500_.jpg","type":"image\/jpeg"}],"twitter_card":"summary_large_image","twitter_misc":{"Est. reading time":"1 minute"},"schema":{"@context":"https:\/\/schema.org","@graph":[{"@type":"WebPage","@id":"https:\/\/jeaken.com\/de\/produkt\/coenzym-q10-natuerliche-anti-ageing-lotion-fuer-sehr-trockene-haut-50ml-flasche\/","url":"https:\/\/jeaken.com\/de\/produkt\/coenzym-q10-natuerliche-anti-ageing-lotion-fuer-sehr-trockene-haut-50ml-flasche\/","name":"Coenzym Q10 Nat\u00fcrliche Anti-Ageing-Lotion f\u00fcr sehr trockene Haut. 50ml-Flasche - JeaKen","isPartOf":{"@id":"https:\/\/jeaken.com\/de\/#website"},"primaryImageOfPage":{"@id":"https:\/\/jeaken.com\/de\/produkt\/coenzym-q10-natuerliche-anti-ageing-lotion-fuer-sehr-trockene-haut-50ml-flasche\/#primaryimage"},"image":{"@id":"https:\/\/jeaken.com\/de\/produkt\/coenzym-q10-natuerliche-anti-ageing-lotion-fuer-sehr-trockene-haut-50ml-flasche\/#primaryimage"},"thumbnailUrl":"https:\/\/jeaken.com\/wp-content\/uploads\/2022\/07\/81aPlWEAuWL._AC_SL1500_.jpg","datePublished":"2022-07-21T18:18:22+00:00","dateModified":"2022-08-09T12:27:40+00:00","breadcrumb":{"@id":"https:\/\/jeaken.com\/de\/produkt\/coenzym-q10-natuerliche-anti-ageing-lotion-fuer-sehr-trockene-haut-50ml-flasche\/#breadcrumb"},"inLanguage":"de-DE","potentialAction":[{"@type":"ReadAction","target":["https:\/\/jeaken.com\/de\/produkt\/coenzym-q10-natuerliche-anti-ageing-lotion-fuer-sehr-trockene-haut-50ml-flasche\/"]}]},{"@type":"ImageObject","inLanguage":"de-DE","@id":"https:\/\/jeaken.com\/de\/produkt\/coenzym-q10-natuerliche-anti-ageing-lotion-fuer-sehr-trockene-haut-50ml-flasche\/#primaryimage","url":"https:\/\/jeaken.com\/wp-content\/uploads\/2022\/07\/81aPlWEAuWL._AC_SL1500_.jpg","contentUrl":"https:\/\/jeaken.com\/wp-content\/uploads\/2022\/07\/81aPlWEAuWL._AC_SL1500_.jpg","width":600,"height":600,"caption":"Coenzyme Q10"},{"@type":"BreadcrumbList","@id":"https:\/\/jeaken.com\/de\/produkt\/coenzym-q10-natuerliche-anti-ageing-lotion-fuer-sehr-trockene-haut-50ml-flasche\/#breadcrumb","itemListElement":[{"@type":"ListItem","position":1,"name":"Home","item":"https:\/\/jeaken.com\/de\/"},{"@type":"ListItem","position":2,"name":"Private: Shop","item":"https:\/\/jeaken.com\/shop\/"},{"@type":"ListItem","position":3,"name":"Coenzym Q10 Nat\u00fcrliche Anti-Ageing-Lotion f\u00fcr sehr trockene Haut. 50ml-Flasche"}]},{"@type":"WebSite","@id":"https:\/\/jeaken.com\/de\/#website","url":"https:\/\/jeaken.com\/de\/","name":"JeaKen","description":"Organic Supplements for Health, Fitness and Nutrition","publisher":{"@id":"https:\/\/jeaken.com\/de\/#organization"},"potentialAction":[{"@type":"SearchAction","target":{"@type":"EntryPoint","urlTemplate":"https:\/\/jeaken.com\/de\/?s={search_term_string}"},"query-input":"required name=search_term_string"}],"inLanguage":"de-DE"},{"@type":"Organization","@id":"https:\/\/jeaken.com\/de\/#organization","name":"JeaKen","url":"https:\/\/jeaken.com\/de\/","logo":{"@type":"ImageObject","inLanguage":"de-DE","@id":"https:\/\/jeaken.com\/de\/#\/schema\/logo\/image\/","url":"https:\/\/jeaken.com\/wp-content\/uploads\/2022\/06\/jeaken-logo-23.png","contentUrl":"https:\/\/jeaken.com\/wp-content\/uploads\/2022\/06\/jeaken-logo-23.png","width":2486,"height":736,"caption":"JeaKen"},"image":{"@id":"https:\/\/jeaken.com\/de\/#\/schema\/logo\/image\/"}}]}},"jetpack_sharing_enabled":true,"_links":{"self":[{"href":"https:\/\/jeaken.com\/de\/wp-json\/wp\/v2\/product\/6726","targetHints":{"allow":["GET"]}}],"collection":[{"href":"https:\/\/jeaken.com\/de\/wp-json\/wp\/v2\/product"}],"about":[{"href":"https:\/\/jeaken.com\/de\/wp-json\/wp\/v2\/types\/product"}],"wp:featuredmedia":[{"embeddable":true,"href":"https:\/\/jeaken.com\/de\/wp-json\/wp\/v2\/media\/5276"}],"wp:attachment":[{"href":"https:\/\/jeaken.com\/de\/wp-json\/wp\/v2\/media?parent=6726"}],"wp:term":[{"taxonomy":"product_cat","embeddable":true,"href":"https:\/\/jeaken.com\/de\/wp-json\/wp\/v2\/product_cat?post=6726"},{"taxonomy":"product_tag","embeddable":true,"href":"https:\/\/jeaken.com\/de\/wp-json\/wp\/v2\/product_tag?post=6726"}],"curies":[{"name":"wp","href":"https:\/\/api.w.org\/{rel}","templated":true}]}}