{"id":6690,"date":"2022-07-21T19:18:22","date_gmt":"2022-07-21T18:18:22","guid":{"rendered":"https:\/1658920591610?product=nutrient-dense-complete-meal-shake-mit-erdbeergeschmack"},"modified":"2022-08-09T13:26:41","modified_gmt":"2022-08-09T12:26:41","slug":"nutrient-dense-complete-meal-shake-mit-erdbeergeschmack","status":"publish","type":"product","link":"https:\/\/jeaken.com\/de\/produkt\/nutrient-dense-complete-meal-shake-mit-erdbeergeschmack\/","title":{"rendered":"Nutrient-Dense Complete Meal Shake mit Erdbeergeschmack."},"content":{"rendered":"<p><strong><span class=\"a-list-item\">WIRKSAME KONTROLLE DER GEWICHTSABNAHME  <\/span><\/strong><\/p>\n<p><span class=\"a-list-item\">  Bei unserem Mahlzeitenersatz-Shake geht es vor allem darum, dass Sie sich innerlich und \u00e4u\u00dferlich selbstbewusst f\u00fchlen. Sie k\u00f6nnen Ihre Abnehmziele unterst\u00fctzen, indem Sie ein bis zwei Mahlzeiten pro Tag durch unsere k\u00f6stlichen, einfach zuzubereitenden Di\u00e4t-Shakes ersetzen!  <\/span><\/p>\n<p><span class=\"a-list-item\"><strong>ENTH\u00c4LT 24 WICHTIGE VITAMINE UND MINERALIEN<\/strong> <\/span><\/p>\n<p><span class=\"a-list-item\">Dieser gesunde Shake bietet die perfekte Mischung aus Vitaminen und Mineralstoffen, damit Sie gut aussehen und sich wohl f\u00fchlen und eine gesunde, ausgewogene Ern\u00e4hrung beibehalten.<\/span><\/p>\n<p><strong><span class=\"a-list-item\">KONTROLLIERT DEN BLUTZUCKER<\/span><\/strong><\/p>\n<p><span class=\"a-list-item\">Unser kraftvoller Shake enth\u00e4lt Chrom, das zur Aufrechterhaltung eines normalen Blutzuckerspiegels beitr\u00e4gt.<\/span><\/p>\n<p><strong><span class=\"a-list-item\">SCHNELL, EINFACH UND S\u00c4TTIGEND  <\/span><\/strong><\/p>\n<p><span class=\"a-list-item\">Unser praktischer Mahlzeitenersatz-Shake ist schnell und einfach zuzubereiten und enth\u00e4lt eine Vielzahl von Proteinen, die Ihnen helfen, l\u00e4nger satt zu bleiben und Ihre K\u00f6rperziele zu erreichen.<\/span><\/p>\n<p>&nbsp;<\/p>\n","protected":false},"excerpt":{"rendered":"<h4 id=\"title\" class=\"a-size-large a-spacing-none\"><span id=\"productTitle\" class=\"a-size-large product-title-word-break\">Alle Vitamine, die Sie f\u00fcr eine gesunde, ausgewogene Ern\u00e4hrung ben\u00f6tigen.  <\/span><\/h4>\n","protected":false},"featured_media":2729,"template":"","meta":{"site-sidebar-layout":"default","site-content-layout":"default","ast-site-content-layout":"default","site-content-style":"default","site-sidebar-style":"default","ast-global-header-display":"","ast-banner-title-visibility":"","ast-main-header-display":"","ast-hfb-above-header-display":"","ast-hfb-below-header-display":"","ast-hfb-mobile-header-display":"","site-post-title":"","ast-breadcrumbs-content":"","ast-featured-img":"","footer-sml-layout":"","theme-transparent-header-meta":"default","adv-header-id-meta":"","stick-header-meta":"default","header-above-stick-meta":"","header-main-stick-meta":"","header-below-stick-meta":"","astra-migrate-meta-layouts":"default","ast-page-background-enabled":"default","ast-page-background-meta":{"desktop":{"background-color":"","background-image":"","background-repeat":"repeat","background-position":"center center","background-size":"auto","background-attachment":"scroll","background-type":"","background-media":"","overlay-type":"","overlay-color":"","overlay-opacity":"","overlay-gradient":""},"tablet":{"background-color":"","background-image":"","background-repeat":"repeat","background-position":"center center","background-size":"auto","background-attachment":"scroll","background-type":"","background-media":"","overlay-type":"","overlay-color":"","overlay-opacity":"","overlay-gradient":""},"mobile":{"background-color":"","background-image":"","background-repeat":"repeat","background-position":"center center","background-size":"auto","background-attachment":"scroll","background-type":"","background-media":"","overlay-type":"","overlay-color":"","overlay-opacity":"","overlay-gradient":""}},"ast-content-background-meta":{"desktop":{"background-color":"var(--ast-global-color-5)","background-image":"","background-repeat":"repeat","background-position":"center center","background-size":"auto","background-attachment":"scroll","background-type":"","background-media":"","overlay-type":"","overlay-color":"","overlay-opacity":"","overlay-gradient":""},"tablet":{"background-color":"var(--ast-global-color-5)","background-image":"","background-repeat":"repeat","background-position":"center center","background-size":"auto","background-attachment":"scroll","background-type":"","background-media":"","overlay-type":"","overlay-color":"","overlay-opacity":"","overlay-gradient":""},"mobile":{"background-color":"var(--ast-global-color-5)","background-image":"","background-repeat":"repeat","background-position":"center center","background-size":"auto","background-attachment":"scroll","background-type":"","background-media":"","overlay-type":"","overlay-color":"","overlay-opacity":"","overlay-gradient":""}}},"product_cat":[524],"product_tag":[],"class_list":{"0":"post-6690","1":"product","2":"type-product","3":"status-publish","4":"has-post-thumbnail","6":"product_cat-sporternahrung","7":"has-subscription-plans","8":"desktop-align-left","9":"tablet-align-left","10":"mobile-align-left","12":"first","13":"instock","14":"taxable","15":"shipping-taxable","16":"purchasable","17":"product-type-simple"},"yoast_head":"<!-- This site is optimized with the Yoast SEO plugin v22.7 - https:\/\/yoast.com\/wordpress\/plugins\/seo\/ -->\n<title>Nutrient-Dense Complete Meal Shake mit Erdbeergeschmack. - JeaKen<\/title>\n<meta name=\"robots\" content=\"index, follow, max-snippet:-1, max-image-preview:large, max-video-preview:-1\" \/>\n<link rel=\"canonical\" href=\"https:\/\/jeaken.com\/de\/produkt\/nutrient-dense-complete-meal-shake-mit-erdbeergeschmack\/\" \/>\n<meta property=\"og:locale\" content=\"de_DE\" \/>\n<meta property=\"og:type\" content=\"article\" \/>\n<meta property=\"og:title\" content=\"Nutrient-Dense Complete Meal Shake mit Erdbeergeschmack. - JeaKen\" \/>\n<meta property=\"og:description\" content=\"Alle Vitamine, die Sie f\u00fcr eine gesunde, ausgewogene Ern\u00e4hrung ben\u00f6tigen.\" \/>\n<meta property=\"og:url\" content=\"https:\/\/jeaken.com\/de\/produkt\/nutrient-dense-complete-meal-shake-mit-erdbeergeschmack\/\" \/>\n<meta property=\"og:site_name\" content=\"JeaKen\" \/>\n<meta property=\"article:modified_time\" content=\"2022-08-09T12:26:41+00:00\" \/>\n<meta property=\"og:image\" content=\"https:\/\/jeaken.com\/wp-content\/uploads\/2022\/07\/81YFuX2E2L._AC_SL1500_.jpg\" \/>\n\t<meta property=\"og:image:width\" content=\"600\" \/>\n\t<meta property=\"og:image:height\" content=\"600\" \/>\n\t<meta property=\"og:image:type\" content=\"image\/jpeg\" \/>\n<meta name=\"twitter:card\" content=\"summary_large_image\" \/>\n<meta name=\"twitter:label1\" content=\"Est. reading time\" \/>\n\t<meta name=\"twitter:data1\" content=\"1 minute\" \/>\n<script type=\"application\/ld+json\" class=\"yoast-schema-graph\">{\"@context\":\"https:\/\/schema.org\",\"@graph\":[{\"@type\":\"WebPage\",\"@id\":\"https:\/\/jeaken.com\/de\/produkt\/nutrient-dense-complete-meal-shake-mit-erdbeergeschmack\/\",\"url\":\"https:\/\/jeaken.com\/de\/produkt\/nutrient-dense-complete-meal-shake-mit-erdbeergeschmack\/\",\"name\":\"Nutrient-Dense Complete Meal Shake mit Erdbeergeschmack. - JeaKen\",\"isPartOf\":{\"@id\":\"https:\/\/jeaken.com\/de\/#website\"},\"primaryImageOfPage\":{\"@id\":\"https:\/\/jeaken.com\/de\/produkt\/nutrient-dense-complete-meal-shake-mit-erdbeergeschmack\/#primaryimage\"},\"image\":{\"@id\":\"https:\/\/jeaken.com\/de\/produkt\/nutrient-dense-complete-meal-shake-mit-erdbeergeschmack\/#primaryimage\"},\"thumbnailUrl\":\"https:\/\/jeaken.com\/wp-content\/uploads\/2022\/07\/81YFuX2E2L._AC_SL1500_.jpg\",\"datePublished\":\"2022-07-21T18:18:22+00:00\",\"dateModified\":\"2022-08-09T12:26:41+00:00\",\"breadcrumb\":{\"@id\":\"https:\/\/jeaken.com\/de\/produkt\/nutrient-dense-complete-meal-shake-mit-erdbeergeschmack\/#breadcrumb\"},\"inLanguage\":\"de-DE\",\"potentialAction\":[{\"@type\":\"ReadAction\",\"target\":[\"https:\/\/jeaken.com\/de\/produkt\/nutrient-dense-complete-meal-shake-mit-erdbeergeschmack\/\"]}]},{\"@type\":\"ImageObject\",\"inLanguage\":\"de-DE\",\"@id\":\"https:\/\/jeaken.com\/de\/produkt\/nutrient-dense-complete-meal-shake-mit-erdbeergeschmack\/#primaryimage\",\"url\":\"https:\/\/jeaken.com\/wp-content\/uploads\/2022\/07\/81YFuX2E2L._AC_SL1500_.jpg\",\"contentUrl\":\"https:\/\/jeaken.com\/wp-content\/uploads\/2022\/07\/81YFuX2E2L._AC_SL1500_.jpg\",\"width\":600,\"height\":600,\"caption\":\"Shake Strawberry Nutrient\"},{\"@type\":\"BreadcrumbList\",\"@id\":\"https:\/\/jeaken.com\/de\/produkt\/nutrient-dense-complete-meal-shake-mit-erdbeergeschmack\/#breadcrumb\",\"itemListElement\":[{\"@type\":\"ListItem\",\"position\":1,\"name\":\"Home\",\"item\":\"https:\/\/jeaken.com\/de\/\"},{\"@type\":\"ListItem\",\"position\":2,\"name\":\"Private: Shop\",\"item\":\"https:\/\/jeaken.com\/shop\/\"},{\"@type\":\"ListItem\",\"position\":3,\"name\":\"Nutrient-Dense Complete Meal Shake mit Erdbeergeschmack.\"}]},{\"@type\":\"WebSite\",\"@id\":\"https:\/\/jeaken.com\/de\/#website\",\"url\":\"https:\/\/jeaken.com\/de\/\",\"name\":\"JeaKen\",\"description\":\"Organic Supplements for Health, Fitness and Nutrition\",\"publisher\":{\"@id\":\"https:\/\/jeaken.com\/de\/#organization\"},\"potentialAction\":[{\"@type\":\"SearchAction\",\"target\":{\"@type\":\"EntryPoint\",\"urlTemplate\":\"https:\/\/jeaken.com\/de\/?s={search_term_string}\"},\"query-input\":\"required name=search_term_string\"}],\"inLanguage\":\"de-DE\"},{\"@type\":\"Organization\",\"@id\":\"https:\/\/jeaken.com\/de\/#organization\",\"name\":\"JeaKen\",\"url\":\"https:\/\/jeaken.com\/de\/\",\"logo\":{\"@type\":\"ImageObject\",\"inLanguage\":\"de-DE\",\"@id\":\"https:\/\/jeaken.com\/de\/#\/schema\/logo\/image\/\",\"url\":\"https:\/\/jeaken.com\/wp-content\/uploads\/2022\/06\/jeaken-logo-23.png\",\"contentUrl\":\"https:\/\/jeaken.com\/wp-content\/uploads\/2022\/06\/jeaken-logo-23.png\",\"width\":2486,\"height\":736,\"caption\":\"JeaKen\"},\"image\":{\"@id\":\"https:\/\/jeaken.com\/de\/#\/schema\/logo\/image\/\"}}]}<\/script>\n<!-- \/ Yoast SEO plugin. -->","yoast_head_json":{"title":"Nutrient-Dense Complete Meal Shake mit Erdbeergeschmack. - JeaKen","robots":{"index":"index","follow":"follow","max-snippet":"max-snippet:-1","max-image-preview":"max-image-preview:large","max-video-preview":"max-video-preview:-1"},"canonical":"https:\/\/jeaken.com\/de\/produkt\/nutrient-dense-complete-meal-shake-mit-erdbeergeschmack\/","og_locale":"de_DE","og_type":"article","og_title":"Nutrient-Dense Complete Meal Shake mit Erdbeergeschmack. - JeaKen","og_description":"Alle Vitamine, die Sie f\u00fcr eine gesunde, ausgewogene Ern\u00e4hrung ben\u00f6tigen.","og_url":"https:\/\/jeaken.com\/de\/produkt\/nutrient-dense-complete-meal-shake-mit-erdbeergeschmack\/","og_site_name":"JeaKen","article_modified_time":"2022-08-09T12:26:41+00:00","og_image":[{"width":600,"height":600,"url":"https:\/\/jeaken.com\/wp-content\/uploads\/2022\/07\/81YFuX2E2L._AC_SL1500_.jpg","type":"image\/jpeg"}],"twitter_card":"summary_large_image","twitter_misc":{"Est. reading time":"1 minute"},"schema":{"@context":"https:\/\/schema.org","@graph":[{"@type":"WebPage","@id":"https:\/\/jeaken.com\/de\/produkt\/nutrient-dense-complete-meal-shake-mit-erdbeergeschmack\/","url":"https:\/\/jeaken.com\/de\/produkt\/nutrient-dense-complete-meal-shake-mit-erdbeergeschmack\/","name":"Nutrient-Dense Complete Meal Shake mit Erdbeergeschmack. - JeaKen","isPartOf":{"@id":"https:\/\/jeaken.com\/de\/#website"},"primaryImageOfPage":{"@id":"https:\/\/jeaken.com\/de\/produkt\/nutrient-dense-complete-meal-shake-mit-erdbeergeschmack\/#primaryimage"},"image":{"@id":"https:\/\/jeaken.com\/de\/produkt\/nutrient-dense-complete-meal-shake-mit-erdbeergeschmack\/#primaryimage"},"thumbnailUrl":"https:\/\/jeaken.com\/wp-content\/uploads\/2022\/07\/81YFuX2E2L._AC_SL1500_.jpg","datePublished":"2022-07-21T18:18:22+00:00","dateModified":"2022-08-09T12:26:41+00:00","breadcrumb":{"@id":"https:\/\/jeaken.com\/de\/produkt\/nutrient-dense-complete-meal-shake-mit-erdbeergeschmack\/#breadcrumb"},"inLanguage":"de-DE","potentialAction":[{"@type":"ReadAction","target":["https:\/\/jeaken.com\/de\/produkt\/nutrient-dense-complete-meal-shake-mit-erdbeergeschmack\/"]}]},{"@type":"ImageObject","inLanguage":"de-DE","@id":"https:\/\/jeaken.com\/de\/produkt\/nutrient-dense-complete-meal-shake-mit-erdbeergeschmack\/#primaryimage","url":"https:\/\/jeaken.com\/wp-content\/uploads\/2022\/07\/81YFuX2E2L._AC_SL1500_.jpg","contentUrl":"https:\/\/jeaken.com\/wp-content\/uploads\/2022\/07\/81YFuX2E2L._AC_SL1500_.jpg","width":600,"height":600,"caption":"Shake Strawberry Nutrient"},{"@type":"BreadcrumbList","@id":"https:\/\/jeaken.com\/de\/produkt\/nutrient-dense-complete-meal-shake-mit-erdbeergeschmack\/#breadcrumb","itemListElement":[{"@type":"ListItem","position":1,"name":"Home","item":"https:\/\/jeaken.com\/de\/"},{"@type":"ListItem","position":2,"name":"Private: Shop","item":"https:\/\/jeaken.com\/shop\/"},{"@type":"ListItem","position":3,"name":"Nutrient-Dense Complete Meal Shake mit Erdbeergeschmack."}]},{"@type":"WebSite","@id":"https:\/\/jeaken.com\/de\/#website","url":"https:\/\/jeaken.com\/de\/","name":"JeaKen","description":"Organic Supplements for Health, Fitness and Nutrition","publisher":{"@id":"https:\/\/jeaken.com\/de\/#organization"},"potentialAction":[{"@type":"SearchAction","target":{"@type":"EntryPoint","urlTemplate":"https:\/\/jeaken.com\/de\/?s={search_term_string}"},"query-input":"required name=search_term_string"}],"inLanguage":"de-DE"},{"@type":"Organization","@id":"https:\/\/jeaken.com\/de\/#organization","name":"JeaKen","url":"https:\/\/jeaken.com\/de\/","logo":{"@type":"ImageObject","inLanguage":"de-DE","@id":"https:\/\/jeaken.com\/de\/#\/schema\/logo\/image\/","url":"https:\/\/jeaken.com\/wp-content\/uploads\/2022\/06\/jeaken-logo-23.png","contentUrl":"https:\/\/jeaken.com\/wp-content\/uploads\/2022\/06\/jeaken-logo-23.png","width":2486,"height":736,"caption":"JeaKen"},"image":{"@id":"https:\/\/jeaken.com\/de\/#\/schema\/logo\/image\/"}}]}},"jetpack_sharing_enabled":true,"_links":{"self":[{"href":"https:\/\/jeaken.com\/de\/wp-json\/wp\/v2\/product\/6690","targetHints":{"allow":["GET"]}}],"collection":[{"href":"https:\/\/jeaken.com\/de\/wp-json\/wp\/v2\/product"}],"about":[{"href":"https:\/\/jeaken.com\/de\/wp-json\/wp\/v2\/types\/product"}],"wp:featuredmedia":[{"embeddable":true,"href":"https:\/\/jeaken.com\/de\/wp-json\/wp\/v2\/media\/2729"}],"wp:attachment":[{"href":"https:\/\/jeaken.com\/de\/wp-json\/wp\/v2\/media?parent=6690"}],"wp:term":[{"taxonomy":"product_cat","embeddable":true,"href":"https:\/\/jeaken.com\/de\/wp-json\/wp\/v2\/product_cat?post=6690"},{"taxonomy":"product_tag","embeddable":true,"href":"https:\/\/jeaken.com\/de\/wp-json\/wp\/v2\/product_tag?post=6690"}],"curies":[{"name":"wp","href":"https:\/\/api.w.org\/{rel}","templated":true}]}}