{"id":6689,"date":"2022-07-21T19:18:22","date_gmt":"2022-07-21T18:18:22","guid":{"rendered":"https:\/1658920591610?product=probiotika-mit-praebiotika"},"modified":"2022-09-08T13:57:51","modified_gmt":"2022-09-08T12:57:51","slug":"probiotika-mit-prabiotika","status":"publish","type":"product","link":"https:\/\/jeaken.com\/de\/produkt\/probiotika-mit-prabiotika\/","title":{"rendered":"Probiotika mit Pr\u00e4biotika"},"content":{"rendered":"<p><strong><span class=\"a-list-item a-size-base\">23 AKTIVE ST\u00c4NDE mit 40 MILLIARDEN CFUs<\/span><\/strong><\/p>\n<p><span class=\"a-list-item a-size-base\">Wir bieten den einzigen Biokulturen-Komplex mit 23 St\u00e4mmen an, die f\u00fcr die Aufrechterhaltung eines gesunden Verdauungssystems hoch gelobt werden.  <\/span><\/p>\n<p>&nbsp;<\/p>\n<p><strong><span class=\"a-list-item a-size-base\">DURCH MAGENS\u00c4URE \u00dcBERLEBEN  <\/span><\/strong><\/p>\n<p><span class=\"a-list-item a-size-base\">  Saccharomyces boullardii ist einer der am besten belegten, gut erforschten und international anerkannten St\u00e4mme, der nachweislich die Magens\u00e4ure \u00fcberlebt und den Darm lebend erreicht.<\/span><\/p>\n<p>&nbsp;<\/p>\n<p><strong><span class=\"a-list-item a-size-base\">ANGEREICHERT MIT PR\u00c4BIOTIKA  <\/span><\/strong><\/p>\n<p><span class=\"a-list-item a-size-base\">Im Gegensatz zu anderen Marken ist unser<\/span><span class=\"a-list-item a-size-base\">  Die Premium-Formel enth\u00e4lt zus\u00e4tzlich Inulin (Fructo-Oligosaccharid), ein bekanntes pr\u00e4biotisches Pulver mit hohem Ballaststoffgehalt. Wir machen die Einnahme mehrerer Nahrungserg\u00e4nzungsmittel \u00fcberfl\u00fcssig, denn wir haben alles in einem kombiniert!<\/span><\/p>\n<p>&nbsp;<\/p>\n<p><strong>BIETET ZAHLREICHE GESUNDHEITLICHE VORTEILE<\/strong><\/p>\n<p class=\"a-spacing-base\">Jede unserer erstklassigen Formeln wird von einem Team erfahrener Fachleute entwickelt, um sicherzustellen, dass die gr\u00f6\u00dften Vorteile erzielt werden. Dazu geh\u00f6ren eine bessere<span style=\"font-size: 16px;\">Gesundheit der Verdauung, n<\/span><span style=\"font-size: 16px;\">aturales Gleichgewicht. Verbesserung der Gesundheit des Immunsystems, verbesserte N\u00e4hrstoffaufnahme, Verringerung von Bl\u00e4hungen, Gewichtsabnahme, geringere M\u00fcdigkeit und bessere Stimmung.<\/span><\/p>\n<div class=\"amp-centerthirdcol-listbox\">\n<div class=\"a-box a-spacing-small a-color-alternate-background apm-listbox amp-centerthirdcol-listbox\">\n<div class=\"a-box-inner\"><\/div>\n<\/div>\n<\/div>\n<p>&nbsp;<\/p>\n<p><strong>MIT NAT\u00dcRLICHEN ZUTATEN HERGESTELLT<\/strong><\/p>\n<p>Unsere vegan-freundlichen Kapseln sind 100% rein und nat\u00fcrlich und enthalten keine gentechnisch ver\u00e4nderten Zutaten.<\/p>\n<p>&nbsp;<\/p>\n","protected":false},"excerpt":{"rendered":"<p class=\"a-spacing-small a-size-small a-color-secondary\"><strong>40 Milliarden CFU fortschrittliche Biokulturen zur Linderung von Bl\u00e4hungen und Darmgesundheit  <\/strong><\/p>\n<h4 class=\"a-spacing-small a-size-small a-color-secondary\"><\/h4>\n","protected":false},"featured_media":15807,"template":"","meta":{"site-sidebar-layout":"default","site-content-layout":"default","ast-site-content-layout":"default","site-content-style":"default","site-sidebar-style":"default","ast-global-header-display":"","ast-banner-title-visibility":"","ast-main-header-display":"","ast-hfb-above-header-display":"","ast-hfb-below-header-display":"","ast-hfb-mobile-header-display":"","site-post-title":"","ast-breadcrumbs-content":"","ast-featured-img":"","footer-sml-layout":"","theme-transparent-header-meta":"default","adv-header-id-meta":"","stick-header-meta":"default","header-above-stick-meta":"","header-main-stick-meta":"","header-below-stick-meta":"","astra-migrate-meta-layouts":"default","ast-page-background-enabled":"default","ast-page-background-meta":{"desktop":{"background-color":"","background-image":"","background-repeat":"repeat","background-position":"center center","background-size":"auto","background-attachment":"scroll","background-type":"","background-media":"","overlay-type":"","overlay-color":"","overlay-opacity":"","overlay-gradient":""},"tablet":{"background-color":"","background-image":"","background-repeat":"repeat","background-position":"center center","background-size":"auto","background-attachment":"scroll","background-type":"","background-media":"","overlay-type":"","overlay-color":"","overlay-opacity":"","overlay-gradient":""},"mobile":{"background-color":"","background-image":"","background-repeat":"repeat","background-position":"center center","background-size":"auto","background-attachment":"scroll","background-type":"","background-media":"","overlay-type":"","overlay-color":"","overlay-opacity":"","overlay-gradient":""}},"ast-content-background-meta":{"desktop":{"background-color":"var(--ast-global-color-5)","background-image":"","background-repeat":"repeat","background-position":"center center","background-size":"auto","background-attachment":"scroll","background-type":"","background-media":"","overlay-type":"","overlay-color":"","overlay-opacity":"","overlay-gradient":""},"tablet":{"background-color":"var(--ast-global-color-5)","background-image":"","background-repeat":"repeat","background-position":"center center","background-size":"auto","background-attachment":"scroll","background-type":"","background-media":"","overlay-type":"","overlay-color":"","overlay-opacity":"","overlay-gradient":""},"mobile":{"background-color":"var(--ast-global-color-5)","background-image":"","background-repeat":"repeat","background-position":"center center","background-size":"auto","background-attachment":"scroll","background-type":"","background-media":"","overlay-type":"","overlay-color":"","overlay-opacity":"","overlay-gradient":""}}},"product_cat":[521,522],"product_tag":[1684,1686,1687,1688,1685,1689,1690,1695,1698,1691,1692,1701],"class_list":{"0":"post-6689","1":"product","2":"type-product","3":"status-publish","4":"has-post-thumbnail","6":"product_cat-gesundheit-der-verdauung","7":"product_cat-linderung-von-blahungen","8":"product_tag-acidophilus-kapseln","9":"product_tag-candida-behandlung","10":"product_tag-darmgesundheit","11":"product_tag-laktobazillus-rhamnosus","12":"product_tag-linderung-von-blahungen","13":"product_tag-prabiotika-fur-erwachsene","14":"product_tag-pro-biotika-kapseln","15":"product_tag-probiotika-fur-erwachsene","16":"product_tag-probiotika-fur-frauen","17":"product_tag-probiotische-erganzung","18":"product_tag-probiotische-tabletten-de","19":"product_tag-soor-tabletten","20":"has-subscription-plans","21":"desktop-align-left","22":"tablet-align-left","23":"mobile-align-left","25":"first","26":"instock","27":"sale","28":"taxable","29":"shipping-taxable","30":"purchasable","31":"product-type-simple"},"yoast_head":"<!-- This site is optimized with the Yoast SEO plugin v22.7 - https:\/\/yoast.com\/wordpress\/plugins\/seo\/ -->\n<title>Probiotika mit Pr\u00e4biotika - JeaKen<\/title>\n<meta name=\"robots\" content=\"index, follow, max-snippet:-1, max-image-preview:large, max-video-preview:-1\" \/>\n<link rel=\"canonical\" href=\"https:\/\/jeaken.com\/de\/produkt\/probiotika-mit-prabiotika\/\" \/>\n<meta property=\"og:locale\" content=\"de_DE\" \/>\n<meta property=\"og:type\" content=\"article\" \/>\n<meta property=\"og:title\" content=\"Probiotika mit Pr\u00e4biotika - JeaKen\" \/>\n<meta property=\"og:description\" content=\"40 Milliarden CFU fortschrittliche Biokulturen zur Linderung von Bl\u00e4hungen und Darmgesundheit\" \/>\n<meta property=\"og:url\" content=\"https:\/\/jeaken.com\/de\/produkt\/probiotika-mit-prabiotika\/\" \/>\n<meta property=\"og:site_name\" content=\"JeaKen\" \/>\n<meta property=\"article:modified_time\" content=\"2022-09-08T12:57:51+00:00\" \/>\n<meta property=\"og:image\" content=\"https:\/\/jeaken.com\/wp-content\/uploads\/2022\/07\/Probiotics-60-1.jpg\" \/>\n\t<meta property=\"og:image:width\" content=\"512\" \/>\n\t<meta property=\"og:image:height\" content=\"600\" \/>\n\t<meta property=\"og:image:type\" content=\"image\/jpeg\" \/>\n<meta name=\"twitter:card\" content=\"summary_large_image\" \/>\n<meta name=\"twitter:label1\" content=\"Est. reading time\" \/>\n\t<meta name=\"twitter:data1\" content=\"1 minute\" \/>\n<script type=\"application\/ld+json\" class=\"yoast-schema-graph\">{\"@context\":\"https:\/\/schema.org\",\"@graph\":[{\"@type\":\"WebPage\",\"@id\":\"https:\/\/jeaken.com\/de\/produkt\/probiotika-mit-prabiotika\/\",\"url\":\"https:\/\/jeaken.com\/de\/produkt\/probiotika-mit-prabiotika\/\",\"name\":\"Probiotika mit Pr\u00e4biotika - JeaKen\",\"isPartOf\":{\"@id\":\"https:\/\/jeaken.com\/de\/#website\"},\"primaryImageOfPage\":{\"@id\":\"https:\/\/jeaken.com\/de\/produkt\/probiotika-mit-prabiotika\/#primaryimage\"},\"image\":{\"@id\":\"https:\/\/jeaken.com\/de\/produkt\/probiotika-mit-prabiotika\/#primaryimage\"},\"thumbnailUrl\":\"https:\/\/jeaken.com\/wp-content\/uploads\/2022\/07\/Probiotics-60-1.jpg\",\"datePublished\":\"2022-07-21T18:18:22+00:00\",\"dateModified\":\"2022-09-08T12:57:51+00:00\",\"breadcrumb\":{\"@id\":\"https:\/\/jeaken.com\/de\/produkt\/probiotika-mit-prabiotika\/#breadcrumb\"},\"inLanguage\":\"de-DE\",\"potentialAction\":[{\"@type\":\"ReadAction\",\"target\":[\"https:\/\/jeaken.com\/de\/produkt\/probiotika-mit-prabiotika\/\"]}]},{\"@type\":\"ImageObject\",\"inLanguage\":\"de-DE\",\"@id\":\"https:\/\/jeaken.com\/de\/produkt\/probiotika-mit-prabiotika\/#primaryimage\",\"url\":\"https:\/\/jeaken.com\/wp-content\/uploads\/2022\/07\/Probiotics-60-1.jpg\",\"contentUrl\":\"https:\/\/jeaken.com\/wp-content\/uploads\/2022\/07\/Probiotics-60-1.jpg\",\"width\":512,\"height\":600,\"caption\":\"23 Strains Probiotics with Prebiotics\"},{\"@type\":\"BreadcrumbList\",\"@id\":\"https:\/\/jeaken.com\/de\/produkt\/probiotika-mit-prabiotika\/#breadcrumb\",\"itemListElement\":[{\"@type\":\"ListItem\",\"position\":1,\"name\":\"Home\",\"item\":\"https:\/\/jeaken.com\/de\/\"},{\"@type\":\"ListItem\",\"position\":2,\"name\":\"Private: Shop\",\"item\":\"https:\/\/jeaken.com\/shop\/\"},{\"@type\":\"ListItem\",\"position\":3,\"name\":\"Probiotika mit Pr\u00e4biotika\"}]},{\"@type\":\"WebSite\",\"@id\":\"https:\/\/jeaken.com\/de\/#website\",\"url\":\"https:\/\/jeaken.com\/de\/\",\"name\":\"JeaKen\",\"description\":\"Organic Supplements for Health, Fitness and Nutrition\",\"publisher\":{\"@id\":\"https:\/\/jeaken.com\/de\/#organization\"},\"potentialAction\":[{\"@type\":\"SearchAction\",\"target\":{\"@type\":\"EntryPoint\",\"urlTemplate\":\"https:\/\/jeaken.com\/de\/?s={search_term_string}\"},\"query-input\":\"required name=search_term_string\"}],\"inLanguage\":\"de-DE\"},{\"@type\":\"Organization\",\"@id\":\"https:\/\/jeaken.com\/de\/#organization\",\"name\":\"JeaKen\",\"url\":\"https:\/\/jeaken.com\/de\/\",\"logo\":{\"@type\":\"ImageObject\",\"inLanguage\":\"de-DE\",\"@id\":\"https:\/\/jeaken.com\/de\/#\/schema\/logo\/image\/\",\"url\":\"https:\/\/jeaken.com\/wp-content\/uploads\/2022\/06\/jeaken-logo-23.png\",\"contentUrl\":\"https:\/\/jeaken.com\/wp-content\/uploads\/2022\/06\/jeaken-logo-23.png\",\"width\":2486,\"height\":736,\"caption\":\"JeaKen\"},\"image\":{\"@id\":\"https:\/\/jeaken.com\/de\/#\/schema\/logo\/image\/\"}}]}<\/script>\n<!-- \/ Yoast SEO plugin. -->","yoast_head_json":{"title":"Probiotika mit Pr\u00e4biotika - JeaKen","robots":{"index":"index","follow":"follow","max-snippet":"max-snippet:-1","max-image-preview":"max-image-preview:large","max-video-preview":"max-video-preview:-1"},"canonical":"https:\/\/jeaken.com\/de\/produkt\/probiotika-mit-prabiotika\/","og_locale":"de_DE","og_type":"article","og_title":"Probiotika mit Pr\u00e4biotika - JeaKen","og_description":"40 Milliarden CFU fortschrittliche Biokulturen zur Linderung von Bl\u00e4hungen und Darmgesundheit","og_url":"https:\/\/jeaken.com\/de\/produkt\/probiotika-mit-prabiotika\/","og_site_name":"JeaKen","article_modified_time":"2022-09-08T12:57:51+00:00","og_image":[{"width":512,"height":600,"url":"https:\/\/jeaken.com\/wp-content\/uploads\/2022\/07\/Probiotics-60-1.jpg","type":"image\/jpeg"}],"twitter_card":"summary_large_image","twitter_misc":{"Est. reading time":"1 minute"},"schema":{"@context":"https:\/\/schema.org","@graph":[{"@type":"WebPage","@id":"https:\/\/jeaken.com\/de\/produkt\/probiotika-mit-prabiotika\/","url":"https:\/\/jeaken.com\/de\/produkt\/probiotika-mit-prabiotika\/","name":"Probiotika mit Pr\u00e4biotika - JeaKen","isPartOf":{"@id":"https:\/\/jeaken.com\/de\/#website"},"primaryImageOfPage":{"@id":"https:\/\/jeaken.com\/de\/produkt\/probiotika-mit-prabiotika\/#primaryimage"},"image":{"@id":"https:\/\/jeaken.com\/de\/produkt\/probiotika-mit-prabiotika\/#primaryimage"},"thumbnailUrl":"https:\/\/jeaken.com\/wp-content\/uploads\/2022\/07\/Probiotics-60-1.jpg","datePublished":"2022-07-21T18:18:22+00:00","dateModified":"2022-09-08T12:57:51+00:00","breadcrumb":{"@id":"https:\/\/jeaken.com\/de\/produkt\/probiotika-mit-prabiotika\/#breadcrumb"},"inLanguage":"de-DE","potentialAction":[{"@type":"ReadAction","target":["https:\/\/jeaken.com\/de\/produkt\/probiotika-mit-prabiotika\/"]}]},{"@type":"ImageObject","inLanguage":"de-DE","@id":"https:\/\/jeaken.com\/de\/produkt\/probiotika-mit-prabiotika\/#primaryimage","url":"https:\/\/jeaken.com\/wp-content\/uploads\/2022\/07\/Probiotics-60-1.jpg","contentUrl":"https:\/\/jeaken.com\/wp-content\/uploads\/2022\/07\/Probiotics-60-1.jpg","width":512,"height":600,"caption":"23 Strains Probiotics with Prebiotics"},{"@type":"BreadcrumbList","@id":"https:\/\/jeaken.com\/de\/produkt\/probiotika-mit-prabiotika\/#breadcrumb","itemListElement":[{"@type":"ListItem","position":1,"name":"Home","item":"https:\/\/jeaken.com\/de\/"},{"@type":"ListItem","position":2,"name":"Private: Shop","item":"https:\/\/jeaken.com\/shop\/"},{"@type":"ListItem","position":3,"name":"Probiotika mit Pr\u00e4biotika"}]},{"@type":"WebSite","@id":"https:\/\/jeaken.com\/de\/#website","url":"https:\/\/jeaken.com\/de\/","name":"JeaKen","description":"Organic Supplements for Health, Fitness and Nutrition","publisher":{"@id":"https:\/\/jeaken.com\/de\/#organization"},"potentialAction":[{"@type":"SearchAction","target":{"@type":"EntryPoint","urlTemplate":"https:\/\/jeaken.com\/de\/?s={search_term_string}"},"query-input":"required name=search_term_string"}],"inLanguage":"de-DE"},{"@type":"Organization","@id":"https:\/\/jeaken.com\/de\/#organization","name":"JeaKen","url":"https:\/\/jeaken.com\/de\/","logo":{"@type":"ImageObject","inLanguage":"de-DE","@id":"https:\/\/jeaken.com\/de\/#\/schema\/logo\/image\/","url":"https:\/\/jeaken.com\/wp-content\/uploads\/2022\/06\/jeaken-logo-23.png","contentUrl":"https:\/\/jeaken.com\/wp-content\/uploads\/2022\/06\/jeaken-logo-23.png","width":2486,"height":736,"caption":"JeaKen"},"image":{"@id":"https:\/\/jeaken.com\/de\/#\/schema\/logo\/image\/"}}]}},"jetpack_sharing_enabled":true,"_links":{"self":[{"href":"https:\/\/jeaken.com\/de\/wp-json\/wp\/v2\/product\/6689","targetHints":{"allow":["GET"]}}],"collection":[{"href":"https:\/\/jeaken.com\/de\/wp-json\/wp\/v2\/product"}],"about":[{"href":"https:\/\/jeaken.com\/de\/wp-json\/wp\/v2\/types\/product"}],"wp:featuredmedia":[{"embeddable":true,"href":"https:\/\/jeaken.com\/de\/wp-json\/wp\/v2\/media\/15807"}],"wp:attachment":[{"href":"https:\/\/jeaken.com\/de\/wp-json\/wp\/v2\/media?parent=6689"}],"wp:term":[{"taxonomy":"product_cat","embeddable":true,"href":"https:\/\/jeaken.com\/de\/wp-json\/wp\/v2\/product_cat?post=6689"},{"taxonomy":"product_tag","embeddable":true,"href":"https:\/\/jeaken.com\/de\/wp-json\/wp\/v2\/product_tag?post=6689"}],"curies":[{"name":"wp","href":"https:\/\/api.w.org\/{rel}","templated":true}]}}