{"id":6684,"date":"2022-07-21T19:18:22","date_gmt":"2022-07-21T18:18:22","guid":{"rendered":"https:\/1658920591610?product=lions-mane-mushroom-capsules-nootropics-supplement-fuer-verbesserte-kognitive-und-immunologische-systemfunktion-5000-mg"},"modified":"2022-09-08T13:46:39","modified_gmt":"2022-09-08T12:46:39","slug":"lowenzahn-pilz-kapseln","status":"publish","type":"product","link":"https:\/\/jeaken.com\/de\/produkt\/lowenzahn-pilz-kapseln\/","title":{"rendered":"Lion&#8217;s Mane Mushroom Capsules &#8211; Nootropics Supplement f\u00fcr verbesserte kognitive und immunologische Systemfunktion. 5000 mg."},"content":{"rendered":"<p><strong><span class=\"a-list-item a-size-base\">UNTERST\u00dcTZT DIE KOGNITIVE FUNKTION  <\/span><\/strong><\/p>\n<p><span class=\"a-list-item a-size-base\">  Die L\u00f6wenm\u00e4hne ist ein bew\u00e4hrtes Mittel zur F\u00f6rderung des Gehirns, was sie zu einem beliebten Erg\u00e4nzungsmittel f\u00fcr Menschen macht, die arbeiten oder studieren. Unsere Kapseln f\u00f6rdern nicht nur das Ged\u00e4chtnis, sondern k\u00f6nnen auch helfen, geistigen Nebel zu beseitigen und das Gehirn und Nervensystem zu unterst\u00fctzen.<\/span><\/p>\n<p><strong style=\"font-size: 16px;\"><br \/>\nF\u00d6RDERT DIE GESUNDHEIT DER GELENKE<\/strong><\/p>\n<p><span style=\"font-size: 16px;\">Unsere bew\u00e4hrten Kapseln sind wirksam bei der Unterst\u00fctzung der Gelenkgesundheit und der St\u00e4rkung des Immunsystems.<\/span><\/p>\n<p>&nbsp;<\/p>\n<p><strong>VERBESSERT DIE GEISTIGE GESUNDHEIT<\/strong><\/p>\n<p>Der Reishi-Extrakt ist daf\u00fcr bekannt, dass er bei chronischen Atemwegserkrankungen hilft.<\/p>\n<p>&nbsp;<\/p>\n<p><strong>REGULIERT HORMONE<\/strong><\/p>\n<p>Unsere Kapseln sind hochwirksam bei der Regulierung der Hormone. Der Hormonhaushalt ist der Schl\u00fcssel zur Regulierung der sinnlichen Funktionen, der Stimmungsregulierung und vielem mehr.<\/p>\n<p>&nbsp;<\/p>\n<p><strong>CHAMPIGNON 10:1 EXTRAKT<\/strong><\/p>\n<p>Pilze haben eine z\u00e4he Zellwand aus Chitin, die der Mensch nur schwer verdauen kann. Diese Zellwand schr\u00e4nkt unseren Zugang zu den wichtigen medizinischen Verbindungen ein, die den Pilzen ihre wunderbare Wirkung verleihen.<\/p>\n<p>&nbsp;<\/p>\n<p><strong>NULL-KORN-F\u00dcLLSTOFFE<\/strong><\/p>\n<p>Viele Heilpilzprodukte enthalten eigentlich gar keine Pilze. Sie werden aus dem Wurzelsystem des Pilzes, dem so genannten Myzel, hergestellt, das auf K\u00f6rnern wie Reis, Hafer und Sorghum w\u00e4chst.<\/p>\n<p>&nbsp;<\/p>\n<p><strong>UNTERST\u00dcTZT DIE KOGNITIVE FUNKTION  <\/strong><\/p>\n<p><span style=\"font-weight: 400;\">Die L\u00f6wenm\u00e4hne ist ein bew\u00e4hrter kognitiver Booster, der wirksam ist, um geistigen Nebel zu beseitigen und das Gehirn und Nervensystem zu unterst\u00fctzen.<\/span><\/p>\n<p>&nbsp;<\/p>\n<p><strong>ST\u00c4RKT DAS IMMUNSYSTEM  <\/strong><\/p>\n<p><span style=\"font-weight: 400;\">Man nimmt an, dass der L\u00f6wenm\u00fctzenpilz die Immunfunktion verbessert und das Wachstum der guten Bakterien im Darm f\u00f6rdert.<\/span><\/p>\n<p>&nbsp;<\/p>\n<p><strong>TR\u00c4GT ZU EINEM NAT\u00dcRLICHEN STIMMUNGSAUSGLEICH BEI  <\/strong><\/p>\n<p><span style=\"font-weight: 400;\">Die Forschung zeigt, dass der L\u00f6wenm\u00fctzenpilz zu einer ruhigen, entspannten Stimmung beitragen kann. Es hat auch nervenregenerierende Eigenschaften, die zu einer guten Herzgesundheit beitragen k\u00f6nnen.  <\/span><\/p>\n<p>&nbsp;<\/p>\n","protected":false},"excerpt":{"rendered":"<h4><strong>Wirksame kognitive Erg\u00e4nzung zur Verbesserung von Fokus und Konzentration.  <\/strong><\/h4>\n","protected":false},"featured_media":16167,"template":"","meta":{"site-sidebar-layout":"default","site-content-layout":"default","ast-site-content-layout":"default","site-content-style":"default","site-sidebar-style":"default","ast-global-header-display":"","ast-banner-title-visibility":"","ast-main-header-display":"","ast-hfb-above-header-display":"","ast-hfb-below-header-display":"","ast-hfb-mobile-header-display":"","site-post-title":"","ast-breadcrumbs-content":"","ast-featured-img":"","footer-sml-layout":"","theme-transparent-header-meta":"default","adv-header-id-meta":"","stick-header-meta":"default","header-above-stick-meta":"","header-main-stick-meta":"","header-below-stick-meta":"","astra-migrate-meta-layouts":"default","ast-page-background-enabled":"default","ast-page-background-meta":{"desktop":{"background-color":"","background-image":"","background-repeat":"repeat","background-position":"center center","background-size":"auto","background-attachment":"scroll","background-type":"","background-media":"","overlay-type":"","overlay-color":"","overlay-opacity":"","overlay-gradient":""},"tablet":{"background-color":"","background-image":"","background-repeat":"repeat","background-position":"center center","background-size":"auto","background-attachment":"scroll","background-type":"","background-media":"","overlay-type":"","overlay-color":"","overlay-opacity":"","overlay-gradient":""},"mobile":{"background-color":"","background-image":"","background-repeat":"repeat","background-position":"center center","background-size":"auto","background-attachment":"scroll","background-type":"","background-media":"","overlay-type":"","overlay-color":"","overlay-opacity":"","overlay-gradient":""}},"ast-content-background-meta":{"desktop":{"background-color":"var(--ast-global-color-5)","background-image":"","background-repeat":"repeat","background-position":"center center","background-size":"auto","background-attachment":"scroll","background-type":"","background-media":"","overlay-type":"","overlay-color":"","overlay-opacity":"","overlay-gradient":""},"tablet":{"background-color":"var(--ast-global-color-5)","background-image":"","background-repeat":"repeat","background-position":"center center","background-size":"auto","background-attachment":"scroll","background-type":"","background-media":"","overlay-type":"","overlay-color":"","overlay-opacity":"","overlay-gradient":""},"mobile":{"background-color":"var(--ast-global-color-5)","background-image":"","background-repeat":"repeat","background-position":"center center","background-size":"auto","background-attachment":"scroll","background-type":"","background-media":"","overlay-type":"","overlay-color":"","overlay-opacity":"","overlay-gradient":""}}},"product_cat":[504,501,507,498],"product_tag":[],"class_list":{"0":"post-6684","1":"product","2":"type-product","3":"status-publish","4":"has-post-thumbnail","6":"product_cat-gehirn-booster","7":"product_cat-gesundheit-des-immunsystems","8":"product_cat-nahrungserganzungsmittel","9":"product_cat-stimmung-wohlbefinden","10":"has-subscription-plans","11":"desktop-align-left","12":"tablet-align-left","13":"mobile-align-left","15":"first","16":"instock","17":"sale","18":"taxable","19":"shipping-taxable","20":"purchasable","21":"product-type-simple"},"yoast_head":"<!-- This site is optimized with the Yoast SEO plugin v22.7 - https:\/\/yoast.com\/wordpress\/plugins\/seo\/ -->\n<title>Lion&#039;s Mane Mushroom Capsules - Nootropics Supplement f\u00fcr verbesserte kognitive und immunologische Systemfunktion. 5000 mg. - JeaKen<\/title>\n<meta name=\"robots\" content=\"index, follow, max-snippet:-1, max-image-preview:large, max-video-preview:-1\" \/>\n<link rel=\"canonical\" href=\"https:\/\/jeaken.com\/de\/produkt\/lowenzahn-pilz-kapseln\/\" \/>\n<meta property=\"og:locale\" content=\"de_DE\" \/>\n<meta property=\"og:type\" content=\"article\" \/>\n<meta property=\"og:title\" content=\"Lion&#039;s Mane Mushroom Capsules - Nootropics Supplement f\u00fcr verbesserte kognitive und immunologische Systemfunktion. 5000 mg. - JeaKen\" \/>\n<meta property=\"og:description\" content=\"Wirksame kognitive Erg\u00e4nzung zur Verbesserung von Fokus und Konzentration.\" \/>\n<meta property=\"og:url\" content=\"https:\/\/jeaken.com\/de\/produkt\/lowenzahn-pilz-kapseln\/\" \/>\n<meta property=\"og:site_name\" content=\"JeaKen\" \/>\n<meta property=\"article:modified_time\" content=\"2022-09-08T12:46:39+00:00\" \/>\n<meta property=\"og:image\" content=\"https:\/\/jeaken.com\/wp-content\/uploads\/2022\/07\/Lions-Mane.jpg\" \/>\n\t<meta property=\"og:image:width\" content=\"512\" \/>\n\t<meta property=\"og:image:height\" content=\"600\" \/>\n\t<meta property=\"og:image:type\" content=\"image\/jpeg\" \/>\n<meta name=\"twitter:card\" content=\"summary_large_image\" \/>\n<meta name=\"twitter:label1\" content=\"Est. reading time\" \/>\n\t<meta name=\"twitter:data1\" content=\"1 minute\" \/>\n<script type=\"application\/ld+json\" class=\"yoast-schema-graph\">{\"@context\":\"https:\/\/schema.org\",\"@graph\":[{\"@type\":\"WebPage\",\"@id\":\"https:\/\/jeaken.com\/de\/produkt\/lowenzahn-pilz-kapseln\/\",\"url\":\"https:\/\/jeaken.com\/de\/produkt\/lowenzahn-pilz-kapseln\/\",\"name\":\"Lion's Mane Mushroom Capsules - Nootropics Supplement f\u00fcr verbesserte kognitive und immunologische Systemfunktion. 5000 mg. - JeaKen\",\"isPartOf\":{\"@id\":\"https:\/\/jeaken.com\/de\/#website\"},\"primaryImageOfPage\":{\"@id\":\"https:\/\/jeaken.com\/de\/produkt\/lowenzahn-pilz-kapseln\/#primaryimage\"},\"image\":{\"@id\":\"https:\/\/jeaken.com\/de\/produkt\/lowenzahn-pilz-kapseln\/#primaryimage\"},\"thumbnailUrl\":\"https:\/\/jeaken.com\/wp-content\/uploads\/2022\/07\/Lions-Mane.jpg\",\"datePublished\":\"2022-07-21T18:18:22+00:00\",\"dateModified\":\"2022-09-08T12:46:39+00:00\",\"breadcrumb\":{\"@id\":\"https:\/\/jeaken.com\/de\/produkt\/lowenzahn-pilz-kapseln\/#breadcrumb\"},\"inLanguage\":\"de-DE\",\"potentialAction\":[{\"@type\":\"ReadAction\",\"target\":[\"https:\/\/jeaken.com\/de\/produkt\/lowenzahn-pilz-kapseln\/\"]}]},{\"@type\":\"ImageObject\",\"inLanguage\":\"de-DE\",\"@id\":\"https:\/\/jeaken.com\/de\/produkt\/lowenzahn-pilz-kapseln\/#primaryimage\",\"url\":\"https:\/\/jeaken.com\/wp-content\/uploads\/2022\/07\/Lions-Mane.jpg\",\"contentUrl\":\"https:\/\/jeaken.com\/wp-content\/uploads\/2022\/07\/Lions-Mane.jpg\",\"width\":512,\"height\":600,\"caption\":\"Lion\u2019s Mane\"},{\"@type\":\"BreadcrumbList\",\"@id\":\"https:\/\/jeaken.com\/de\/produkt\/lowenzahn-pilz-kapseln\/#breadcrumb\",\"itemListElement\":[{\"@type\":\"ListItem\",\"position\":1,\"name\":\"Home\",\"item\":\"https:\/\/jeaken.com\/de\/\"},{\"@type\":\"ListItem\",\"position\":2,\"name\":\"Private: Shop\",\"item\":\"https:\/\/jeaken.com\/shop\/\"},{\"@type\":\"ListItem\",\"position\":3,\"name\":\"Lion&#8217;s Mane Mushroom Capsules &#8211; Nootropics Supplement f\u00fcr verbesserte kognitive und immunologische Systemfunktion. 5000 mg.\"}]},{\"@type\":\"WebSite\",\"@id\":\"https:\/\/jeaken.com\/de\/#website\",\"url\":\"https:\/\/jeaken.com\/de\/\",\"name\":\"JeaKen\",\"description\":\"Organic Supplements for Health, Fitness and Nutrition\",\"publisher\":{\"@id\":\"https:\/\/jeaken.com\/de\/#organization\"},\"potentialAction\":[{\"@type\":\"SearchAction\",\"target\":{\"@type\":\"EntryPoint\",\"urlTemplate\":\"https:\/\/jeaken.com\/de\/?s={search_term_string}\"},\"query-input\":\"required name=search_term_string\"}],\"inLanguage\":\"de-DE\"},{\"@type\":\"Organization\",\"@id\":\"https:\/\/jeaken.com\/de\/#organization\",\"name\":\"JeaKen\",\"url\":\"https:\/\/jeaken.com\/de\/\",\"logo\":{\"@type\":\"ImageObject\",\"inLanguage\":\"de-DE\",\"@id\":\"https:\/\/jeaken.com\/de\/#\/schema\/logo\/image\/\",\"url\":\"https:\/\/jeaken.com\/wp-content\/uploads\/2022\/06\/jeaken-logo-23.png\",\"contentUrl\":\"https:\/\/jeaken.com\/wp-content\/uploads\/2022\/06\/jeaken-logo-23.png\",\"width\":2486,\"height\":736,\"caption\":\"JeaKen\"},\"image\":{\"@id\":\"https:\/\/jeaken.com\/de\/#\/schema\/logo\/image\/\"}}]}<\/script>\n<!-- \/ Yoast SEO plugin. -->","yoast_head_json":{"title":"Lion's Mane Mushroom Capsules - Nootropics Supplement f\u00fcr verbesserte kognitive und immunologische Systemfunktion. 5000 mg. - JeaKen","robots":{"index":"index","follow":"follow","max-snippet":"max-snippet:-1","max-image-preview":"max-image-preview:large","max-video-preview":"max-video-preview:-1"},"canonical":"https:\/\/jeaken.com\/de\/produkt\/lowenzahn-pilz-kapseln\/","og_locale":"de_DE","og_type":"article","og_title":"Lion's Mane Mushroom Capsules - Nootropics Supplement f\u00fcr verbesserte kognitive und immunologische Systemfunktion. 5000 mg. - JeaKen","og_description":"Wirksame kognitive Erg\u00e4nzung zur Verbesserung von Fokus und Konzentration.","og_url":"https:\/\/jeaken.com\/de\/produkt\/lowenzahn-pilz-kapseln\/","og_site_name":"JeaKen","article_modified_time":"2022-09-08T12:46:39+00:00","og_image":[{"width":512,"height":600,"url":"https:\/\/jeaken.com\/wp-content\/uploads\/2022\/07\/Lions-Mane.jpg","type":"image\/jpeg"}],"twitter_card":"summary_large_image","twitter_misc":{"Est. reading time":"1 minute"},"schema":{"@context":"https:\/\/schema.org","@graph":[{"@type":"WebPage","@id":"https:\/\/jeaken.com\/de\/produkt\/lowenzahn-pilz-kapseln\/","url":"https:\/\/jeaken.com\/de\/produkt\/lowenzahn-pilz-kapseln\/","name":"Lion's Mane Mushroom Capsules - Nootropics Supplement f\u00fcr verbesserte kognitive und immunologische Systemfunktion. 5000 mg. - JeaKen","isPartOf":{"@id":"https:\/\/jeaken.com\/de\/#website"},"primaryImageOfPage":{"@id":"https:\/\/jeaken.com\/de\/produkt\/lowenzahn-pilz-kapseln\/#primaryimage"},"image":{"@id":"https:\/\/jeaken.com\/de\/produkt\/lowenzahn-pilz-kapseln\/#primaryimage"},"thumbnailUrl":"https:\/\/jeaken.com\/wp-content\/uploads\/2022\/07\/Lions-Mane.jpg","datePublished":"2022-07-21T18:18:22+00:00","dateModified":"2022-09-08T12:46:39+00:00","breadcrumb":{"@id":"https:\/\/jeaken.com\/de\/produkt\/lowenzahn-pilz-kapseln\/#breadcrumb"},"inLanguage":"de-DE","potentialAction":[{"@type":"ReadAction","target":["https:\/\/jeaken.com\/de\/produkt\/lowenzahn-pilz-kapseln\/"]}]},{"@type":"ImageObject","inLanguage":"de-DE","@id":"https:\/\/jeaken.com\/de\/produkt\/lowenzahn-pilz-kapseln\/#primaryimage","url":"https:\/\/jeaken.com\/wp-content\/uploads\/2022\/07\/Lions-Mane.jpg","contentUrl":"https:\/\/jeaken.com\/wp-content\/uploads\/2022\/07\/Lions-Mane.jpg","width":512,"height":600,"caption":"Lion\u2019s Mane"},{"@type":"BreadcrumbList","@id":"https:\/\/jeaken.com\/de\/produkt\/lowenzahn-pilz-kapseln\/#breadcrumb","itemListElement":[{"@type":"ListItem","position":1,"name":"Home","item":"https:\/\/jeaken.com\/de\/"},{"@type":"ListItem","position":2,"name":"Private: Shop","item":"https:\/\/jeaken.com\/shop\/"},{"@type":"ListItem","position":3,"name":"Lion&#8217;s Mane Mushroom Capsules &#8211; Nootropics Supplement f\u00fcr verbesserte kognitive und immunologische Systemfunktion. 5000 mg."}]},{"@type":"WebSite","@id":"https:\/\/jeaken.com\/de\/#website","url":"https:\/\/jeaken.com\/de\/","name":"JeaKen","description":"Organic Supplements for Health, Fitness and Nutrition","publisher":{"@id":"https:\/\/jeaken.com\/de\/#organization"},"potentialAction":[{"@type":"SearchAction","target":{"@type":"EntryPoint","urlTemplate":"https:\/\/jeaken.com\/de\/?s={search_term_string}"},"query-input":"required name=search_term_string"}],"inLanguage":"de-DE"},{"@type":"Organization","@id":"https:\/\/jeaken.com\/de\/#organization","name":"JeaKen","url":"https:\/\/jeaken.com\/de\/","logo":{"@type":"ImageObject","inLanguage":"de-DE","@id":"https:\/\/jeaken.com\/de\/#\/schema\/logo\/image\/","url":"https:\/\/jeaken.com\/wp-content\/uploads\/2022\/06\/jeaken-logo-23.png","contentUrl":"https:\/\/jeaken.com\/wp-content\/uploads\/2022\/06\/jeaken-logo-23.png","width":2486,"height":736,"caption":"JeaKen"},"image":{"@id":"https:\/\/jeaken.com\/de\/#\/schema\/logo\/image\/"}}]}},"jetpack_sharing_enabled":true,"_links":{"self":[{"href":"https:\/\/jeaken.com\/de\/wp-json\/wp\/v2\/product\/6684","targetHints":{"allow":["GET"]}}],"collection":[{"href":"https:\/\/jeaken.com\/de\/wp-json\/wp\/v2\/product"}],"about":[{"href":"https:\/\/jeaken.com\/de\/wp-json\/wp\/v2\/types\/product"}],"wp:featuredmedia":[{"embeddable":true,"href":"https:\/\/jeaken.com\/de\/wp-json\/wp\/v2\/media\/16167"}],"wp:attachment":[{"href":"https:\/\/jeaken.com\/de\/wp-json\/wp\/v2\/media?parent=6684"}],"wp:term":[{"taxonomy":"product_cat","embeddable":true,"href":"https:\/\/jeaken.com\/de\/wp-json\/wp\/v2\/product_cat?post=6684"},{"taxonomy":"product_tag","embeddable":true,"href":"https:\/\/jeaken.com\/de\/wp-json\/wp\/v2\/product_tag?post=6684"}],"curies":[{"name":"wp","href":"https:\/\/api.w.org\/{rel}","templated":true}]}}