{"id":14553,"date":"2023-03-19T16:25:57","date_gmt":"2023-03-19T16:25:57","guid":{"rendered":"https:\/?post_type=product&#038;p=14553"},"modified":"2023-04-06T12:30:59","modified_gmt":"2023-04-06T11:30:59","slug":"gewichtsverlust-und-gut-gesundheit-bundle","status":"publish","type":"product","link":"https:\/\/jeaken.com\/de\/produkt\/gewichtsverlust-und-gut-gesundheit-bundle\/","title":{"rendered":"B\u00fcndel Gewichtsabnahme und Darmgesundheit"},"content":{"rendered":"<h2>B\u00fcndel Gewichtsabnahme und Darmgesundheit<\/h2>\n<p><span data-sheets-value=\"{\"1\":2,\"2\":\"The Weight Loss and Gut Health Bundle is a comprehensive package of three premium supplements designed to help you achieve your weight loss and digestive health goals. The Apple Cider Vinegar Capsules offer digestive support and may help with weight loss. The Colon Cleanse supplement is designed to eliminate toxins and waste from the body, promoting healthy digestion and weight loss. Additionally, the Green Tea Capsules provide natural antioxidants and energy to support weight loss efforts. With this bundle, you have the essential supplements to support your digestive health and weight loss journey.\"}\" data-sheets-userformat=\"{\"2\":897,\"3\":{\"1\":0},\"10\":0,\"11\":4,\"12\":0}\">Das Weight Loss and Gut Health Bundle ist ein umfassendes Paket aus drei hochwertigen Nahrungserg\u00e4nzungsmitteln, die Ihnen helfen, Ihre Ziele in Bezug auf Gewichtsabnahme und Verdauungsgesundheit zu erreichen. Die Apfelessig-Kapseln unterst\u00fctzen die Verdauung und k\u00f6nnen bei der Gewichtsabnahme helfen. Das Nahrungserg\u00e4nzungsmittel Colon Cleanse wurde entwickelt, um den K\u00f6rper von Gift- und Abfallstoffen zu befreien und eine gesunde Verdauung und Gewichtsabnahme zu f\u00f6rdern. Au\u00dferdem liefern die Gr\u00fcntee-Kapseln nat\u00fcrliche Antioxidantien und Energie zur Unterst\u00fctzung der Gewichtsabnahme. Mit diesem Paket erhalten Sie die wichtigsten Nahrungserg\u00e4nzungsmittel zur Unterst\u00fctzung Ihrer Verdauungsgesundheit und Ihres Abnehmvorhabens.<\/span><\/p>\n<p>&nbsp;<\/p>\n<h4 class=\"product_title entry-title elementor-heading-title elementor-size-default\"><strong>Gr\u00fcner Tee Kapseln &#8211; 850mg Gewichtsverlust Antioxidans Erg\u00e4nzungen (120 Tabletten)<\/strong><\/h4>\n<p>&nbsp;<\/p>\n<p><strong>BIETET ZAHLREICHE GESUNDHEITLICHE VORTEILE<\/strong><\/p>\n<p>Gr\u00fcner Tee wird in der chinesischen Medizin seit etwa 4.000 Jahren verwendet. Es bietet viele starke gesundheitliche Vorteile, wie z. B. die Senkung des Risikos f\u00fcr Herzkrankheiten und bestimmte Krebsarten, die Erh\u00f6hung des Verh\u00e4ltnisses von gutem (HDL-) Cholesterin zu schlechtem (LDL-) Cholesterin im Blut, die St\u00e4rkung des Immunsystems und die Unterst\u00fctzung durch Antioxidantien.<\/p>\n<p><strong>HILFT BEI DER GEWICHTSABNAHME<\/strong><\/p>\n<p>In Kombination mit einer gesunden Ern\u00e4hrung wirkt unser vegetarierfreundlicher gr\u00fcner Tee als wirksame Hilfe beim Abnehmen, indem er den Stoffwechsel anregt und den Appetit z\u00fcgelt.<\/p>\n<p><strong>STARKES NAT\u00dcRLICHES ANTIOXIDANS<\/strong><\/p>\n<p>Das im gr\u00fcnen Tee enthaltene EGCG ist f\u00fcr die meisten seiner antioxidativen Eigenschaften verantwortlich, die verhindern, dass freie Radikale die Zellen sch\u00e4digen.<\/p>\n<p><strong>VERBESSERT GED\u00c4CHTNIS UND KONZENTRATION<\/strong><\/p>\n<p>Die im Gr\u00fcntee-Extrakt enthaltenen Eigenschaften k\u00f6nnen dazu beitragen, die kognitiven F\u00e4higkeiten und das Ged\u00e4chtnis zu verbessern, so dass Sie den ganzen Tag \u00fcber aufmerksam und konzentriert bleiben.<\/p>\n<p>&nbsp;<\/p>\n<h4 class=\"product_title entry-title elementor-heading-title elementor-size-default\"><strong>Apfelessig &#8211; Stoffwechsel-Booster und Entgiftung &#8211; Angereichert mit Seagreens, Gr\u00fcnem Tee und Chrom (120 Kapseln)<\/strong><\/h4>\n<p>&nbsp;<\/p>\n<p><strong>MEHRERE GESUNDHEITLICHE VORTEILE  <\/strong><\/p>\n<p>Apfelessig wurde bereits vor \u00fcber 2000 Jahren von Hippokrates (dem &#8220;Vater der modernen Medizin&#8221;) verwendet und soll zu einer Vielzahl erstaunlicher gesundheitlicher Vorteile beitragen, darunter eine verbesserte Verdauungsgesundheit, ein h\u00f6heres Energieniveau und ein verbesserter Stoffwechsel. Unsere hochwirksamen Apfelessigkapseln liefern diese kraftvollen Vorteile in leicht zu schluckenden Kapseln.<\/p>\n<p><strong>UNTERST\u00dcTZT EINE GESUNDE GEWICHTSABNAHME  <\/strong><\/p>\n<p>Mehrere aktuelle Studien haben gezeigt, dass Apfelessig im Rahmen einer gesunden Ern\u00e4hrung beim Abnehmen helfen kann. Es kann auch die Verdauung f\u00f6rdern und Ihre allgemeine Gesundheit verbessern, indem es Ihnen hilft, mehr N\u00e4hrstoffe aus Ihrer Nahrung aufzunehmen.<\/p>\n<p><strong>EINZIGARTIGE MISCHUNG  <\/strong><\/p>\n<p>Unsere hochwertigen Apfelessigkapseln bieten optimale Ergebnisse durch ihre einzigartige Mischung aus Seegras, gr\u00fcnem Tee und Chrom. Ihre Gesundheit ist unsere Priorit\u00e4t. Unsere Kapseln werden im Vereinigten K\u00f6nigreich unter strengen Sicherheitsrichtlinien (GMP-Code of Practice) hergestellt, um Wirksamkeit, Qualit\u00e4t und Effektivit\u00e4t zu gew\u00e4hrleisten<\/p>\n<p><strong>GEEIGNET F\u00dcR VEGANER UND VEGETARIER  <\/strong><\/p>\n<p>Unsere Apfelessigkapseln bestehen zu 100% aus hochwertigen pflanzlichen Zutaten. Unsere Kapseln sind glutenfrei, laktosefrei, GMP-konform, GMO-frei und 100% vegan.<\/p>\n<h4 class=\"product_title entry-title elementor-heading-title elementor-size-default\"><strong>Body Cleanse And Detox Capsules &#8211; Zur Gewichtsabnahme und Darmreinigung (90 Kapseln)<\/strong><\/h4>\n<p>&nbsp;<\/p>\n<p><span class=\"a-list-item\"><strong>BESEITIGT GIFTSTOFFE<\/strong> <\/span><\/p>\n<p><span class=\"a-list-item\">Dieses leistungsstarke Produkt enth\u00e4lt 14 wichtige Inhaltsstoffe, die helfen, Giftstoffe aus dem K\u00f6rper zu sp\u00fclen.<\/span><\/p>\n<p><span class=\"a-list-item\"><strong>REDUZIERT BL\u00c4HUNGEN<\/strong> <\/span><\/p>\n<p><span class=\"a-list-item\">Unser Nahrungserg\u00e4nzungsmittel hilft, Bl\u00e4hungen zu reduzieren und gleichzeitig die Nahrungsaufnahme zu regulieren. Die regelm\u00e4\u00dfige Einnahme dieses Erg\u00e4nzungsmittels kann eine ausgleichende Wirkung auf das Verdauungssystem haben und die Symptome von Verstopfung und Verdauungsst\u00f6rungen lindern.<\/span><\/p>\n<p><strong><span class=\"a-list-item\">MAXIMIERT DEN GEWICHTSVERLUST  <\/span><\/strong><\/p>\n<p><span class=\"a-list-item\">Unsere Cleanse Detox-Kapseln befreien Sie nicht nur von Giftstoffen, sondern maximieren auch Ihren Gewichtsverlust, um Ihre Ziele f\u00fcr die Definition von fettfreier Masse zu erreichen.<\/span><\/p>\n<p><strong><span class=\"a-list-item\">BEW\u00c4HRTE PROBIOTISCHE KOMBINATION  <\/span><\/strong><\/p>\n<p><span class=\"a-list-item\">Um optimale Ergebnisse zu erzielen, haben wir die bew\u00e4hrten gesundheitlichen Eigenschaften von Psylliumschalen mit Inulin kombiniert, um Abfallstoffe aus Ihrem System zu sp\u00fclen und es mit den &#8220;freundlichen Bakterien&#8221; von Lactobacillus Acidophilus Probiotic aufzufrischen.<\/span><\/p>\n","protected":false},"excerpt":{"rendered":"<div class=\"group w-full text-gray-800 dark:text-gray-100 border-b border-black\/10 dark:border-gray-900\/50 bg-gray-50 dark:bg-[#444654]\">\n<div class=\"text-base gap-4 md:gap-6 md:max-w-2xl lg:max-w-2xl xl:max-w-3xl p-4 md:py-6 flex lg:px-0 m-auto\">\n<div class=\"relative flex w-[calc(100%-50px)] flex-col gap-1 md:gap-3 lg:w-[calc(100%-115px)]\">\n<div class=\"flex flex-grow flex-col gap-3\">\n<div class=\"min-h-[20px] flex flex-col items-start gap-4 whitespace-pre-wrap\">\n<div class=\"markdown prose w-full break-words dark:prose-invert dark\">\n<div class=\"group w-full text-gray-800 dark:text-gray-100 border-b border-black\/10 dark:border-gray-900\/50 bg-gray-50 dark:bg-[#444654]\">\n<div class=\"text-base gap-4 md:gap-6 md:max-w-2xl lg:max-w-2xl xl:max-w-3xl p-4 md:py-6 flex lg:px-0 m-auto\">\n<div class=\"relative flex w-[calc(100%-50px)] flex-col gap-1 md:gap-3 lg:w-[calc(100%-115px)]\">\n<div class=\"flex flex-grow flex-col gap-3\">\n<div class=\"min-h-[20px] flex flex-col items-start gap-4 whitespace-pre-wrap\">\n<div class=\"markdown prose w-full break-words dark:prose-invert dark\">\n<p>Das Bundle f\u00fcr Gewichtsverlust und Darmgesundheit kombiniert Apfelessig, Colon Cleanse und Gr\u00fcnteekapseln zur Unterst\u00fctzung der Verdauung, Entgiftung und Gewichtsabnahme, um Ihre Wellness-Reise zu verbessern.<\/p>\n<\/div>\n<\/div>\n<\/div>\n<\/div>\n<\/div>\n<\/div>\n<\/div>\n<\/div>\n<\/div>\n<\/div>\n<\/div>\n<\/div>\n","protected":false},"featured_media":16258,"template":"","meta":{"site-sidebar-layout":"default","site-content-layout":"default","ast-site-content-layout":"default","site-content-style":"default","site-sidebar-style":"default","ast-global-header-display":"","ast-banner-title-visibility":"","ast-main-header-display":"","ast-hfb-above-header-display":"","ast-hfb-below-header-display":"","ast-hfb-mobile-header-display":"","site-post-title":"","ast-breadcrumbs-content":"","ast-featured-img":"","footer-sml-layout":"","theme-transparent-header-meta":"default","adv-header-id-meta":"","stick-header-meta":"default","header-above-stick-meta":"","header-main-stick-meta":"","header-below-stick-meta":"","astra-migrate-meta-layouts":"default","ast-page-background-enabled":"default","ast-page-background-meta":{"desktop":{"background-color":"","background-image":"","background-repeat":"repeat","background-position":"center center","background-size":"auto","background-attachment":"scroll","background-type":"","background-media":"","overlay-type":"","overlay-color":"","overlay-opacity":"","overlay-gradient":""},"tablet":{"background-color":"","background-image":"","background-repeat":"repeat","background-position":"center center","background-size":"auto","background-attachment":"scroll","background-type":"","background-media":"","overlay-type":"","overlay-color":"","overlay-opacity":"","overlay-gradient":""},"mobile":{"background-color":"","background-image":"","background-repeat":"repeat","background-position":"center center","background-size":"auto","background-attachment":"scroll","background-type":"","background-media":"","overlay-type":"","overlay-color":"","overlay-opacity":"","overlay-gradient":""}},"ast-content-background-meta":{"desktop":{"background-color":"var(--ast-global-color-5)","background-image":"","background-repeat":"repeat","background-position":"center center","background-size":"auto","background-attachment":"scroll","background-type":"","background-media":"","overlay-type":"","overlay-color":"","overlay-opacity":"","overlay-gradient":""},"tablet":{"background-color":"var(--ast-global-color-5)","background-image":"","background-repeat":"repeat","background-position":"center center","background-size":"auto","background-attachment":"scroll","background-type":"","background-media":"","overlay-type":"","overlay-color":"","overlay-opacity":"","overlay-gradient":""},"mobile":{"background-color":"var(--ast-global-color-5)","background-image":"","background-repeat":"repeat","background-position":"center center","background-size":"auto","background-attachment":"scroll","background-type":"","background-media":"","overlay-type":"","overlay-color":"","overlay-opacity":"","overlay-gradient":""}}},"product_cat":[1215,504,741,507,498],"product_tag":[],"class_list":{"0":"post-14553","1":"product","2":"type-product","3":"status-publish","4":"has-post-thumbnail","6":"product_cat-ernahrung","7":"product_cat-gehirn-booster","8":"product_cat-gewichtsverlust","9":"product_cat-nahrungserganzungsmittel","10":"product_cat-stimmung-wohlbefinden","11":"has-subscription-plans","12":"desktop-align-left","13":"tablet-align-left","14":"mobile-align-left","16":"first","17":"instock","18":"taxable","19":"shipping-taxable","20":"purchasable","21":"product-type-simple"},"yoast_head":"<!-- This site is optimized with the Yoast SEO plugin v22.7 - https:\/\/yoast.com\/wordpress\/plugins\/seo\/ -->\n<title>B\u00fcndel Gewichtsabnahme und Darmgesundheit - JeaKen<\/title>\n<meta name=\"robots\" content=\"index, follow, max-snippet:-1, max-image-preview:large, max-video-preview:-1\" \/>\n<link rel=\"canonical\" href=\"https:\/\/jeaken.com\/de\/produkt\/gewichtsverlust-und-gut-gesundheit-bundle\/\" \/>\n<meta property=\"og:locale\" content=\"de_DE\" \/>\n<meta property=\"og:type\" content=\"article\" \/>\n<meta property=\"og:title\" content=\"B\u00fcndel Gewichtsabnahme und Darmgesundheit - JeaKen\" \/>\n<meta property=\"og:description\" content=\"Das Bundle f\u00fcr Gewichtsverlust und Darmgesundheit kombiniert Apfelessig, Colon Cleanse und Gr\u00fcnteekapseln zur Unterst\u00fctzung der Verdauung, Entgiftung und Gewichtsabnahme, um Ihre Wellness-Reise zu verbessern.\" \/>\n<meta property=\"og:url\" content=\"https:\/\/jeaken.com\/de\/produkt\/gewichtsverlust-und-gut-gesundheit-bundle\/\" \/>\n<meta property=\"og:site_name\" content=\"JeaKen\" \/>\n<meta property=\"article:modified_time\" content=\"2023-04-06T11:30:59+00:00\" \/>\n<meta property=\"og:image\" content=\"https:\/\/jeaken.com\/wp-content\/uploads\/2023\/03\/Combine3.jpg\" \/>\n\t<meta property=\"og:image:width\" content=\"972\" \/>\n\t<meta property=\"og:image:height\" content=\"972\" \/>\n\t<meta property=\"og:image:type\" content=\"image\/jpeg\" \/>\n<meta name=\"twitter:card\" content=\"summary_large_image\" \/>\n<meta name=\"twitter:label1\" content=\"Est. reading time\" \/>\n\t<meta name=\"twitter:data1\" content=\"3 minutes\" \/>\n<script type=\"application\/ld+json\" class=\"yoast-schema-graph\">{\"@context\":\"https:\/\/schema.org\",\"@graph\":[{\"@type\":\"WebPage\",\"@id\":\"https:\/\/jeaken.com\/de\/produkt\/gewichtsverlust-und-gut-gesundheit-bundle\/\",\"url\":\"https:\/\/jeaken.com\/de\/produkt\/gewichtsverlust-und-gut-gesundheit-bundle\/\",\"name\":\"B\u00fcndel Gewichtsabnahme und Darmgesundheit - JeaKen\",\"isPartOf\":{\"@id\":\"https:\/\/jeaken.com\/de\/#website\"},\"primaryImageOfPage\":{\"@id\":\"https:\/\/jeaken.com\/de\/produkt\/gewichtsverlust-und-gut-gesundheit-bundle\/#primaryimage\"},\"image\":{\"@id\":\"https:\/\/jeaken.com\/de\/produkt\/gewichtsverlust-und-gut-gesundheit-bundle\/#primaryimage\"},\"thumbnailUrl\":\"https:\/\/jeaken.com\/wp-content\/uploads\/2023\/03\/Combine3.jpg\",\"datePublished\":\"2023-03-19T16:25:57+00:00\",\"dateModified\":\"2023-04-06T11:30:59+00:00\",\"breadcrumb\":{\"@id\":\"https:\/\/jeaken.com\/de\/produkt\/gewichtsverlust-und-gut-gesundheit-bundle\/#breadcrumb\"},\"inLanguage\":\"de-DE\",\"potentialAction\":[{\"@type\":\"ReadAction\",\"target\":[\"https:\/\/jeaken.com\/de\/produkt\/gewichtsverlust-und-gut-gesundheit-bundle\/\"]}]},{\"@type\":\"ImageObject\",\"inLanguage\":\"de-DE\",\"@id\":\"https:\/\/jeaken.com\/de\/produkt\/gewichtsverlust-und-gut-gesundheit-bundle\/#primaryimage\",\"url\":\"https:\/\/jeaken.com\/wp-content\/uploads\/2023\/03\/Combine3.jpg\",\"contentUrl\":\"https:\/\/jeaken.com\/wp-content\/uploads\/2023\/03\/Combine3.jpg\",\"width\":972,\"height\":972,\"caption\":\"Weight Loss and Gut Health Bundle\"},{\"@type\":\"BreadcrumbList\",\"@id\":\"https:\/\/jeaken.com\/de\/produkt\/gewichtsverlust-und-gut-gesundheit-bundle\/#breadcrumb\",\"itemListElement\":[{\"@type\":\"ListItem\",\"position\":1,\"name\":\"Home\",\"item\":\"https:\/\/jeaken.com\/de\/\"},{\"@type\":\"ListItem\",\"position\":2,\"name\":\"Private: Shop\",\"item\":\"https:\/\/jeaken.com\/shop\/\"},{\"@type\":\"ListItem\",\"position\":3,\"name\":\"B\u00fcndel Gewichtsabnahme und Darmgesundheit\"}]},{\"@type\":\"WebSite\",\"@id\":\"https:\/\/jeaken.com\/de\/#website\",\"url\":\"https:\/\/jeaken.com\/de\/\",\"name\":\"JeaKen\",\"description\":\"Organic Supplements for Health, Fitness and Nutrition\",\"publisher\":{\"@id\":\"https:\/\/jeaken.com\/de\/#organization\"},\"potentialAction\":[{\"@type\":\"SearchAction\",\"target\":{\"@type\":\"EntryPoint\",\"urlTemplate\":\"https:\/\/jeaken.com\/de\/?s={search_term_string}\"},\"query-input\":\"required name=search_term_string\"}],\"inLanguage\":\"de-DE\"},{\"@type\":\"Organization\",\"@id\":\"https:\/\/jeaken.com\/de\/#organization\",\"name\":\"JeaKen\",\"url\":\"https:\/\/jeaken.com\/de\/\",\"logo\":{\"@type\":\"ImageObject\",\"inLanguage\":\"de-DE\",\"@id\":\"https:\/\/jeaken.com\/de\/#\/schema\/logo\/image\/\",\"url\":\"https:\/\/jeaken.com\/wp-content\/uploads\/2022\/06\/jeaken-logo-23.png\",\"contentUrl\":\"https:\/\/jeaken.com\/wp-content\/uploads\/2022\/06\/jeaken-logo-23.png\",\"width\":2486,\"height\":736,\"caption\":\"JeaKen\"},\"image\":{\"@id\":\"https:\/\/jeaken.com\/de\/#\/schema\/logo\/image\/\"}}]}<\/script>\n<!-- \/ Yoast SEO plugin. -->","yoast_head_json":{"title":"B\u00fcndel Gewichtsabnahme und Darmgesundheit - JeaKen","robots":{"index":"index","follow":"follow","max-snippet":"max-snippet:-1","max-image-preview":"max-image-preview:large","max-video-preview":"max-video-preview:-1"},"canonical":"https:\/\/jeaken.com\/de\/produkt\/gewichtsverlust-und-gut-gesundheit-bundle\/","og_locale":"de_DE","og_type":"article","og_title":"B\u00fcndel Gewichtsabnahme und Darmgesundheit - JeaKen","og_description":"Das Bundle f\u00fcr Gewichtsverlust und Darmgesundheit kombiniert Apfelessig, Colon Cleanse und Gr\u00fcnteekapseln zur Unterst\u00fctzung der Verdauung, Entgiftung und Gewichtsabnahme, um Ihre Wellness-Reise zu verbessern.","og_url":"https:\/\/jeaken.com\/de\/produkt\/gewichtsverlust-und-gut-gesundheit-bundle\/","og_site_name":"JeaKen","article_modified_time":"2023-04-06T11:30:59+00:00","og_image":[{"width":972,"height":972,"url":"https:\/\/jeaken.com\/wp-content\/uploads\/2023\/03\/Combine3.jpg","type":"image\/jpeg"}],"twitter_card":"summary_large_image","twitter_misc":{"Est. reading time":"3 minutes"},"schema":{"@context":"https:\/\/schema.org","@graph":[{"@type":"WebPage","@id":"https:\/\/jeaken.com\/de\/produkt\/gewichtsverlust-und-gut-gesundheit-bundle\/","url":"https:\/\/jeaken.com\/de\/produkt\/gewichtsverlust-und-gut-gesundheit-bundle\/","name":"B\u00fcndel Gewichtsabnahme und Darmgesundheit - JeaKen","isPartOf":{"@id":"https:\/\/jeaken.com\/de\/#website"},"primaryImageOfPage":{"@id":"https:\/\/jeaken.com\/de\/produkt\/gewichtsverlust-und-gut-gesundheit-bundle\/#primaryimage"},"image":{"@id":"https:\/\/jeaken.com\/de\/produkt\/gewichtsverlust-und-gut-gesundheit-bundle\/#primaryimage"},"thumbnailUrl":"https:\/\/jeaken.com\/wp-content\/uploads\/2023\/03\/Combine3.jpg","datePublished":"2023-03-19T16:25:57+00:00","dateModified":"2023-04-06T11:30:59+00:00","breadcrumb":{"@id":"https:\/\/jeaken.com\/de\/produkt\/gewichtsverlust-und-gut-gesundheit-bundle\/#breadcrumb"},"inLanguage":"de-DE","potentialAction":[{"@type":"ReadAction","target":["https:\/\/jeaken.com\/de\/produkt\/gewichtsverlust-und-gut-gesundheit-bundle\/"]}]},{"@type":"ImageObject","inLanguage":"de-DE","@id":"https:\/\/jeaken.com\/de\/produkt\/gewichtsverlust-und-gut-gesundheit-bundle\/#primaryimage","url":"https:\/\/jeaken.com\/wp-content\/uploads\/2023\/03\/Combine3.jpg","contentUrl":"https:\/\/jeaken.com\/wp-content\/uploads\/2023\/03\/Combine3.jpg","width":972,"height":972,"caption":"Weight Loss and Gut Health Bundle"},{"@type":"BreadcrumbList","@id":"https:\/\/jeaken.com\/de\/produkt\/gewichtsverlust-und-gut-gesundheit-bundle\/#breadcrumb","itemListElement":[{"@type":"ListItem","position":1,"name":"Home","item":"https:\/\/jeaken.com\/de\/"},{"@type":"ListItem","position":2,"name":"Private: Shop","item":"https:\/\/jeaken.com\/shop\/"},{"@type":"ListItem","position":3,"name":"B\u00fcndel Gewichtsabnahme und Darmgesundheit"}]},{"@type":"WebSite","@id":"https:\/\/jeaken.com\/de\/#website","url":"https:\/\/jeaken.com\/de\/","name":"JeaKen","description":"Organic Supplements for Health, Fitness and Nutrition","publisher":{"@id":"https:\/\/jeaken.com\/de\/#organization"},"potentialAction":[{"@type":"SearchAction","target":{"@type":"EntryPoint","urlTemplate":"https:\/\/jeaken.com\/de\/?s={search_term_string}"},"query-input":"required name=search_term_string"}],"inLanguage":"de-DE"},{"@type":"Organization","@id":"https:\/\/jeaken.com\/de\/#organization","name":"JeaKen","url":"https:\/\/jeaken.com\/de\/","logo":{"@type":"ImageObject","inLanguage":"de-DE","@id":"https:\/\/jeaken.com\/de\/#\/schema\/logo\/image\/","url":"https:\/\/jeaken.com\/wp-content\/uploads\/2022\/06\/jeaken-logo-23.png","contentUrl":"https:\/\/jeaken.com\/wp-content\/uploads\/2022\/06\/jeaken-logo-23.png","width":2486,"height":736,"caption":"JeaKen"},"image":{"@id":"https:\/\/jeaken.com\/de\/#\/schema\/logo\/image\/"}}]}},"jetpack_sharing_enabled":true,"_links":{"self":[{"href":"https:\/\/jeaken.com\/de\/wp-json\/wp\/v2\/product\/14553","targetHints":{"allow":["GET"]}}],"collection":[{"href":"https:\/\/jeaken.com\/de\/wp-json\/wp\/v2\/product"}],"about":[{"href":"https:\/\/jeaken.com\/de\/wp-json\/wp\/v2\/types\/product"}],"wp:featuredmedia":[{"embeddable":true,"href":"https:\/\/jeaken.com\/de\/wp-json\/wp\/v2\/media\/16258"}],"wp:attachment":[{"href":"https:\/\/jeaken.com\/de\/wp-json\/wp\/v2\/media?parent=14553"}],"wp:term":[{"taxonomy":"product_cat","embeddable":true,"href":"https:\/\/jeaken.com\/de\/wp-json\/wp\/v2\/product_cat?post=14553"},{"taxonomy":"product_tag","embeddable":true,"href":"https:\/\/jeaken.com\/de\/wp-json\/wp\/v2\/product_tag?post=14553"}],"curies":[{"name":"wp","href":"https:\/\/api.w.org\/{rel}","templated":true}]}}