{"id":14537,"date":"2023-03-19T16:19:16","date_gmt":"2023-03-19T16:19:16","guid":{"rendered":"https:\/?post_type=product&#038;p=14537"},"modified":"2023-04-06T12:31:01","modified_gmt":"2023-04-06T11:31:01","slug":"bundel-aus-gewichtsreduzierung-und-mentaler-klarheit","status":"publish","type":"product","link":"https:\/\/jeaken.com\/de\/produkt\/bundel-aus-gewichtsreduzierung-und-mentaler-klarheit\/","title":{"rendered":"Bundle aus Gewichtsabnahme und geistiger Klarheit"},"content":{"rendered":"<h2>Bundle aus Gewichtsabnahme und geistiger Klarheit<\/h2>\n<p><span data-sheets-value=\"{\"1\":2,\"2\":\"The Weight Loss and Mental Clarity &amp; Focus Bundle is a powerful combination of three high-quality supplements designed to support your weight loss journey while also boosting cognitive function. The Apple Cider Vinegar Capsules offer additional digestive support and may aid in weight loss. The Super Mind Nootropics contain a blend of natural ingredients that help support cognitive function, including memory, focus, and mental clarity. Lastly, Green Tea Capsules provide a natural source of antioxidants and energy to support weight loss efforts. Whether you're looking to shed some extra pounds or improve your mental performance, this bundle can help you reach your goals.\"}\" data-sheets-userformat=\"{\"2\":897,\"3\":{\"1\":0},\"10\":0,\"11\":4,\"12\":0}\">Das Bundle Gewichtsabnahme und geistige Klarheit ist eine leistungsstarke Kombination aus drei hochwertigen Nahrungserg\u00e4nzungsmitteln, die Sie bei der Gewichtsabnahme unterst\u00fctzen und gleichzeitig Ihre kognitiven Funktionen f\u00f6rdern. Die Apfelessig-Kapseln bieten eine zus\u00e4tzliche Unterst\u00fctzung der Verdauung und k\u00f6nnen bei der Gewichtsabnahme helfen. Die Super Mind Nootropics enthalten eine Mischung aus nat\u00fcrlichen Inhaltsstoffen, die die kognitiven Funktionen, einschlie\u00dflich Ged\u00e4chtnis, Konzentration und geistige Klarheit, unterst\u00fctzen. Schlie\u00dflich bieten die Gr\u00fcntee-Kapseln eine nat\u00fcrliche Quelle von Antioxidantien und Energie zur Unterst\u00fctzung der Gewichtsabnahme. Ganz gleich, ob Sie ein paar \u00fcberfl\u00fcssige Pfunde loswerden oder Ihre geistige Leistungsf\u00e4higkeit verbessern wollen, dieses Paket kann Ihnen helfen, Ihre Ziele zu erreichen.<\/span><\/p>\n<p>&nbsp;<\/p>\n<h4 class=\"product_title entry-title elementor-heading-title elementor-size-default\"><strong>Gr\u00fcner Tee Kapseln &#8211; 850mg Gewichtsverlust Antioxidans Erg\u00e4nzungen (120 Tabletten)<\/strong><\/h4>\n<p>&nbsp;<\/p>\n<p><strong>BIETET ZAHLREICHE GESUNDHEITLICHE VORTEILE<\/strong><\/p>\n<p>Gr\u00fcner Tee wird in der chinesischen Medizin seit etwa 4.000 Jahren verwendet. Es bietet viele starke gesundheitliche Vorteile, wie z. B. die Senkung des Risikos f\u00fcr Herzkrankheiten und bestimmte Krebsarten, die Erh\u00f6hung des Verh\u00e4ltnisses von gutem (HDL-) Cholesterin zu schlechtem (LDL-) Cholesterin im Blut, die St\u00e4rkung des Immunsystems und die Unterst\u00fctzung durch Antioxidantien.<\/p>\n<p><strong>HILFT BEI DER GEWICHTSABNAHME<\/strong><\/p>\n<p>In Kombination mit einer gesunden Ern\u00e4hrung wirkt unser vegetarierfreundlicher gr\u00fcner Tee als wirksame Hilfe beim Abnehmen, indem er den Stoffwechsel anregt und den Appetit z\u00fcgelt.<\/p>\n<p><strong>STARKES NAT\u00dcRLICHES ANTIOXIDANS<\/strong><\/p>\n<p>Das im gr\u00fcnen Tee enthaltene EGCG ist f\u00fcr die meisten seiner antioxidativen Eigenschaften verantwortlich, die verhindern, dass freie Radikale die Zellen sch\u00e4digen.<\/p>\n<p><strong>VERBESSERT GED\u00c4CHTNIS UND KONZENTRATION<\/strong><\/p>\n<p>Die im Gr\u00fcntee-Extrakt enthaltenen Eigenschaften k\u00f6nnen dazu beitragen, die kognitiven F\u00e4higkeiten und das Ged\u00e4chtnis zu verbessern, so dass Sie den ganzen Tag \u00fcber aufmerksam und konzentriert bleiben.<\/p>\n<p>&nbsp;<\/p>\n<h4 class=\"product_title entry-title elementor-heading-title elementor-size-default\"><strong>Apfelessig &#8211; Stoffwechsel-Booster und Entgiftung &#8211; Angereichert mit Seagreens, Gr\u00fcnem Tee und Chrom (120 Kapseln)<\/strong><\/h4>\n<p>&nbsp;<\/p>\n<p><strong>MEHRERE GESUNDHEITLICHE VORTEILE  <\/strong><\/p>\n<p>Apfelessig wurde bereits vor \u00fcber 2000 Jahren von Hippokrates (dem &#8220;Vater der modernen Medizin&#8221;) verwendet und soll zu einer Vielzahl erstaunlicher gesundheitlicher Vorteile beitragen, darunter eine verbesserte Verdauungsgesundheit, ein h\u00f6heres Energieniveau und ein verbesserter Stoffwechsel. Unsere hochwirksamen Apfelessigkapseln liefern diese kraftvollen Vorteile in leicht zu schluckenden Kapseln.<\/p>\n<p><strong>UNTERST\u00dcTZT EINE GESUNDE GEWICHTSABNAHME  <\/strong><\/p>\n<p>Mehrere aktuelle Studien haben gezeigt, dass Apfelessig im Rahmen einer gesunden Ern\u00e4hrung beim Abnehmen helfen kann. Es kann auch die Verdauung f\u00f6rdern und Ihre allgemeine Gesundheit verbessern, indem es Ihnen hilft, mehr N\u00e4hrstoffe aus Ihrer Nahrung aufzunehmen.<\/p>\n<p><strong>EINZIGARTIGE MISCHUNG  <\/strong><\/p>\n<p>Unsere hochwertigen Apfelessigkapseln bieten optimale Ergebnisse durch ihre einzigartige Mischung aus Seegras, gr\u00fcnem Tee und Chrom. Ihre Gesundheit ist unsere Priorit\u00e4t. Unsere Kapseln werden im Vereinigten K\u00f6nigreich unter strengen Sicherheitsrichtlinien (GMP-Code of Practice) hergestellt, um Wirksamkeit, Qualit\u00e4t und Effektivit\u00e4t zu gew\u00e4hrleisten<\/p>\n<p><strong>GEEIGNET F\u00dcR VEGANER UND VEGETARIER  <\/strong><\/p>\n<p>Unsere Apfelessigkapseln bestehen zu 100% aus hochwertigen pflanzlichen Zutaten. Unsere Kapseln sind glutenfrei, laktosefrei, GMP-konform, GMO-frei und 100% vegan.<\/p>\n<p>&nbsp;<\/p>\n<h4 class=\"product_title entry-title elementor-heading-title elementor-size-default\"><strong>Super Mind Nootropics &#8211; 60 pflanzliche Kapseln<\/strong><\/h4>\n<p>&nbsp;<\/p>\n<ul class=\"a-unordered-list a-vertical a-spacing-none\">\n<li class=\"a-spacing-small\"><span class=\"a-list-item a-size-base\">VERST\u00c4RKT GED\u00c4CHTNIS, KONZENTRATION und AUFMERKSAMKEIT &#8211; Im Gegensatz zu vielen anderen Nahrungserg\u00e4nzungsmitteln f\u00fcr das Gehirn bestehen die JeaKen Nootropics Brain Boost Kapseln aus nat\u00fcrlichen Inhaltsstoffen wie Rhodiola Rosea, die helfen, die Konzentration und Aufmerksamkeit zu steigern, die geistige Energie zu erh\u00f6hen und das Ged\u00e4chtnis zu verbessern.  <\/span><\/li>\n<li class=\"a-spacing-small\"><span class=\"a-list-item a-size-base\">VERRINGERT DIE M\u00dcNDIGKEIT, VERBESSERT DIE KONZENTRATION &#8211; Guarana, eine im Amazonasgebiet beheimatete Pflanze, enth\u00e4lt von Natur aus Koffein, das sich als sehr wirksam bei der Verringerung der M\u00fcdigkeit und der Verbesserung der geistigen Konzentration erwiesen hat. Die Kombination von Koffein und Theanin hat sich als sehr wirksam f\u00fcr die Verbesserung der kognitiven Leistung erwiesen.  <\/span><\/li>\n<li class=\"a-spacing-small\"><span class=\"a-list-item a-size-base\">NUR DIE BESTEN ZUTATEN &#8211; Unser Nahrungserg\u00e4nzungsmittel f\u00fcr das Ged\u00e4chtnis besteht aus nat\u00fcrlichen Vitaminen, Mineralien und Kr\u00e4uterextrakten, ohne sch\u00e4dliche Zusatzstoffe, ohne GVO, frei von Hormonen und Gluten.  <\/span><\/li>\n<li class=\"a-spacing-small\"><span class=\"a-list-item a-size-base\">WISSENSCHAFTLICH GEST\u00dcTZT &#8211; Es wurde sorgf\u00e4ltig darauf geachtet, genau die richtige Menge jedes Inhaltsstoffes in einer fortschrittlichen Formel zu kombinieren, die zur Unterst\u00fctzung von Sauerstoff und Zirkulation in den Gehirnzellen und Neuronen entwickelt wurde, um Ged\u00e4chtnis, Konzentration und Klarheit zu f\u00f6rdern.<\/span><\/li>\n<\/ul>\n","protected":false},"excerpt":{"rendered":"<div class=\"group w-full text-gray-800 dark:text-gray-100 border-b border-black\/10 dark:border-gray-900\/50 bg-gray-50 dark:bg-[#444654]\">\n<div class=\"text-base gap-4 md:gap-6 md:max-w-2xl lg:max-w-2xl xl:max-w-3xl p-4 md:py-6 flex lg:px-0 m-auto\">\n<div class=\"relative flex w-[calc(100%-50px)] flex-col gap-1 md:gap-3 lg:w-[calc(100%-115px)]\">\n<div class=\"flex flex-grow flex-col gap-3\">\n<div class=\"min-h-[20px] flex flex-col items-start gap-4 whitespace-pre-wrap\">\n<div class=\"markdown prose w-full break-words dark:prose-invert dark\">\n<p>Das Bundle f\u00fcr Gewichtsabnahme und geistige Klarheit enth\u00e4lt Apfelessig, Super Mind Nootropics und Gr\u00fcnteekapseln f\u00fcr eine verbesserte Verdauung, Kognition und Unterst\u00fctzung bei der Gewichtsabnahme und hilft bei der Erreichung von Zielen.<\/p>\n<\/div>\n<\/div>\n<\/div>\n<\/div>\n<\/div>\n<\/div>\n","protected":false},"featured_media":16274,"template":"","meta":{"site-sidebar-layout":"default","site-content-layout":"default","ast-site-content-layout":"default","site-content-style":"default","site-sidebar-style":"default","ast-global-header-display":"","ast-banner-title-visibility":"","ast-main-header-display":"","ast-hfb-above-header-display":"","ast-hfb-below-header-display":"","ast-hfb-mobile-header-display":"","site-post-title":"","ast-breadcrumbs-content":"","ast-featured-img":"","footer-sml-layout":"","theme-transparent-header-meta":"default","adv-header-id-meta":"","stick-header-meta":"default","header-above-stick-meta":"","header-main-stick-meta":"","header-below-stick-meta":"","astra-migrate-meta-layouts":"default","ast-page-background-enabled":"default","ast-page-background-meta":{"desktop":{"background-color":"","background-image":"","background-repeat":"repeat","background-position":"center center","background-size":"auto","background-attachment":"scroll","background-type":"","background-media":"","overlay-type":"","overlay-color":"","overlay-opacity":"","overlay-gradient":""},"tablet":{"background-color":"","background-image":"","background-repeat":"repeat","background-position":"center center","background-size":"auto","background-attachment":"scroll","background-type":"","background-media":"","overlay-type":"","overlay-color":"","overlay-opacity":"","overlay-gradient":""},"mobile":{"background-color":"","background-image":"","background-repeat":"repeat","background-position":"center center","background-size":"auto","background-attachment":"scroll","background-type":"","background-media":"","overlay-type":"","overlay-color":"","overlay-opacity":"","overlay-gradient":""}},"ast-content-background-meta":{"desktop":{"background-color":"var(--ast-global-color-5)","background-image":"","background-repeat":"repeat","background-position":"center center","background-size":"auto","background-attachment":"scroll","background-type":"","background-media":"","overlay-type":"","overlay-color":"","overlay-opacity":"","overlay-gradient":""},"tablet":{"background-color":"var(--ast-global-color-5)","background-image":"","background-repeat":"repeat","background-position":"center center","background-size":"auto","background-attachment":"scroll","background-type":"","background-media":"","overlay-type":"","overlay-color":"","overlay-opacity":"","overlay-gradient":""},"mobile":{"background-color":"var(--ast-global-color-5)","background-image":"","background-repeat":"repeat","background-position":"center center","background-size":"auto","background-attachment":"scroll","background-type":"","background-media":"","overlay-type":"","overlay-color":"","overlay-opacity":"","overlay-gradient":""}}},"product_cat":[504,741],"product_tag":[],"class_list":{"0":"post-14537","1":"product","2":"type-product","3":"status-publish","4":"has-post-thumbnail","6":"product_cat-gehirn-booster","7":"product_cat-gewichtsverlust","8":"has-subscription-plans","9":"desktop-align-left","10":"tablet-align-left","11":"mobile-align-left","13":"first","14":"instock","15":"taxable","16":"shipping-taxable","17":"purchasable","18":"product-type-simple"},"yoast_head":"<!-- This site is optimized with the Yoast SEO plugin v22.7 - https:\/\/yoast.com\/wordpress\/plugins\/seo\/ -->\n<title>Bundle aus Gewichtsabnahme und geistiger Klarheit - JeaKen<\/title>\n<meta name=\"robots\" content=\"index, follow, max-snippet:-1, max-image-preview:large, max-video-preview:-1\" \/>\n<link rel=\"canonical\" href=\"https:\/\/jeaken.com\/de\/produkt\/bundel-aus-gewichtsreduzierung-und-mentaler-klarheit\/\" \/>\n<meta property=\"og:locale\" content=\"de_DE\" \/>\n<meta property=\"og:type\" content=\"article\" \/>\n<meta property=\"og:title\" content=\"Bundle aus Gewichtsabnahme und geistiger Klarheit - JeaKen\" \/>\n<meta property=\"og:description\" content=\"Das Bundle f\u00fcr Gewichtsabnahme und geistige Klarheit enth\u00e4lt Apfelessig, Super Mind Nootropics und Gr\u00fcnteekapseln f\u00fcr eine verbesserte Verdauung, Kognition und Unterst\u00fctzung bei der Gewichtsabnahme und hilft bei der Erreichung von Zielen.\" \/>\n<meta property=\"og:url\" content=\"https:\/\/jeaken.com\/de\/produkt\/bundel-aus-gewichtsreduzierung-und-mentaler-klarheit\/\" \/>\n<meta property=\"og:site_name\" content=\"JeaKen\" \/>\n<meta property=\"article:modified_time\" content=\"2023-04-06T11:31:01+00:00\" \/>\n<meta property=\"og:image\" content=\"https:\/\/jeaken.com\/wp-content\/uploads\/2023\/03\/Combine4.jpg\" \/>\n\t<meta property=\"og:image:width\" content=\"972\" \/>\n\t<meta property=\"og:image:height\" content=\"972\" \/>\n\t<meta property=\"og:image:type\" content=\"image\/jpeg\" \/>\n<meta name=\"twitter:card\" content=\"summary_large_image\" \/>\n<script type=\"application\/ld+json\" class=\"yoast-schema-graph\">{\"@context\":\"https:\/\/schema.org\",\"@graph\":[{\"@type\":\"WebPage\",\"@id\":\"https:\/\/jeaken.com\/de\/produkt\/bundel-aus-gewichtsreduzierung-und-mentaler-klarheit\/\",\"url\":\"https:\/\/jeaken.com\/de\/produkt\/bundel-aus-gewichtsreduzierung-und-mentaler-klarheit\/\",\"name\":\"Bundle aus Gewichtsabnahme und geistiger Klarheit - JeaKen\",\"isPartOf\":{\"@id\":\"https:\/\/jeaken.com\/de\/#website\"},\"primaryImageOfPage\":{\"@id\":\"https:\/\/jeaken.com\/de\/produkt\/bundel-aus-gewichtsreduzierung-und-mentaler-klarheit\/#primaryimage\"},\"image\":{\"@id\":\"https:\/\/jeaken.com\/de\/produkt\/bundel-aus-gewichtsreduzierung-und-mentaler-klarheit\/#primaryimage\"},\"thumbnailUrl\":\"https:\/\/jeaken.com\/wp-content\/uploads\/2023\/03\/Combine4.jpg\",\"datePublished\":\"2023-03-19T16:19:16+00:00\",\"dateModified\":\"2023-04-06T11:31:01+00:00\",\"breadcrumb\":{\"@id\":\"https:\/\/jeaken.com\/de\/produkt\/bundel-aus-gewichtsreduzierung-und-mentaler-klarheit\/#breadcrumb\"},\"inLanguage\":\"de-DE\",\"potentialAction\":[{\"@type\":\"ReadAction\",\"target\":[\"https:\/\/jeaken.com\/de\/produkt\/bundel-aus-gewichtsreduzierung-und-mentaler-klarheit\/\"]}]},{\"@type\":\"ImageObject\",\"inLanguage\":\"de-DE\",\"@id\":\"https:\/\/jeaken.com\/de\/produkt\/bundel-aus-gewichtsreduzierung-und-mentaler-klarheit\/#primaryimage\",\"url\":\"https:\/\/jeaken.com\/wp-content\/uploads\/2023\/03\/Combine4.jpg\",\"contentUrl\":\"https:\/\/jeaken.com\/wp-content\/uploads\/2023\/03\/Combine4.jpg\",\"width\":972,\"height\":972,\"caption\":\"Weight Loss And Mental Clarity Bundle\"},{\"@type\":\"BreadcrumbList\",\"@id\":\"https:\/\/jeaken.com\/de\/produkt\/bundel-aus-gewichtsreduzierung-und-mentaler-klarheit\/#breadcrumb\",\"itemListElement\":[{\"@type\":\"ListItem\",\"position\":1,\"name\":\"Home\",\"item\":\"https:\/\/jeaken.com\/de\/\"},{\"@type\":\"ListItem\",\"position\":2,\"name\":\"Private: Shop\",\"item\":\"https:\/\/jeaken.com\/shop\/\"},{\"@type\":\"ListItem\",\"position\":3,\"name\":\"Bundle aus Gewichtsabnahme und geistiger Klarheit\"}]},{\"@type\":\"WebSite\",\"@id\":\"https:\/\/jeaken.com\/de\/#website\",\"url\":\"https:\/\/jeaken.com\/de\/\",\"name\":\"JeaKen\",\"description\":\"Organic Supplements for Health, Fitness and Nutrition\",\"publisher\":{\"@id\":\"https:\/\/jeaken.com\/de\/#organization\"},\"potentialAction\":[{\"@type\":\"SearchAction\",\"target\":{\"@type\":\"EntryPoint\",\"urlTemplate\":\"https:\/\/jeaken.com\/de\/?s={search_term_string}\"},\"query-input\":\"required name=search_term_string\"}],\"inLanguage\":\"de-DE\"},{\"@type\":\"Organization\",\"@id\":\"https:\/\/jeaken.com\/de\/#organization\",\"name\":\"JeaKen\",\"url\":\"https:\/\/jeaken.com\/de\/\",\"logo\":{\"@type\":\"ImageObject\",\"inLanguage\":\"de-DE\",\"@id\":\"https:\/\/jeaken.com\/de\/#\/schema\/logo\/image\/\",\"url\":\"https:\/\/jeaken.com\/wp-content\/uploads\/2022\/06\/jeaken-logo-23.png\",\"contentUrl\":\"https:\/\/jeaken.com\/wp-content\/uploads\/2022\/06\/jeaken-logo-23.png\",\"width\":2486,\"height\":736,\"caption\":\"JeaKen\"},\"image\":{\"@id\":\"https:\/\/jeaken.com\/de\/#\/schema\/logo\/image\/\"}}]}<\/script>\n<!-- \/ Yoast SEO plugin. -->","yoast_head_json":{"title":"Bundle aus Gewichtsabnahme und geistiger Klarheit - JeaKen","robots":{"index":"index","follow":"follow","max-snippet":"max-snippet:-1","max-image-preview":"max-image-preview:large","max-video-preview":"max-video-preview:-1"},"canonical":"https:\/\/jeaken.com\/de\/produkt\/bundel-aus-gewichtsreduzierung-und-mentaler-klarheit\/","og_locale":"de_DE","og_type":"article","og_title":"Bundle aus Gewichtsabnahme und geistiger Klarheit - JeaKen","og_description":"Das Bundle f\u00fcr Gewichtsabnahme und geistige Klarheit enth\u00e4lt Apfelessig, Super Mind Nootropics und Gr\u00fcnteekapseln f\u00fcr eine verbesserte Verdauung, Kognition und Unterst\u00fctzung bei der Gewichtsabnahme und hilft bei der Erreichung von Zielen.","og_url":"https:\/\/jeaken.com\/de\/produkt\/bundel-aus-gewichtsreduzierung-und-mentaler-klarheit\/","og_site_name":"JeaKen","article_modified_time":"2023-04-06T11:31:01+00:00","og_image":[{"width":972,"height":972,"url":"https:\/\/jeaken.com\/wp-content\/uploads\/2023\/03\/Combine4.jpg","type":"image\/jpeg"}],"twitter_card":"summary_large_image","schema":{"@context":"https:\/\/schema.org","@graph":[{"@type":"WebPage","@id":"https:\/\/jeaken.com\/de\/produkt\/bundel-aus-gewichtsreduzierung-und-mentaler-klarheit\/","url":"https:\/\/jeaken.com\/de\/produkt\/bundel-aus-gewichtsreduzierung-und-mentaler-klarheit\/","name":"Bundle aus Gewichtsabnahme und geistiger Klarheit - JeaKen","isPartOf":{"@id":"https:\/\/jeaken.com\/de\/#website"},"primaryImageOfPage":{"@id":"https:\/\/jeaken.com\/de\/produkt\/bundel-aus-gewichtsreduzierung-und-mentaler-klarheit\/#primaryimage"},"image":{"@id":"https:\/\/jeaken.com\/de\/produkt\/bundel-aus-gewichtsreduzierung-und-mentaler-klarheit\/#primaryimage"},"thumbnailUrl":"https:\/\/jeaken.com\/wp-content\/uploads\/2023\/03\/Combine4.jpg","datePublished":"2023-03-19T16:19:16+00:00","dateModified":"2023-04-06T11:31:01+00:00","breadcrumb":{"@id":"https:\/\/jeaken.com\/de\/produkt\/bundel-aus-gewichtsreduzierung-und-mentaler-klarheit\/#breadcrumb"},"inLanguage":"de-DE","potentialAction":[{"@type":"ReadAction","target":["https:\/\/jeaken.com\/de\/produkt\/bundel-aus-gewichtsreduzierung-und-mentaler-klarheit\/"]}]},{"@type":"ImageObject","inLanguage":"de-DE","@id":"https:\/\/jeaken.com\/de\/produkt\/bundel-aus-gewichtsreduzierung-und-mentaler-klarheit\/#primaryimage","url":"https:\/\/jeaken.com\/wp-content\/uploads\/2023\/03\/Combine4.jpg","contentUrl":"https:\/\/jeaken.com\/wp-content\/uploads\/2023\/03\/Combine4.jpg","width":972,"height":972,"caption":"Weight Loss And Mental Clarity Bundle"},{"@type":"BreadcrumbList","@id":"https:\/\/jeaken.com\/de\/produkt\/bundel-aus-gewichtsreduzierung-und-mentaler-klarheit\/#breadcrumb","itemListElement":[{"@type":"ListItem","position":1,"name":"Home","item":"https:\/\/jeaken.com\/de\/"},{"@type":"ListItem","position":2,"name":"Private: Shop","item":"https:\/\/jeaken.com\/shop\/"},{"@type":"ListItem","position":3,"name":"Bundle aus Gewichtsabnahme und geistiger Klarheit"}]},{"@type":"WebSite","@id":"https:\/\/jeaken.com\/de\/#website","url":"https:\/\/jeaken.com\/de\/","name":"JeaKen","description":"Organic Supplements for Health, Fitness and Nutrition","publisher":{"@id":"https:\/\/jeaken.com\/de\/#organization"},"potentialAction":[{"@type":"SearchAction","target":{"@type":"EntryPoint","urlTemplate":"https:\/\/jeaken.com\/de\/?s={search_term_string}"},"query-input":"required name=search_term_string"}],"inLanguage":"de-DE"},{"@type":"Organization","@id":"https:\/\/jeaken.com\/de\/#organization","name":"JeaKen","url":"https:\/\/jeaken.com\/de\/","logo":{"@type":"ImageObject","inLanguage":"de-DE","@id":"https:\/\/jeaken.com\/de\/#\/schema\/logo\/image\/","url":"https:\/\/jeaken.com\/wp-content\/uploads\/2022\/06\/jeaken-logo-23.png","contentUrl":"https:\/\/jeaken.com\/wp-content\/uploads\/2022\/06\/jeaken-logo-23.png","width":2486,"height":736,"caption":"JeaKen"},"image":{"@id":"https:\/\/jeaken.com\/de\/#\/schema\/logo\/image\/"}}]}},"jetpack_sharing_enabled":true,"_links":{"self":[{"href":"https:\/\/jeaken.com\/de\/wp-json\/wp\/v2\/product\/14537","targetHints":{"allow":["GET"]}}],"collection":[{"href":"https:\/\/jeaken.com\/de\/wp-json\/wp\/v2\/product"}],"about":[{"href":"https:\/\/jeaken.com\/de\/wp-json\/wp\/v2\/types\/product"}],"wp:featuredmedia":[{"embeddable":true,"href":"https:\/\/jeaken.com\/de\/wp-json\/wp\/v2\/media\/16274"}],"wp:attachment":[{"href":"https:\/\/jeaken.com\/de\/wp-json\/wp\/v2\/media?parent=14537"}],"wp:term":[{"taxonomy":"product_cat","embeddable":true,"href":"https:\/\/jeaken.com\/de\/wp-json\/wp\/v2\/product_cat?post=14537"},{"taxonomy":"product_tag","embeddable":true,"href":"https:\/\/jeaken.com\/de\/wp-json\/wp\/v2\/product_tag?post=14537"}],"curies":[{"name":"wp","href":"https:\/\/api.w.org\/{rel}","templated":true}]}}