{"id":14473,"date":"2023-03-19T15:46:15","date_gmt":"2023-03-19T15:46:15","guid":{"rendered":"https:\/?post_type=product&#038;p=14473"},"modified":"2023-04-06T12:31:01","modified_gmt":"2023-04-06T11:31:01","slug":"darm-gesundheit-und-gewicht-verlust-bundle","status":"publish","type":"product","link":"https:\/\/jeaken.com\/de\/produkt\/darm-gesundheit-und-gewicht-verlust-bundle\/","title":{"rendered":"Bundle Darmgesundheit und Gewichtsabnahme"},"content":{"rendered":"<h2>Bundle Darmgesundheit und Gewichtsabnahme<\/h2>\n<p>Das Bundle f\u00fcr Darmgesundheit und Gewichtsabnahme enth\u00e4lt eine sorgf\u00e4ltig zusammengestellte Auswahl von drei wichtigen Produkten zur Unterst\u00fctzung Ihrer Wellness-Reise. Dieses Paket enth\u00e4lt Probiotika-Kapseln, eine Mischung aus 6 St\u00e4mmen von Probiotika und Pr\u00e4biotika f\u00fcr eine optimale Verdauungsgesundheit. Dar\u00fcber hinaus bieten die Gr\u00fcntee-Kapseln eine nat\u00fcrliche Energiequelle und Antioxidantien, die bei der Gewichtsabnahme helfen. Die Apfelessigkapseln schlie\u00dflich unterst\u00fctzen die Verdauung und k\u00f6nnen bei der Gewichtsabnahme helfen. Dieses Paket enth\u00e4lt alles, was Sie brauchen, um eine optimale Verdauungsgesundheit zu f\u00f6rdern und Ihre Ziele bei der Gewichtsabnahme zu unterst\u00fctzen.<\/p>\n<p>&nbsp;<\/p>\n<h4 class=\"product_title entry-title elementor-heading-title elementor-size-default\"><strong>6 St\u00e4mme Probiotika mit Pr\u00e4biotika &#8211; (90 Kapseln)<\/strong><\/h4>\n<p>&nbsp;<\/p>\n<p><strong>LINDERUNG VON BL\u00c4HUNGEN  <\/strong><\/p>\n<p>Unsere Kapseln stammen aus der Lactobacillus-Familie von Probiotika, die die wirksamsten Probiotika f\u00fcr die Erhaltung eines gesunden Verdauungssystems sind.<span class=\"a-list-item a-size-base\">  Unsere sorgf\u00e4ltig ausgew\u00e4hlten Bakterienst\u00e4mme geh\u00f6ren zu den besten, die daf\u00fcr bekannt sind, das Gef\u00fchl von Bl\u00e4hungen und V\u00f6llegef\u00fchl zu lindern.  <\/span><\/p>\n<p><span class=\"a-list-item a-size-base\"><strong>6 AKTIVE ST\u00c4MME MIT 10 MILLIARDEN KBE PRO PORTION<\/strong> <\/span><\/p>\n<p><span class=\"a-list-item a-size-base\">Unsere komplexen Probiotika bieten 6 besonders wirksame St\u00e4mme: Lactobacillus acidophillus, Lactobacillus rhamnosus, Lactobacillus gasseri, Bifidobacterium lactis, Bifidobacterium bifidus und Saccharomyces boullardii.<\/span><\/p>\n<p><strong>\u00dcBERLEBT DURCH DIE MAGENS\u00c4URE <\/strong><\/p>\n<p>Saccharomyces boulardii ist ein <span class=\"a-list-item a-size-base\">gut erforschtes,<\/span> international anerkanntes Probiotikum, das nachweislich die Magens\u00e4ure \u00fcberlebt und den Darm lebend erreicht.<\/p>\n<p><b>MEHRERE GESUNDHEITLICHE VORTEILE<\/b><\/p>\n<p>Unsere innovative Formel ist mit Inulin angereichert, einem pr\u00e4biotischen Ballaststoff mit starken gesundheitlichen Vorteilen wie verbesserter Immunit\u00e4t, verbesserter R<span class=\"a-list-item\"><br \/>\n  <span class=\"a-size-base\">egularit\u00e4t, bessere N<\/span><br \/>\n<\/span><span class=\"a-list-item\"><br \/>\n  <span class=\"a-size-base\">utrient Absorption, Gewichtsabnahme, verbesserte Gesundheit der Harnwege, verbesserte Cholesterinwerte und besserer Stoffwechsel.<\/span><br \/>\n<\/span><\/p>\n<p><strong>MIT NAT\u00dcRLICHEN ZUTATEN HERGESTELLT<\/strong><\/p>\n<p>Unsere vegan-freundlichen Kapseln sind 100% rein und nat\u00fcrlich und enthalten keine gentechnisch ver\u00e4nderten Zutaten.<\/p>\n<p>&nbsp;<\/p>\n<h4 class=\"product_title entry-title elementor-heading-title elementor-size-default\"><strong>Gr\u00fcner Tee Kapseln &#8211; 850mg Gewichtsverlust Antioxidans Erg\u00e4nzungen (120 Tabletten)<\/strong><\/h4>\n<p>&nbsp;<\/p>\n<p><strong>BIETET ZAHLREICHE GESUNDHEITLICHE VORTEILE<\/strong><\/p>\n<p>Gr\u00fcner Tee wird in der chinesischen Medizin seit etwa 4.000 Jahren verwendet. Es bietet viele starke gesundheitliche Vorteile, wie z. B. die Senkung des Risikos f\u00fcr Herzkrankheiten und bestimmte Krebsarten, die Erh\u00f6hung des Verh\u00e4ltnisses von gutem (HDL-) Cholesterin zu schlechtem (LDL-) Cholesterin im Blut, die St\u00e4rkung des Immunsystems und die Unterst\u00fctzung durch Antioxidantien.<\/p>\n<p><strong>HILFT BEI DER GEWICHTSABNAHME<\/strong><\/p>\n<p>In Kombination mit einer gesunden Ern\u00e4hrung wirkt unser vegetarierfreundlicher gr\u00fcner Tee als wirksame Hilfe beim Abnehmen, indem er den Stoffwechsel anregt und den Appetit z\u00fcgelt.<\/p>\n<p><strong>STARKES NAT\u00dcRLICHES ANTIOXIDANS<\/strong><\/p>\n<p>Das im gr\u00fcnen Tee enthaltene EGCG ist f\u00fcr die meisten seiner antioxidativen Eigenschaften verantwortlich, die verhindern, dass freie Radikale die Zellen sch\u00e4digen.<\/p>\n<p><strong>VERBESSERT GED\u00c4CHTNIS UND KONZENTRATION<\/strong><\/p>\n<p>Die im Gr\u00fcntee-Extrakt enthaltenen Eigenschaften k\u00f6nnen dazu beitragen, die kognitiven F\u00e4higkeiten und das Ged\u00e4chtnis zu verbessern, so dass Sie den ganzen Tag \u00fcber aufmerksam und konzentriert bleiben.<\/p>\n<p>&nbsp;<\/p>\n<h4 class=\"product_title entry-title elementor-heading-title elementor-size-default\"><strong>Apfelessig &#8211; Stoffwechsel-Booster und Entgiftung &#8211; Angereichert mit Seagreens, Gr\u00fcnem Tee und Chrom (120 Kapseln)<\/strong><\/h4>\n<p>&nbsp;<\/p>\n<p><strong>MEHRERE GESUNDHEITLICHE VORTEILE  <\/strong><\/p>\n<p>Apfelessig wurde bereits vor \u00fcber 2000 Jahren von Hippokrates (dem &#8220;Vater der modernen Medizin&#8221;) verwendet und soll zu einer Vielzahl erstaunlicher gesundheitlicher Vorteile beitragen, darunter eine verbesserte Verdauungsgesundheit, ein h\u00f6heres Energieniveau und ein verbesserter Stoffwechsel. Unsere hochwirksamen Apfelessigkapseln liefern diese kraftvollen Vorteile in leicht zu schluckenden Kapseln.<\/p>\n<p><strong>UNTERST\u00dcTZT EINE GESUNDE GEWICHTSABNAHME  <\/strong><\/p>\n<p>Mehrere aktuelle Studien haben gezeigt, dass Apfelessig im Rahmen einer gesunden Ern\u00e4hrung beim Abnehmen helfen kann. Es kann auch die Verdauung f\u00f6rdern und Ihre allgemeine Gesundheit verbessern, indem es Ihnen hilft, mehr N\u00e4hrstoffe aus Ihrer Nahrung aufzunehmen.<\/p>\n<p><strong>EINZIGARTIGE MISCHUNG  <\/strong><\/p>\n<p>Unsere hochwertigen Apfelessigkapseln bieten optimale Ergebnisse durch ihre einzigartige Mischung aus Seegras, gr\u00fcnem Tee und Chrom. Ihre Gesundheit ist unsere Priorit\u00e4t. Unsere Kapseln werden im Vereinigten K\u00f6nigreich unter strengen Sicherheitsrichtlinien (GMP-Code of Practice) hergestellt, um Wirksamkeit, Qualit\u00e4t und Effektivit\u00e4t zu gew\u00e4hrleisten<\/p>\n<p><strong>GEEIGNET F\u00dcR VEGANER UND VEGETARIER  <\/strong><\/p>\n<p>Unsere Apfelessigkapseln bestehen zu 100% aus hochwertigen pflanzlichen Zutaten. Unsere Kapseln sind glutenfrei, laktosefrei, GMP-konform, GMO-frei und 100% vegan.<\/p>\n","protected":false},"excerpt":{"rendered":"<div class=\"group w-full text-gray-800 dark:text-gray-100 border-b border-black\/10 dark:border-gray-900\/50 bg-gray-50 dark:bg-[#444654]\">\n<div class=\"text-base gap-4 md:gap-6 md:max-w-2xl lg:max-w-2xl xl:max-w-3xl p-4 md:py-6 flex lg:px-0 m-auto\">\n<div class=\"relative flex w-[calc(100%-50px)] flex-col gap-1 md:gap-3 lg:w-[calc(100%-115px)]\">\n<div class=\"flex flex-grow flex-col gap-3\">\n<div class=\"min-h-[20px] flex flex-col items-start gap-4 whitespace-pre-wrap\">\n<div class=\"markdown prose w-full break-words dark:prose-invert dark\">\n<p>Das Bundle Darmgesundheit und Gewichtsabnahme kombiniert Probiotika-Kapseln, Gr\u00fcntee-Kapseln und Apfelessig-Kapseln f\u00fcr eine verbesserte Verdauung, Energie und Gewichtsabnahme und f\u00f6rdert das allgemeine Wohlbefinden.<\/p>\n<\/div>\n<\/div>\n<\/div>\n<\/div>\n<\/div>\n<\/div>\n","protected":false},"featured_media":16231,"template":"","meta":{"site-sidebar-layout":"default","site-content-layout":"default","ast-site-content-layout":"default","site-content-style":"default","site-sidebar-style":"default","ast-global-header-display":"","ast-banner-title-visibility":"","ast-main-header-display":"","ast-hfb-above-header-display":"","ast-hfb-below-header-display":"","ast-hfb-mobile-header-display":"","site-post-title":"","ast-breadcrumbs-content":"","ast-featured-img":"","footer-sml-layout":"","theme-transparent-header-meta":"default","adv-header-id-meta":"","stick-header-meta":"default","header-above-stick-meta":"","header-main-stick-meta":"","header-below-stick-meta":"","astra-migrate-meta-layouts":"default","ast-page-background-enabled":"default","ast-page-background-meta":{"desktop":{"background-color":"","background-image":"","background-repeat":"repeat","background-position":"center center","background-size":"auto","background-attachment":"scroll","background-type":"","background-media":"","overlay-type":"","overlay-color":"","overlay-opacity":"","overlay-gradient":""},"tablet":{"background-color":"","background-image":"","background-repeat":"repeat","background-position":"center center","background-size":"auto","background-attachment":"scroll","background-type":"","background-media":"","overlay-type":"","overlay-color":"","overlay-opacity":"","overlay-gradient":""},"mobile":{"background-color":"","background-image":"","background-repeat":"repeat","background-position":"center center","background-size":"auto","background-attachment":"scroll","background-type":"","background-media":"","overlay-type":"","overlay-color":"","overlay-opacity":"","overlay-gradient":""}},"ast-content-background-meta":{"desktop":{"background-color":"var(--ast-global-color-5)","background-image":"","background-repeat":"repeat","background-position":"center center","background-size":"auto","background-attachment":"scroll","background-type":"","background-media":"","overlay-type":"","overlay-color":"","overlay-opacity":"","overlay-gradient":""},"tablet":{"background-color":"var(--ast-global-color-5)","background-image":"","background-repeat":"repeat","background-position":"center center","background-size":"auto","background-attachment":"scroll","background-type":"","background-media":"","overlay-type":"","overlay-color":"","overlay-opacity":"","overlay-gradient":""},"mobile":{"background-color":"var(--ast-global-color-5)","background-image":"","background-repeat":"repeat","background-position":"center center","background-size":"auto","background-attachment":"scroll","background-type":"","background-media":"","overlay-type":"","overlay-color":"","overlay-opacity":"","overlay-gradient":""}}},"product_cat":[1215,741,522,507,634],"product_tag":[],"class_list":{"0":"post-14473","1":"product","2":"type-product","3":"status-publish","4":"has-post-thumbnail","6":"product_cat-ernahrung","7":"product_cat-gewichtsverlust","8":"product_cat-linderung-von-blahungen","9":"product_cat-nahrungserganzungsmittel","10":"product_cat-vitamine-und-mineralien","11":"has-subscription-plans","12":"desktop-align-left","13":"tablet-align-left","14":"mobile-align-left","16":"first","17":"instock","18":"taxable","19":"shipping-taxable","20":"purchasable","21":"product-type-simple"},"yoast_head":"<!-- This site is optimized with the Yoast SEO plugin v22.7 - https:\/\/yoast.com\/wordpress\/plugins\/seo\/ -->\n<title>Bundle Darmgesundheit und Gewichtsabnahme - JeaKen<\/title>\n<meta name=\"robots\" content=\"index, follow, max-snippet:-1, max-image-preview:large, max-video-preview:-1\" \/>\n<link rel=\"canonical\" href=\"https:\/\/jeaken.com\/de\/produkt\/darm-gesundheit-und-gewicht-verlust-bundle\/\" \/>\n<meta property=\"og:locale\" content=\"de_DE\" \/>\n<meta property=\"og:type\" content=\"article\" \/>\n<meta property=\"og:title\" content=\"Bundle Darmgesundheit und Gewichtsabnahme - JeaKen\" \/>\n<meta property=\"og:description\" content=\"Das Bundle Darmgesundheit und Gewichtsabnahme kombiniert Probiotika-Kapseln, Gr\u00fcntee-Kapseln und Apfelessig-Kapseln f\u00fcr eine verbesserte Verdauung, Energie und Gewichtsabnahme und f\u00f6rdert das allgemeine Wohlbefinden.\" \/>\n<meta property=\"og:url\" content=\"https:\/\/jeaken.com\/de\/produkt\/darm-gesundheit-und-gewicht-verlust-bundle\/\" \/>\n<meta property=\"og:site_name\" content=\"JeaKen\" \/>\n<meta property=\"article:modified_time\" content=\"2023-04-06T11:31:01+00:00\" \/>\n<meta property=\"og:image\" content=\"https:\/\/jeaken.com\/wp-content\/uploads\/2023\/03\/Sans-titre-1.jpg\" \/>\n\t<meta property=\"og:image:width\" content=\"972\" \/>\n\t<meta property=\"og:image:height\" content=\"972\" \/>\n\t<meta property=\"og:image:type\" content=\"image\/jpeg\" \/>\n<meta name=\"twitter:card\" content=\"summary_large_image\" \/>\n<meta name=\"twitter:label1\" content=\"Est. reading time\" \/>\n\t<meta name=\"twitter:data1\" content=\"3 minutes\" \/>\n<script type=\"application\/ld+json\" class=\"yoast-schema-graph\">{\"@context\":\"https:\/\/schema.org\",\"@graph\":[{\"@type\":\"WebPage\",\"@id\":\"https:\/\/jeaken.com\/de\/produkt\/darm-gesundheit-und-gewicht-verlust-bundle\/\",\"url\":\"https:\/\/jeaken.com\/de\/produkt\/darm-gesundheit-und-gewicht-verlust-bundle\/\",\"name\":\"Bundle Darmgesundheit und Gewichtsabnahme - JeaKen\",\"isPartOf\":{\"@id\":\"https:\/\/jeaken.com\/de\/#website\"},\"primaryImageOfPage\":{\"@id\":\"https:\/\/jeaken.com\/de\/produkt\/darm-gesundheit-und-gewicht-verlust-bundle\/#primaryimage\"},\"image\":{\"@id\":\"https:\/\/jeaken.com\/de\/produkt\/darm-gesundheit-und-gewicht-verlust-bundle\/#primaryimage\"},\"thumbnailUrl\":\"https:\/\/jeaken.com\/wp-content\/uploads\/2023\/03\/Sans-titre-1.jpg\",\"datePublished\":\"2023-03-19T15:46:15+00:00\",\"dateModified\":\"2023-04-06T11:31:01+00:00\",\"breadcrumb\":{\"@id\":\"https:\/\/jeaken.com\/de\/produkt\/darm-gesundheit-und-gewicht-verlust-bundle\/#breadcrumb\"},\"inLanguage\":\"de-DE\",\"potentialAction\":[{\"@type\":\"ReadAction\",\"target\":[\"https:\/\/jeaken.com\/de\/produkt\/darm-gesundheit-und-gewicht-verlust-bundle\/\"]}]},{\"@type\":\"ImageObject\",\"inLanguage\":\"de-DE\",\"@id\":\"https:\/\/jeaken.com\/de\/produkt\/darm-gesundheit-und-gewicht-verlust-bundle\/#primaryimage\",\"url\":\"https:\/\/jeaken.com\/wp-content\/uploads\/2023\/03\/Sans-titre-1.jpg\",\"contentUrl\":\"https:\/\/jeaken.com\/wp-content\/uploads\/2023\/03\/Sans-titre-1.jpg\",\"width\":972,\"height\":972,\"caption\":\"Gut Health and Weight Loss Bundle\"},{\"@type\":\"BreadcrumbList\",\"@id\":\"https:\/\/jeaken.com\/de\/produkt\/darm-gesundheit-und-gewicht-verlust-bundle\/#breadcrumb\",\"itemListElement\":[{\"@type\":\"ListItem\",\"position\":1,\"name\":\"Home\",\"item\":\"https:\/\/jeaken.com\/de\/\"},{\"@type\":\"ListItem\",\"position\":2,\"name\":\"Private: Shop\",\"item\":\"https:\/\/jeaken.com\/shop\/\"},{\"@type\":\"ListItem\",\"position\":3,\"name\":\"Bundle Darmgesundheit und Gewichtsabnahme\"}]},{\"@type\":\"WebSite\",\"@id\":\"https:\/\/jeaken.com\/de\/#website\",\"url\":\"https:\/\/jeaken.com\/de\/\",\"name\":\"JeaKen\",\"description\":\"Organic Supplements for Health, Fitness and Nutrition\",\"publisher\":{\"@id\":\"https:\/\/jeaken.com\/de\/#organization\"},\"potentialAction\":[{\"@type\":\"SearchAction\",\"target\":{\"@type\":\"EntryPoint\",\"urlTemplate\":\"https:\/\/jeaken.com\/de\/?s={search_term_string}\"},\"query-input\":\"required name=search_term_string\"}],\"inLanguage\":\"de-DE\"},{\"@type\":\"Organization\",\"@id\":\"https:\/\/jeaken.com\/de\/#organization\",\"name\":\"JeaKen\",\"url\":\"https:\/\/jeaken.com\/de\/\",\"logo\":{\"@type\":\"ImageObject\",\"inLanguage\":\"de-DE\",\"@id\":\"https:\/\/jeaken.com\/de\/#\/schema\/logo\/image\/\",\"url\":\"https:\/\/jeaken.com\/wp-content\/uploads\/2022\/06\/jeaken-logo-23.png\",\"contentUrl\":\"https:\/\/jeaken.com\/wp-content\/uploads\/2022\/06\/jeaken-logo-23.png\",\"width\":2486,\"height\":736,\"caption\":\"JeaKen\"},\"image\":{\"@id\":\"https:\/\/jeaken.com\/de\/#\/schema\/logo\/image\/\"}}]}<\/script>\n<!-- \/ Yoast SEO plugin. -->","yoast_head_json":{"title":"Bundle Darmgesundheit und Gewichtsabnahme - JeaKen","robots":{"index":"index","follow":"follow","max-snippet":"max-snippet:-1","max-image-preview":"max-image-preview:large","max-video-preview":"max-video-preview:-1"},"canonical":"https:\/\/jeaken.com\/de\/produkt\/darm-gesundheit-und-gewicht-verlust-bundle\/","og_locale":"de_DE","og_type":"article","og_title":"Bundle Darmgesundheit und Gewichtsabnahme - JeaKen","og_description":"Das Bundle Darmgesundheit und Gewichtsabnahme kombiniert Probiotika-Kapseln, Gr\u00fcntee-Kapseln und Apfelessig-Kapseln f\u00fcr eine verbesserte Verdauung, Energie und Gewichtsabnahme und f\u00f6rdert das allgemeine Wohlbefinden.","og_url":"https:\/\/jeaken.com\/de\/produkt\/darm-gesundheit-und-gewicht-verlust-bundle\/","og_site_name":"JeaKen","article_modified_time":"2023-04-06T11:31:01+00:00","og_image":[{"width":972,"height":972,"url":"https:\/\/jeaken.com\/wp-content\/uploads\/2023\/03\/Sans-titre-1.jpg","type":"image\/jpeg"}],"twitter_card":"summary_large_image","twitter_misc":{"Est. reading time":"3 minutes"},"schema":{"@context":"https:\/\/schema.org","@graph":[{"@type":"WebPage","@id":"https:\/\/jeaken.com\/de\/produkt\/darm-gesundheit-und-gewicht-verlust-bundle\/","url":"https:\/\/jeaken.com\/de\/produkt\/darm-gesundheit-und-gewicht-verlust-bundle\/","name":"Bundle Darmgesundheit und Gewichtsabnahme - JeaKen","isPartOf":{"@id":"https:\/\/jeaken.com\/de\/#website"},"primaryImageOfPage":{"@id":"https:\/\/jeaken.com\/de\/produkt\/darm-gesundheit-und-gewicht-verlust-bundle\/#primaryimage"},"image":{"@id":"https:\/\/jeaken.com\/de\/produkt\/darm-gesundheit-und-gewicht-verlust-bundle\/#primaryimage"},"thumbnailUrl":"https:\/\/jeaken.com\/wp-content\/uploads\/2023\/03\/Sans-titre-1.jpg","datePublished":"2023-03-19T15:46:15+00:00","dateModified":"2023-04-06T11:31:01+00:00","breadcrumb":{"@id":"https:\/\/jeaken.com\/de\/produkt\/darm-gesundheit-und-gewicht-verlust-bundle\/#breadcrumb"},"inLanguage":"de-DE","potentialAction":[{"@type":"ReadAction","target":["https:\/\/jeaken.com\/de\/produkt\/darm-gesundheit-und-gewicht-verlust-bundle\/"]}]},{"@type":"ImageObject","inLanguage":"de-DE","@id":"https:\/\/jeaken.com\/de\/produkt\/darm-gesundheit-und-gewicht-verlust-bundle\/#primaryimage","url":"https:\/\/jeaken.com\/wp-content\/uploads\/2023\/03\/Sans-titre-1.jpg","contentUrl":"https:\/\/jeaken.com\/wp-content\/uploads\/2023\/03\/Sans-titre-1.jpg","width":972,"height":972,"caption":"Gut Health and Weight Loss Bundle"},{"@type":"BreadcrumbList","@id":"https:\/\/jeaken.com\/de\/produkt\/darm-gesundheit-und-gewicht-verlust-bundle\/#breadcrumb","itemListElement":[{"@type":"ListItem","position":1,"name":"Home","item":"https:\/\/jeaken.com\/de\/"},{"@type":"ListItem","position":2,"name":"Private: Shop","item":"https:\/\/jeaken.com\/shop\/"},{"@type":"ListItem","position":3,"name":"Bundle Darmgesundheit und Gewichtsabnahme"}]},{"@type":"WebSite","@id":"https:\/\/jeaken.com\/de\/#website","url":"https:\/\/jeaken.com\/de\/","name":"JeaKen","description":"Organic Supplements for Health, Fitness and Nutrition","publisher":{"@id":"https:\/\/jeaken.com\/de\/#organization"},"potentialAction":[{"@type":"SearchAction","target":{"@type":"EntryPoint","urlTemplate":"https:\/\/jeaken.com\/de\/?s={search_term_string}"},"query-input":"required name=search_term_string"}],"inLanguage":"de-DE"},{"@type":"Organization","@id":"https:\/\/jeaken.com\/de\/#organization","name":"JeaKen","url":"https:\/\/jeaken.com\/de\/","logo":{"@type":"ImageObject","inLanguage":"de-DE","@id":"https:\/\/jeaken.com\/de\/#\/schema\/logo\/image\/","url":"https:\/\/jeaken.com\/wp-content\/uploads\/2022\/06\/jeaken-logo-23.png","contentUrl":"https:\/\/jeaken.com\/wp-content\/uploads\/2022\/06\/jeaken-logo-23.png","width":2486,"height":736,"caption":"JeaKen"},"image":{"@id":"https:\/\/jeaken.com\/de\/#\/schema\/logo\/image\/"}}]}},"jetpack_sharing_enabled":true,"_links":{"self":[{"href":"https:\/\/jeaken.com\/de\/wp-json\/wp\/v2\/product\/14473","targetHints":{"allow":["GET"]}}],"collection":[{"href":"https:\/\/jeaken.com\/de\/wp-json\/wp\/v2\/product"}],"about":[{"href":"https:\/\/jeaken.com\/de\/wp-json\/wp\/v2\/types\/product"}],"wp:featuredmedia":[{"embeddable":true,"href":"https:\/\/jeaken.com\/de\/wp-json\/wp\/v2\/media\/16231"}],"wp:attachment":[{"href":"https:\/\/jeaken.com\/de\/wp-json\/wp\/v2\/media?parent=14473"}],"wp:term":[{"taxonomy":"product_cat","embeddable":true,"href":"https:\/\/jeaken.com\/de\/wp-json\/wp\/v2\/product_cat?post=14473"},{"taxonomy":"product_tag","embeddable":true,"href":"https:\/\/jeaken.com\/de\/wp-json\/wp\/v2\/product_tag?post=14473"}],"curies":[{"name":"wp","href":"https:\/\/api.w.org\/{rel}","templated":true}]}}