{"id":14423,"date":"2023-03-16T15:37:26","date_gmt":"2023-03-16T15:37:26","guid":{"rendered":"https:\/?post_type=product&#038;p=14423"},"modified":"2023-04-06T12:31:26","modified_gmt":"2023-04-06T11:31:26","slug":"darm-gesundheit-und-seelische-klarheit-bundle","status":"publish","type":"product","link":"https:\/\/jeaken.com\/de\/produkt\/darm-gesundheit-und-seelische-klarheit-bundle\/","title":{"rendered":"Bundle aus Darmgesundheit und geistiger Klarheit"},"content":{"rendered":"<h2>Bundle aus Darmgesundheit und geistiger Klarheit<\/h2>\n<p><span data-sheets-value=\"{\"1\":2,\"2\":\"The Digestive Health and Mental Clarity &amp; Focus Bundle is a potent combination of three key products designed to support your overall wellness. This bundle includes 6 Strains Probiotics with Prebiotics, a high-quality probiotic supplement that promotes healthy digestion and supports immune function. Green Tea Capsules are also included, providing a natural source of antioxidants to promote overall health and well-being. Additionally, Super Mind Nootropics, a vegan-friendly nootropic supplement, helps to support mental clarity and focus, promoting overall cognitive function. With this bundle, you'll have everything you need to support your digestive health and enhance your mental clarity and focus.\"}\" data-sheets-userformat=\"{\"2\":897,\"3\":{\"1\":0},\"10\":0,\"11\":4,\"12\":0}\">Das Bundle f\u00fcr Darmgesundheit und geistige Klarheit ist eine wirkungsvolle Kombination aus drei Schl\u00fcsselprodukten, die Ihr allgemeines Wohlbefinden unterst\u00fctzen. Dieses Paket enth\u00e4lt 6 St\u00e4mme Probiotika mit Pr\u00e4biotika, eine hochwertige probiotische Erg\u00e4nzung, die eine gesunde Verdauung f\u00f6rdert und die Immunfunktion unterst\u00fctzt. Au\u00dferdem sind Gr\u00fcntee-Kapseln enthalten, die eine nat\u00fcrliche Quelle von Antioxidantien zur F\u00f6rderung der allgemeinen Gesundheit und des Wohlbefindens darstellen. Dar\u00fcber hinaus tr\u00e4gt Super Mind Nootropics, ein veganes nootropisches Erg\u00e4nzungsmittel, dazu bei, geistige Klarheit und Konzentration zu unterst\u00fctzen und die kognitive Funktion insgesamt zu f\u00f6rdern. Mit diesem Paket haben Sie alles, was Sie brauchen, um Ihre Verdauungsgesundheit zu unterst\u00fctzen und Ihre geistige Klarheit und Konzentration zu verbessern.<\/span><\/p>\n<p>&nbsp;<\/p>\n<h4 class=\"product_title entry-title elementor-heading-title elementor-size-default\"><strong>6 St\u00e4mme Probiotika mit Pr\u00e4biotika &#8211; (90 Kapseln)<\/strong><\/h4>\n<p>&nbsp;<\/p>\n<p><strong>LINDERUNG VON BL\u00c4HUNGEN  <\/strong><\/p>\n<p>Unsere Kapseln stammen aus der Lactobacillus-Familie von Probiotika, die die wirksamsten Probiotika f\u00fcr die Erhaltung eines gesunden Verdauungssystems sind.<span class=\"a-list-item a-size-base\">  Unsere sorgf\u00e4ltig ausgew\u00e4hlten Bakterienst\u00e4mme geh\u00f6ren zu den besten, die daf\u00fcr bekannt sind, das Gef\u00fchl von Bl\u00e4hungen und V\u00f6llegef\u00fchl zu lindern.  <\/span><\/p>\n<p><span class=\"a-list-item a-size-base\"><strong>6 AKTIVE ST\u00c4MME MIT 10 MILLIARDEN KBE PRO PORTION<\/strong> <\/span><\/p>\n<p><span class=\"a-list-item a-size-base\">Unsere komplexen Probiotika bieten 6 besonders wirksame St\u00e4mme: Lactobacillus acidophillus, Lactobacillus rhamnosus, Lactobacillus gasseri, Bifidobacterium lactis, Bifidobacterium bifidus und Saccharomyces boullardii.<\/span><\/p>\n<p><strong>\u00dcBERLEBT DURCH DIE MAGENS\u00c4URE <\/strong><\/p>\n<p>Saccharomyces boulardii ist ein <span class=\"a-list-item a-size-base\">gut erforschtes,<\/span> international anerkanntes Probiotikum, das nachweislich die Magens\u00e4ure \u00fcberlebt und den Darm lebend erreicht.<\/p>\n<p><b>MEHRERE GESUNDHEITLICHE VORTEILE<\/b><\/p>\n<p>Unsere innovative Formel ist mit Inulin angereichert, einem pr\u00e4biotischen Ballaststoff mit starken gesundheitlichen Vorteilen wie verbesserter Immunit\u00e4t, verbesserter R<span class=\"a-list-item\"><br \/>\n  <span class=\"a-size-base\">egularit\u00e4t, bessere N<\/span><br \/>\n<\/span><span class=\"a-list-item\"><br \/>\n  <span class=\"a-size-base\">utrient Absorption, Gewichtsabnahme, verbesserte Gesundheit der Harnwege, verbesserte Cholesterinwerte und besserer Stoffwechsel.<\/span><br \/>\n<\/span><\/p>\n<p><strong>MIT NAT\u00dcRLICHEN ZUTATEN HERGESTELLT<\/strong><\/p>\n<p>Unsere vegan-freundlichen Kapseln sind 100% rein und nat\u00fcrlich und enthalten keine gentechnisch ver\u00e4nderten Zutaten.<\/p>\n<p>&nbsp;<\/p>\n<h4 class=\"product_title entry-title elementor-heading-title elementor-size-default\"><strong>Gr\u00fcner Tee Kapseln &#8211; 850mg Gewichtsverlust Antioxidans Erg\u00e4nzungen (120 Tabletten)<\/strong><\/h4>\n<p>&nbsp;<\/p>\n<p><strong>BIETET ZAHLREICHE GESUNDHEITLICHE VORTEILE<\/strong><\/p>\n<p>Gr\u00fcner Tee wird in der chinesischen Medizin seit etwa 4.000 Jahren verwendet. Es bietet viele starke gesundheitliche Vorteile, wie z. B. die Senkung des Risikos f\u00fcr Herzkrankheiten und bestimmte Krebsarten, die Erh\u00f6hung des Verh\u00e4ltnisses von gutem (HDL-) Cholesterin zu schlechtem (LDL-) Cholesterin im Blut, die St\u00e4rkung des Immunsystems und die Unterst\u00fctzung durch Antioxidantien.<\/p>\n<p><strong>HILFT BEI DER GEWICHTSABNAHME<\/strong><\/p>\n<p>In Kombination mit einer gesunden Ern\u00e4hrung wirkt unser vegetarierfreundlicher gr\u00fcner Tee als wirksame Hilfe beim Abnehmen, indem er den Stoffwechsel anregt und den Appetit z\u00fcgelt.<\/p>\n<p><strong>STARKES NAT\u00dcRLICHES ANTIOXIDANS<\/strong><\/p>\n<p>Das im gr\u00fcnen Tee enthaltene EGCG ist f\u00fcr die meisten seiner antioxidativen Eigenschaften verantwortlich, die verhindern, dass freie Radikale die Zellen sch\u00e4digen.<\/p>\n<p><strong>VERBESSERT GED\u00c4CHTNIS UND KONZENTRATION<\/strong><\/p>\n<p>Die im Gr\u00fcntee-Extrakt enthaltenen Eigenschaften k\u00f6nnen dazu beitragen, die kognitiven F\u00e4higkeiten und das Ged\u00e4chtnis zu verbessern, so dass Sie den ganzen Tag \u00fcber aufmerksam und konzentriert bleiben.<\/p>\n<h4 class=\"product_title entry-title elementor-heading-title elementor-size-default\"><strong>Super Mind Nootropics &#8211; 60 pflanzliche Kapseln<\/strong><\/h4>\n<p>&nbsp;<\/p>\n<ul class=\"a-unordered-list a-vertical a-spacing-none\">\n<li class=\"a-spacing-small\"><span class=\"a-list-item a-size-base\">VERST\u00c4RKT GED\u00c4CHTNIS, KONZENTRATION und AUFMERKSAMKEIT &#8211; Im Gegensatz zu vielen anderen Nahrungserg\u00e4nzungsmitteln f\u00fcr das Gehirn bestehen die JeaKen Nootropics Brain Boost Kapseln aus nat\u00fcrlichen Inhaltsstoffen wie Rhodiola Rosea, die helfen, die Konzentration und Aufmerksamkeit zu steigern, die geistige Energie zu erh\u00f6hen und das Ged\u00e4chtnis zu verbessern.  <\/span><\/li>\n<li class=\"a-spacing-small\"><span class=\"a-list-item a-size-base\">VERRINGERT DIE M\u00dcNDIGKEIT, VERBESSERT DIE KONZENTRATION &#8211; Guarana, eine im Amazonasgebiet beheimatete Pflanze, enth\u00e4lt von Natur aus Koffein, das sich als sehr wirksam bei der Verringerung der M\u00fcdigkeit und der Verbesserung der geistigen Konzentration erwiesen hat. Die Kombination von Koffein und Theanin hat sich als sehr wirksam f\u00fcr die Verbesserung der kognitiven Leistung erwiesen.  <\/span><\/li>\n<li class=\"a-spacing-small\"><span class=\"a-list-item a-size-base\">NUR DIE BESTEN ZUTATEN &#8211; Unser Nahrungserg\u00e4nzungsmittel f\u00fcr das Ged\u00e4chtnis besteht aus nat\u00fcrlichen Vitaminen, Mineralien und Kr\u00e4uterextrakten, ohne sch\u00e4dliche Zusatzstoffe, ohne GVO, frei von Hormonen und Gluten.  <\/span><\/li>\n<li class=\"a-spacing-small\"><span class=\"a-list-item a-size-base\">WISSENSCHAFTLICH GEST\u00dcTZT &#8211; Es wurde sorgf\u00e4ltig darauf geachtet, genau die richtige Menge jedes Inhaltsstoffes in einer fortschrittlichen Formel zu kombinieren, die zur Unterst\u00fctzung von Sauerstoff und Zirkulation in den Gehirnzellen und Neuronen entwickelt wurde, um Ged\u00e4chtnis, Konzentration und Klarheit zu f\u00f6rdern.<\/span><\/li>\n<\/ul>\n","protected":false},"excerpt":{"rendered":"<p>F\u00f6rdern Sie die Verdauung und die kognitiven Funktionen mit dem Bundle Darmgesundheit und geistige Klarheit, das Probiotika, gr\u00fcnen Tee und Nootropika f\u00fcr das allgemeine Wohlbefinden enth\u00e4lt.<\/p>\n","protected":false},"featured_media":16284,"template":"","meta":{"site-sidebar-layout":"default","site-content-layout":"default","ast-site-content-layout":"default","site-content-style":"default","site-sidebar-style":"default","ast-global-header-display":"","ast-banner-title-visibility":"","ast-main-header-display":"","ast-hfb-above-header-display":"","ast-hfb-below-header-display":"","ast-hfb-mobile-header-display":"","site-post-title":"","ast-breadcrumbs-content":"","ast-featured-img":"","footer-sml-layout":"","theme-transparent-header-meta":"default","adv-header-id-meta":"","stick-header-meta":"default","header-above-stick-meta":"","header-main-stick-meta":"","header-below-stick-meta":"","astra-migrate-meta-layouts":"default","ast-page-background-enabled":"default","ast-page-background-meta":{"desktop":{"background-color":"","background-image":"","background-repeat":"repeat","background-position":"center center","background-size":"auto","background-attachment":"scroll","background-type":"","background-media":"","overlay-type":"","overlay-color":"","overlay-opacity":"","overlay-gradient":""},"tablet":{"background-color":"","background-image":"","background-repeat":"repeat","background-position":"center center","background-size":"auto","background-attachment":"scroll","background-type":"","background-media":"","overlay-type":"","overlay-color":"","overlay-opacity":"","overlay-gradient":""},"mobile":{"background-color":"","background-image":"","background-repeat":"repeat","background-position":"center center","background-size":"auto","background-attachment":"scroll","background-type":"","background-media":"","overlay-type":"","overlay-color":"","overlay-opacity":"","overlay-gradient":""}},"ast-content-background-meta":{"desktop":{"background-color":"var(--ast-global-color-5)","background-image":"","background-repeat":"repeat","background-position":"center center","background-size":"auto","background-attachment":"scroll","background-type":"","background-media":"","overlay-type":"","overlay-color":"","overlay-opacity":"","overlay-gradient":""},"tablet":{"background-color":"var(--ast-global-color-5)","background-image":"","background-repeat":"repeat","background-position":"center center","background-size":"auto","background-attachment":"scroll","background-type":"","background-media":"","overlay-type":"","overlay-color":"","overlay-opacity":"","overlay-gradient":""},"mobile":{"background-color":"var(--ast-global-color-5)","background-image":"","background-repeat":"repeat","background-position":"center center","background-size":"auto","background-attachment":"scroll","background-type":"","background-media":"","overlay-type":"","overlay-color":"","overlay-opacity":"","overlay-gradient":""}}},"product_cat":[1215,504,521,501,507,498],"product_tag":[],"class_list":{"0":"post-14423","1":"product","2":"type-product","3":"status-publish","4":"has-post-thumbnail","6":"product_cat-ernahrung","7":"product_cat-gehirn-booster","8":"product_cat-gesundheit-der-verdauung","9":"product_cat-gesundheit-des-immunsystems","10":"product_cat-nahrungserganzungsmittel","11":"product_cat-stimmung-wohlbefinden","12":"has-subscription-plans","13":"desktop-align-left","14":"tablet-align-left","15":"mobile-align-left","17":"first","18":"instock","19":"taxable","20":"shipping-taxable","21":"purchasable","22":"product-type-simple"},"yoast_head":"<!-- This site is optimized with the Yoast SEO plugin v22.7 - https:\/\/yoast.com\/wordpress\/plugins\/seo\/ -->\n<title>Bundle aus Darmgesundheit und geistiger Klarheit - JeaKen<\/title>\n<meta name=\"robots\" content=\"index, follow, max-snippet:-1, max-image-preview:large, max-video-preview:-1\" \/>\n<link rel=\"canonical\" href=\"https:\/\/jeaken.com\/de\/produkt\/darm-gesundheit-und-seelische-klarheit-bundle\/\" \/>\n<meta property=\"og:locale\" content=\"de_DE\" \/>\n<meta property=\"og:type\" content=\"article\" \/>\n<meta property=\"og:title\" content=\"Bundle aus Darmgesundheit und geistiger Klarheit - JeaKen\" \/>\n<meta property=\"og:description\" content=\"F\u00f6rdern Sie die Verdauung und die kognitiven Funktionen mit dem Bundle Darmgesundheit und geistige Klarheit, das Probiotika, gr\u00fcnen Tee und Nootropika f\u00fcr das allgemeine Wohlbefinden enth\u00e4lt.\" \/>\n<meta property=\"og:url\" content=\"https:\/\/jeaken.com\/de\/produkt\/darm-gesundheit-und-seelische-klarheit-bundle\/\" \/>\n<meta property=\"og:site_name\" content=\"JeaKen\" \/>\n<meta property=\"article:modified_time\" content=\"2023-04-06T11:31:26+00:00\" \/>\n<meta property=\"og:image\" content=\"https:\/\/jeaken.com\/wp-content\/uploads\/2023\/03\/Combine5.jpg\" \/>\n\t<meta property=\"og:image:width\" content=\"972\" \/>\n\t<meta property=\"og:image:height\" content=\"972\" \/>\n\t<meta property=\"og:image:type\" content=\"image\/jpeg\" \/>\n<meta name=\"twitter:card\" content=\"summary_large_image\" \/>\n<script type=\"application\/ld+json\" class=\"yoast-schema-graph\">{\"@context\":\"https:\/\/schema.org\",\"@graph\":[{\"@type\":\"WebPage\",\"@id\":\"https:\/\/jeaken.com\/de\/produkt\/darm-gesundheit-und-seelische-klarheit-bundle\/\",\"url\":\"https:\/\/jeaken.com\/de\/produkt\/darm-gesundheit-und-seelische-klarheit-bundle\/\",\"name\":\"Bundle aus Darmgesundheit und geistiger Klarheit - JeaKen\",\"isPartOf\":{\"@id\":\"https:\/\/jeaken.com\/de\/#website\"},\"primaryImageOfPage\":{\"@id\":\"https:\/\/jeaken.com\/de\/produkt\/darm-gesundheit-und-seelische-klarheit-bundle\/#primaryimage\"},\"image\":{\"@id\":\"https:\/\/jeaken.com\/de\/produkt\/darm-gesundheit-und-seelische-klarheit-bundle\/#primaryimage\"},\"thumbnailUrl\":\"https:\/\/jeaken.com\/wp-content\/uploads\/2023\/03\/Combine5.jpg\",\"datePublished\":\"2023-03-16T15:37:26+00:00\",\"dateModified\":\"2023-04-06T11:31:26+00:00\",\"breadcrumb\":{\"@id\":\"https:\/\/jeaken.com\/de\/produkt\/darm-gesundheit-und-seelische-klarheit-bundle\/#breadcrumb\"},\"inLanguage\":\"de-DE\",\"potentialAction\":[{\"@type\":\"ReadAction\",\"target\":[\"https:\/\/jeaken.com\/de\/produkt\/darm-gesundheit-und-seelische-klarheit-bundle\/\"]}]},{\"@type\":\"ImageObject\",\"inLanguage\":\"de-DE\",\"@id\":\"https:\/\/jeaken.com\/de\/produkt\/darm-gesundheit-und-seelische-klarheit-bundle\/#primaryimage\",\"url\":\"https:\/\/jeaken.com\/wp-content\/uploads\/2023\/03\/Combine5.jpg\",\"contentUrl\":\"https:\/\/jeaken.com\/wp-content\/uploads\/2023\/03\/Combine5.jpg\",\"width\":972,\"height\":972,\"caption\":\"\u00a0Gut Health and Mental Clarity Bundle\"},{\"@type\":\"BreadcrumbList\",\"@id\":\"https:\/\/jeaken.com\/de\/produkt\/darm-gesundheit-und-seelische-klarheit-bundle\/#breadcrumb\",\"itemListElement\":[{\"@type\":\"ListItem\",\"position\":1,\"name\":\"Home\",\"item\":\"https:\/\/jeaken.com\/de\/\"},{\"@type\":\"ListItem\",\"position\":2,\"name\":\"Private: Shop\",\"item\":\"https:\/\/jeaken.com\/shop\/\"},{\"@type\":\"ListItem\",\"position\":3,\"name\":\"Bundle aus Darmgesundheit und geistiger Klarheit\"}]},{\"@type\":\"WebSite\",\"@id\":\"https:\/\/jeaken.com\/de\/#website\",\"url\":\"https:\/\/jeaken.com\/de\/\",\"name\":\"JeaKen\",\"description\":\"Organic Supplements for Health, Fitness and Nutrition\",\"publisher\":{\"@id\":\"https:\/\/jeaken.com\/de\/#organization\"},\"potentialAction\":[{\"@type\":\"SearchAction\",\"target\":{\"@type\":\"EntryPoint\",\"urlTemplate\":\"https:\/\/jeaken.com\/de\/?s={search_term_string}\"},\"query-input\":\"required name=search_term_string\"}],\"inLanguage\":\"de-DE\"},{\"@type\":\"Organization\",\"@id\":\"https:\/\/jeaken.com\/de\/#organization\",\"name\":\"JeaKen\",\"url\":\"https:\/\/jeaken.com\/de\/\",\"logo\":{\"@type\":\"ImageObject\",\"inLanguage\":\"de-DE\",\"@id\":\"https:\/\/jeaken.com\/de\/#\/schema\/logo\/image\/\",\"url\":\"https:\/\/jeaken.com\/wp-content\/uploads\/2022\/06\/jeaken-logo-23.png\",\"contentUrl\":\"https:\/\/jeaken.com\/wp-content\/uploads\/2022\/06\/jeaken-logo-23.png\",\"width\":2486,\"height\":736,\"caption\":\"JeaKen\"},\"image\":{\"@id\":\"https:\/\/jeaken.com\/de\/#\/schema\/logo\/image\/\"}}]}<\/script>\n<!-- \/ Yoast SEO plugin. -->","yoast_head_json":{"title":"Bundle aus Darmgesundheit und geistiger Klarheit - JeaKen","robots":{"index":"index","follow":"follow","max-snippet":"max-snippet:-1","max-image-preview":"max-image-preview:large","max-video-preview":"max-video-preview:-1"},"canonical":"https:\/\/jeaken.com\/de\/produkt\/darm-gesundheit-und-seelische-klarheit-bundle\/","og_locale":"de_DE","og_type":"article","og_title":"Bundle aus Darmgesundheit und geistiger Klarheit - JeaKen","og_description":"F\u00f6rdern Sie die Verdauung und die kognitiven Funktionen mit dem Bundle Darmgesundheit und geistige Klarheit, das Probiotika, gr\u00fcnen Tee und Nootropika f\u00fcr das allgemeine Wohlbefinden enth\u00e4lt.","og_url":"https:\/\/jeaken.com\/de\/produkt\/darm-gesundheit-und-seelische-klarheit-bundle\/","og_site_name":"JeaKen","article_modified_time":"2023-04-06T11:31:26+00:00","og_image":[{"width":972,"height":972,"url":"https:\/\/jeaken.com\/wp-content\/uploads\/2023\/03\/Combine5.jpg","type":"image\/jpeg"}],"twitter_card":"summary_large_image","schema":{"@context":"https:\/\/schema.org","@graph":[{"@type":"WebPage","@id":"https:\/\/jeaken.com\/de\/produkt\/darm-gesundheit-und-seelische-klarheit-bundle\/","url":"https:\/\/jeaken.com\/de\/produkt\/darm-gesundheit-und-seelische-klarheit-bundle\/","name":"Bundle aus Darmgesundheit und geistiger Klarheit - JeaKen","isPartOf":{"@id":"https:\/\/jeaken.com\/de\/#website"},"primaryImageOfPage":{"@id":"https:\/\/jeaken.com\/de\/produkt\/darm-gesundheit-und-seelische-klarheit-bundle\/#primaryimage"},"image":{"@id":"https:\/\/jeaken.com\/de\/produkt\/darm-gesundheit-und-seelische-klarheit-bundle\/#primaryimage"},"thumbnailUrl":"https:\/\/jeaken.com\/wp-content\/uploads\/2023\/03\/Combine5.jpg","datePublished":"2023-03-16T15:37:26+00:00","dateModified":"2023-04-06T11:31:26+00:00","breadcrumb":{"@id":"https:\/\/jeaken.com\/de\/produkt\/darm-gesundheit-und-seelische-klarheit-bundle\/#breadcrumb"},"inLanguage":"de-DE","potentialAction":[{"@type":"ReadAction","target":["https:\/\/jeaken.com\/de\/produkt\/darm-gesundheit-und-seelische-klarheit-bundle\/"]}]},{"@type":"ImageObject","inLanguage":"de-DE","@id":"https:\/\/jeaken.com\/de\/produkt\/darm-gesundheit-und-seelische-klarheit-bundle\/#primaryimage","url":"https:\/\/jeaken.com\/wp-content\/uploads\/2023\/03\/Combine5.jpg","contentUrl":"https:\/\/jeaken.com\/wp-content\/uploads\/2023\/03\/Combine5.jpg","width":972,"height":972,"caption":"\u00a0Gut Health and Mental Clarity Bundle"},{"@type":"BreadcrumbList","@id":"https:\/\/jeaken.com\/de\/produkt\/darm-gesundheit-und-seelische-klarheit-bundle\/#breadcrumb","itemListElement":[{"@type":"ListItem","position":1,"name":"Home","item":"https:\/\/jeaken.com\/de\/"},{"@type":"ListItem","position":2,"name":"Private: Shop","item":"https:\/\/jeaken.com\/shop\/"},{"@type":"ListItem","position":3,"name":"Bundle aus Darmgesundheit und geistiger Klarheit"}]},{"@type":"WebSite","@id":"https:\/\/jeaken.com\/de\/#website","url":"https:\/\/jeaken.com\/de\/","name":"JeaKen","description":"Organic Supplements for Health, Fitness and Nutrition","publisher":{"@id":"https:\/\/jeaken.com\/de\/#organization"},"potentialAction":[{"@type":"SearchAction","target":{"@type":"EntryPoint","urlTemplate":"https:\/\/jeaken.com\/de\/?s={search_term_string}"},"query-input":"required name=search_term_string"}],"inLanguage":"de-DE"},{"@type":"Organization","@id":"https:\/\/jeaken.com\/de\/#organization","name":"JeaKen","url":"https:\/\/jeaken.com\/de\/","logo":{"@type":"ImageObject","inLanguage":"de-DE","@id":"https:\/\/jeaken.com\/de\/#\/schema\/logo\/image\/","url":"https:\/\/jeaken.com\/wp-content\/uploads\/2022\/06\/jeaken-logo-23.png","contentUrl":"https:\/\/jeaken.com\/wp-content\/uploads\/2022\/06\/jeaken-logo-23.png","width":2486,"height":736,"caption":"JeaKen"},"image":{"@id":"https:\/\/jeaken.com\/de\/#\/schema\/logo\/image\/"}}]}},"jetpack_sharing_enabled":true,"_links":{"self":[{"href":"https:\/\/jeaken.com\/de\/wp-json\/wp\/v2\/product\/14423","targetHints":{"allow":["GET"]}}],"collection":[{"href":"https:\/\/jeaken.com\/de\/wp-json\/wp\/v2\/product"}],"about":[{"href":"https:\/\/jeaken.com\/de\/wp-json\/wp\/v2\/types\/product"}],"wp:featuredmedia":[{"embeddable":true,"href":"https:\/\/jeaken.com\/de\/wp-json\/wp\/v2\/media\/16284"}],"wp:attachment":[{"href":"https:\/\/jeaken.com\/de\/wp-json\/wp\/v2\/media?parent=14423"}],"wp:term":[{"taxonomy":"product_cat","embeddable":true,"href":"https:\/\/jeaken.com\/de\/wp-json\/wp\/v2\/product_cat?post=14423"},{"taxonomy":"product_tag","embeddable":true,"href":"https:\/\/jeaken.com\/de\/wp-json\/wp\/v2\/product_tag?post=14423"}],"curies":[{"name":"wp","href":"https:\/\/api.w.org\/{rel}","templated":true}]}}