{"id":14399,"date":"2023-03-16T11:56:11","date_gmt":"2023-03-16T11:56:11","guid":{"rendered":"https:\/?post_type=product&#038;p=14399"},"modified":"2023-04-06T12:31:02","modified_gmt":"2023-04-06T11:31:02","slug":"darm-gesundheit-bundle","status":"publish","type":"product","link":"https:\/\/jeaken.com\/de\/produkt\/darm-gesundheit-bundle\/","title":{"rendered":"Bundle Darmgesundheit"},"content":{"rendered":"<h2>Bundle Darmgesundheit<\/h2>\n<p><span data-sheets-value=\"{\"1\":2,\"2\":\"The Gut Health Bundle is a comprehensive package containing three essential supplements to support your digestive system. The Probiotics Capsules provide 6 strains of probiotics and prebiotics to support the growth of healthy gut bacteria. The Colon Cleanse helps to eliminate toxins and improve bowel movement. Lastly, the Green Tea Capsules provide natural antioxidants and energy to support digestive health. By incorporating this bundle into your daily routine, you can promote optimal digestive function and overall wellness.\"}\" data-sheets-userformat=\"{\"2\":2945,\"3\":{\"1\":0},\"10\":0,\"11\":4,\"12\":0,\"14\":{\"1\":2,\"2\":16497668}}\">Das Gut Health Bundle ist ein umfassendes Paket mit drei wichtigen Nahrungserg\u00e4nzungsmitteln zur Unterst\u00fctzung Ihres Verdauungssystems. Die Probiotika-Kapseln enthalten 6 St\u00e4mme von Probiotika und Pr\u00e4biotika zur Unterst\u00fctzung des Wachstums gesunder Darmbakterien. Die Colon Cleanse hilft bei der Ausscheidung von Giftstoffen und verbessert den Stuhlgang. Schlie\u00dflich liefern die Gr\u00fcntee-Kapseln nat\u00fcrliche Antioxidantien und Energie zur Unterst\u00fctzung der Verdauungsgesundheit. Wenn Sie dieses Paket in Ihre t\u00e4gliche Routine einbauen, k\u00f6nnen Sie eine optimale Verdauungsfunktion und Ihr allgemeines Wohlbefinden f\u00f6rdern.<\/span><\/p>\n<h4 class=\"product_title entry-title elementor-heading-title elementor-size-default\"><strong>6 St\u00e4mme Probiotika mit Pr\u00e4biotika &#8211; (90 Kapseln)<\/strong><\/h4>\n<p>&nbsp;<\/p>\n<p><strong>LINDERUNG VON BL\u00c4HUNGEN  <\/strong><\/p>\n<p>Unsere Kapseln stammen aus der Lactobacillus-Familie von Probiotika, die die wirksamsten Probiotika f\u00fcr die Erhaltung eines gesunden Verdauungssystems sind.<span class=\"a-list-item a-size-base\">  Unsere sorgf\u00e4ltig ausgew\u00e4hlten Bakterienst\u00e4mme geh\u00f6ren zu den besten, die daf\u00fcr bekannt sind, das Gef\u00fchl von Bl\u00e4hungen und V\u00f6llegef\u00fchl zu lindern.  <\/span><\/p>\n<p><span class=\"a-list-item a-size-base\"><strong>6 AKTIVE ST\u00c4MME MIT 10 MILLIARDEN KBE PRO PORTION<\/strong> <\/span><\/p>\n<p><span class=\"a-list-item a-size-base\">Unsere komplexen Probiotika bieten 6 besonders wirksame St\u00e4mme: Lactobacillus acidophillus, Lactobacillus rhamnosus, Lactobacillus gasseri, Bifidobacterium lactis, Bifidobacterium bifidus und Saccharomyces boullardii.<\/span><\/p>\n<p><strong>\u00dcBERLEBT DURCH DIE MAGENS\u00c4URE <\/strong><\/p>\n<p>Saccharomyces boulardii ist ein <span class=\"a-list-item a-size-base\">gut erforschtes,<\/span> international anerkanntes Probiotikum, das nachweislich die Magens\u00e4ure \u00fcberlebt und den Darm lebend erreicht.<\/p>\n<p><b>MEHRERE GESUNDHEITLICHE VORTEILE<\/b><\/p>\n<p>Unsere innovative Formel ist mit Inulin angereichert, einem pr\u00e4biotischen Ballaststoff mit starken gesundheitlichen Vorteilen wie verbesserter Immunit\u00e4t, verbesserter R<span class=\"a-list-item\"><br \/>\n  <span class=\"a-size-base\">egularit\u00e4t, bessere N<\/span><br \/>\n<\/span><span class=\"a-list-item\"><br \/>\n  <span class=\"a-size-base\">utrient Absorption, Gewichtsabnahme, verbesserte Gesundheit der Harnwege, verbesserte Cholesterinwerte und besserer Stoffwechsel.<\/span><br \/>\n<\/span><\/p>\n<p><strong>MIT NAT\u00dcRLICHEN ZUTATEN HERGESTELLT<\/strong><\/p>\n<p>Unsere vegan-freundlichen Kapseln sind 100% rein und nat\u00fcrlich und enthalten keine gentechnisch ver\u00e4nderten Zutaten.<\/p>\n<p>&nbsp;<\/p>\n<h4 class=\"product_title entry-title elementor-heading-title elementor-size-default\"><strong>Body Cleanse And Detox Capsules &#8211; Zur Gewichtsabnahme und Darmreinigung (90 Kapseln)<\/strong><\/h4>\n<p>&nbsp;<\/p>\n<p><span class=\"a-list-item\"><strong>BESEITIGT GIFTSTOFFE<\/strong> <\/span><\/p>\n<p><span class=\"a-list-item\">Dieses leistungsstarke Produkt enth\u00e4lt 14 wichtige Inhaltsstoffe, die helfen, Giftstoffe aus dem K\u00f6rper zu sp\u00fclen.<\/span><\/p>\n<p><span class=\"a-list-item\"><strong>REDUZIERT BL\u00c4HUNGEN<\/strong> <\/span><\/p>\n<p><span class=\"a-list-item\">Unser Nahrungserg\u00e4nzungsmittel hilft, Bl\u00e4hungen zu reduzieren und gleichzeitig die Nahrungsaufnahme zu regulieren. Die regelm\u00e4\u00dfige Einnahme dieses Erg\u00e4nzungsmittels kann eine ausgleichende Wirkung auf das Verdauungssystem haben und die Symptome von Verstopfung und Verdauungsst\u00f6rungen lindern.<\/span><\/p>\n<p><strong><span class=\"a-list-item\">MAXIMIERT DEN GEWICHTSVERLUST  <\/span><\/strong><\/p>\n<p><span class=\"a-list-item\">Unsere Cleanse Detox-Kapseln befreien Sie nicht nur von Giftstoffen, sondern maximieren auch Ihren Gewichtsverlust, um Ihre Ziele f\u00fcr die Definition von fettfreier Masse zu erreichen.<\/span><\/p>\n<p><strong><span class=\"a-list-item\">BEW\u00c4HRTE PROBIOTISCHE KOMBINATION  <\/span><\/strong><\/p>\n<p><span class=\"a-list-item\">Um optimale Ergebnisse zu erzielen, haben wir die bew\u00e4hrten gesundheitlichen Eigenschaften von Psylliumschalen mit Inulin kombiniert, um Abfallstoffe aus Ihrem System zu sp\u00fclen und es mit den &#8220;freundlichen Bakterien&#8221; von Lactobacillus Acidophilus Probiotic aufzufrischen.<\/span><\/p>\n<p>&nbsp;<\/p>\n<h4 class=\"product_title entry-title elementor-heading-title elementor-size-default\"><strong>Gr\u00fcner Tee Kapseln &#8211; 850mg Gewichtsverlust Antioxidans Erg\u00e4nzungen (120 Tabletten)<\/strong><\/h4>\n<p>&nbsp;<\/p>\n<p><strong>BIETET ZAHLREICHE GESUNDHEITLICHE VORTEILE<\/strong><\/p>\n<p>Gr\u00fcner Tee wird in der chinesischen Medizin seit etwa 4.000 Jahren verwendet. Es bietet viele starke gesundheitliche Vorteile, wie z. B. die Senkung des Risikos f\u00fcr Herzkrankheiten und bestimmte Krebsarten, die Erh\u00f6hung des Verh\u00e4ltnisses von gutem (HDL-) Cholesterin zu schlechtem (LDL-) Cholesterin im Blut, die St\u00e4rkung des Immunsystems und die Unterst\u00fctzung durch Antioxidantien.<\/p>\n<p><strong>HILFT BEI DER GEWICHTSABNAHME<\/strong><\/p>\n<p>In Kombination mit einer gesunden Ern\u00e4hrung wirkt unser vegetarierfreundlicher gr\u00fcner Tee als wirksame Hilfe beim Abnehmen, indem er den Stoffwechsel anregt und den Appetit z\u00fcgelt.<\/p>\n<p><strong>STARKES NAT\u00dcRLICHES ANTIOXIDANS<\/strong><\/p>\n<p>Das im gr\u00fcnen Tee enthaltene EGCG ist f\u00fcr die meisten seiner antioxidativen Eigenschaften verantwortlich, die verhindern, dass freie Radikale die Zellen sch\u00e4digen.<\/p>\n<p><strong>VERBESSERT GED\u00c4CHTNIS UND KONZENTRATION<\/strong><\/p>\n<p>Die im Gr\u00fcntee-Extrakt enthaltenen Eigenschaften k\u00f6nnen dazu beitragen, die kognitiven F\u00e4higkeiten und das Ged\u00e4chtnis zu verbessern, so dass Sie den ganzen Tag \u00fcber aufmerksam und konzentriert bleiben.<\/p>\n","protected":false},"excerpt":{"rendered":"<p>Das Darmgesundheitspaket enth\u00e4lt Probiotika-Kapseln, Colon Cleanse und Gr\u00fcntee-Kapseln zur Unterst\u00fctzung der Verdauung, zur Ausscheidung von Giftstoffen und zur Steigerung der Energie. Verbessert die Verdauung und das allgemeine Wohlbefinden bei t\u00e4glicher Anwendung.<\/p>\n","protected":false},"featured_media":16248,"template":"","meta":{"site-sidebar-layout":"default","site-content-layout":"default","ast-site-content-layout":"default","site-content-style":"default","site-sidebar-style":"default","ast-global-header-display":"","ast-banner-title-visibility":"","ast-main-header-display":"","ast-hfb-above-header-display":"","ast-hfb-below-header-display":"","ast-hfb-mobile-header-display":"","site-post-title":"","ast-breadcrumbs-content":"","ast-featured-img":"","footer-sml-layout":"","theme-transparent-header-meta":"default","adv-header-id-meta":"","stick-header-meta":"default","header-above-stick-meta":"","header-main-stick-meta":"","header-below-stick-meta":"","astra-migrate-meta-layouts":"default","ast-page-background-enabled":"default","ast-page-background-meta":{"desktop":{"background-color":"","background-image":"","background-repeat":"repeat","background-position":"center center","background-size":"auto","background-attachment":"scroll","background-type":"","background-media":"","overlay-type":"","overlay-color":"","overlay-opacity":"","overlay-gradient":""},"tablet":{"background-color":"","background-image":"","background-repeat":"repeat","background-position":"center center","background-size":"auto","background-attachment":"scroll","background-type":"","background-media":"","overlay-type":"","overlay-color":"","overlay-opacity":"","overlay-gradient":""},"mobile":{"background-color":"","background-image":"","background-repeat":"repeat","background-position":"center center","background-size":"auto","background-attachment":"scroll","background-type":"","background-media":"","overlay-type":"","overlay-color":"","overlay-opacity":"","overlay-gradient":""}},"ast-content-background-meta":{"desktop":{"background-color":"var(--ast-global-color-5)","background-image":"","background-repeat":"repeat","background-position":"center center","background-size":"auto","background-attachment":"scroll","background-type":"","background-media":"","overlay-type":"","overlay-color":"","overlay-opacity":"","overlay-gradient":""},"tablet":{"background-color":"var(--ast-global-color-5)","background-image":"","background-repeat":"repeat","background-position":"center center","background-size":"auto","background-attachment":"scroll","background-type":"","background-media":"","overlay-type":"","overlay-color":"","overlay-opacity":"","overlay-gradient":""},"mobile":{"background-color":"var(--ast-global-color-5)","background-image":"","background-repeat":"repeat","background-position":"center center","background-size":"auto","background-attachment":"scroll","background-type":"","background-media":"","overlay-type":"","overlay-color":"","overlay-opacity":"","overlay-gradient":""}}},"product_cat":[1215,521,507],"product_tag":[],"class_list":{"0":"post-14399","1":"product","2":"type-product","3":"status-publish","4":"has-post-thumbnail","6":"product_cat-ernahrung","7":"product_cat-gesundheit-der-verdauung","8":"product_cat-nahrungserganzungsmittel","9":"has-subscription-plans","10":"desktop-align-left","11":"tablet-align-left","12":"mobile-align-left","14":"first","15":"instock","16":"taxable","17":"shipping-taxable","18":"purchasable","19":"product-type-simple"},"yoast_head":"<!-- This site is optimized with the Yoast SEO plugin v22.7 - https:\/\/yoast.com\/wordpress\/plugins\/seo\/ -->\n<title>Bundle Darmgesundheit - JeaKen<\/title>\n<meta name=\"robots\" content=\"index, follow, max-snippet:-1, max-image-preview:large, max-video-preview:-1\" \/>\n<link rel=\"canonical\" href=\"https:\/\/jeaken.com\/de\/produkt\/darm-gesundheit-bundle\/\" \/>\n<meta property=\"og:locale\" content=\"de_DE\" \/>\n<meta property=\"og:type\" content=\"article\" \/>\n<meta property=\"og:title\" content=\"Bundle Darmgesundheit - JeaKen\" \/>\n<meta property=\"og:description\" content=\"Das Darmgesundheitspaket enth\u00e4lt Probiotika-Kapseln, Colon Cleanse und Gr\u00fcntee-Kapseln zur Unterst\u00fctzung der Verdauung, zur Ausscheidung von Giftstoffen und zur Steigerung der Energie. Verbessert die Verdauung und das allgemeine Wohlbefinden bei t\u00e4glicher Anwendung.\" \/>\n<meta property=\"og:url\" content=\"https:\/\/jeaken.com\/de\/produkt\/darm-gesundheit-bundle\/\" \/>\n<meta property=\"og:site_name\" content=\"JeaKen\" \/>\n<meta property=\"article:modified_time\" content=\"2023-04-06T11:31:02+00:00\" \/>\n<meta property=\"og:image\" content=\"https:\/\/jeaken.com\/wp-content\/uploads\/2023\/03\/Combine2.jpg\" \/>\n\t<meta property=\"og:image:width\" content=\"972\" \/>\n\t<meta property=\"og:image:height\" content=\"972\" \/>\n\t<meta property=\"og:image:type\" content=\"image\/jpeg\" \/>\n<meta name=\"twitter:card\" content=\"summary_large_image\" \/>\n<meta name=\"twitter:label1\" content=\"Est. reading time\" \/>\n\t<meta name=\"twitter:data1\" content=\"3 minutes\" \/>\n<script type=\"application\/ld+json\" class=\"yoast-schema-graph\">{\"@context\":\"https:\/\/schema.org\",\"@graph\":[{\"@type\":\"WebPage\",\"@id\":\"https:\/\/jeaken.com\/de\/produkt\/darm-gesundheit-bundle\/\",\"url\":\"https:\/\/jeaken.com\/de\/produkt\/darm-gesundheit-bundle\/\",\"name\":\"Bundle Darmgesundheit - JeaKen\",\"isPartOf\":{\"@id\":\"https:\/\/jeaken.com\/de\/#website\"},\"primaryImageOfPage\":{\"@id\":\"https:\/\/jeaken.com\/de\/produkt\/darm-gesundheit-bundle\/#primaryimage\"},\"image\":{\"@id\":\"https:\/\/jeaken.com\/de\/produkt\/darm-gesundheit-bundle\/#primaryimage\"},\"thumbnailUrl\":\"https:\/\/jeaken.com\/wp-content\/uploads\/2023\/03\/Combine2.jpg\",\"datePublished\":\"2023-03-16T11:56:11+00:00\",\"dateModified\":\"2023-04-06T11:31:02+00:00\",\"breadcrumb\":{\"@id\":\"https:\/\/jeaken.com\/de\/produkt\/darm-gesundheit-bundle\/#breadcrumb\"},\"inLanguage\":\"de-DE\",\"potentialAction\":[{\"@type\":\"ReadAction\",\"target\":[\"https:\/\/jeaken.com\/de\/produkt\/darm-gesundheit-bundle\/\"]}]},{\"@type\":\"ImageObject\",\"inLanguage\":\"de-DE\",\"@id\":\"https:\/\/jeaken.com\/de\/produkt\/darm-gesundheit-bundle\/#primaryimage\",\"url\":\"https:\/\/jeaken.com\/wp-content\/uploads\/2023\/03\/Combine2.jpg\",\"contentUrl\":\"https:\/\/jeaken.com\/wp-content\/uploads\/2023\/03\/Combine2.jpg\",\"width\":972,\"height\":972,\"caption\":\"Gut Health\"},{\"@type\":\"BreadcrumbList\",\"@id\":\"https:\/\/jeaken.com\/de\/produkt\/darm-gesundheit-bundle\/#breadcrumb\",\"itemListElement\":[{\"@type\":\"ListItem\",\"position\":1,\"name\":\"Home\",\"item\":\"https:\/\/jeaken.com\/de\/\"},{\"@type\":\"ListItem\",\"position\":2,\"name\":\"Private: Shop\",\"item\":\"https:\/\/jeaken.com\/shop\/\"},{\"@type\":\"ListItem\",\"position\":3,\"name\":\"Bundle Darmgesundheit\"}]},{\"@type\":\"WebSite\",\"@id\":\"https:\/\/jeaken.com\/de\/#website\",\"url\":\"https:\/\/jeaken.com\/de\/\",\"name\":\"JeaKen\",\"description\":\"Organic Supplements for Health, Fitness and Nutrition\",\"publisher\":{\"@id\":\"https:\/\/jeaken.com\/de\/#organization\"},\"potentialAction\":[{\"@type\":\"SearchAction\",\"target\":{\"@type\":\"EntryPoint\",\"urlTemplate\":\"https:\/\/jeaken.com\/de\/?s={search_term_string}\"},\"query-input\":\"required name=search_term_string\"}],\"inLanguage\":\"de-DE\"},{\"@type\":\"Organization\",\"@id\":\"https:\/\/jeaken.com\/de\/#organization\",\"name\":\"JeaKen\",\"url\":\"https:\/\/jeaken.com\/de\/\",\"logo\":{\"@type\":\"ImageObject\",\"inLanguage\":\"de-DE\",\"@id\":\"https:\/\/jeaken.com\/de\/#\/schema\/logo\/image\/\",\"url\":\"https:\/\/jeaken.com\/wp-content\/uploads\/2022\/06\/jeaken-logo-23.png\",\"contentUrl\":\"https:\/\/jeaken.com\/wp-content\/uploads\/2022\/06\/jeaken-logo-23.png\",\"width\":2486,\"height\":736,\"caption\":\"JeaKen\"},\"image\":{\"@id\":\"https:\/\/jeaken.com\/de\/#\/schema\/logo\/image\/\"}}]}<\/script>\n<!-- \/ Yoast SEO plugin. -->","yoast_head_json":{"title":"Bundle Darmgesundheit - JeaKen","robots":{"index":"index","follow":"follow","max-snippet":"max-snippet:-1","max-image-preview":"max-image-preview:large","max-video-preview":"max-video-preview:-1"},"canonical":"https:\/\/jeaken.com\/de\/produkt\/darm-gesundheit-bundle\/","og_locale":"de_DE","og_type":"article","og_title":"Bundle Darmgesundheit - JeaKen","og_description":"Das Darmgesundheitspaket enth\u00e4lt Probiotika-Kapseln, Colon Cleanse und Gr\u00fcntee-Kapseln zur Unterst\u00fctzung der Verdauung, zur Ausscheidung von Giftstoffen und zur Steigerung der Energie. Verbessert die Verdauung und das allgemeine Wohlbefinden bei t\u00e4glicher Anwendung.","og_url":"https:\/\/jeaken.com\/de\/produkt\/darm-gesundheit-bundle\/","og_site_name":"JeaKen","article_modified_time":"2023-04-06T11:31:02+00:00","og_image":[{"width":972,"height":972,"url":"https:\/\/jeaken.com\/wp-content\/uploads\/2023\/03\/Combine2.jpg","type":"image\/jpeg"}],"twitter_card":"summary_large_image","twitter_misc":{"Est. reading time":"3 minutes"},"schema":{"@context":"https:\/\/schema.org","@graph":[{"@type":"WebPage","@id":"https:\/\/jeaken.com\/de\/produkt\/darm-gesundheit-bundle\/","url":"https:\/\/jeaken.com\/de\/produkt\/darm-gesundheit-bundle\/","name":"Bundle Darmgesundheit - JeaKen","isPartOf":{"@id":"https:\/\/jeaken.com\/de\/#website"},"primaryImageOfPage":{"@id":"https:\/\/jeaken.com\/de\/produkt\/darm-gesundheit-bundle\/#primaryimage"},"image":{"@id":"https:\/\/jeaken.com\/de\/produkt\/darm-gesundheit-bundle\/#primaryimage"},"thumbnailUrl":"https:\/\/jeaken.com\/wp-content\/uploads\/2023\/03\/Combine2.jpg","datePublished":"2023-03-16T11:56:11+00:00","dateModified":"2023-04-06T11:31:02+00:00","breadcrumb":{"@id":"https:\/\/jeaken.com\/de\/produkt\/darm-gesundheit-bundle\/#breadcrumb"},"inLanguage":"de-DE","potentialAction":[{"@type":"ReadAction","target":["https:\/\/jeaken.com\/de\/produkt\/darm-gesundheit-bundle\/"]}]},{"@type":"ImageObject","inLanguage":"de-DE","@id":"https:\/\/jeaken.com\/de\/produkt\/darm-gesundheit-bundle\/#primaryimage","url":"https:\/\/jeaken.com\/wp-content\/uploads\/2023\/03\/Combine2.jpg","contentUrl":"https:\/\/jeaken.com\/wp-content\/uploads\/2023\/03\/Combine2.jpg","width":972,"height":972,"caption":"Gut Health"},{"@type":"BreadcrumbList","@id":"https:\/\/jeaken.com\/de\/produkt\/darm-gesundheit-bundle\/#breadcrumb","itemListElement":[{"@type":"ListItem","position":1,"name":"Home","item":"https:\/\/jeaken.com\/de\/"},{"@type":"ListItem","position":2,"name":"Private: Shop","item":"https:\/\/jeaken.com\/shop\/"},{"@type":"ListItem","position":3,"name":"Bundle Darmgesundheit"}]},{"@type":"WebSite","@id":"https:\/\/jeaken.com\/de\/#website","url":"https:\/\/jeaken.com\/de\/","name":"JeaKen","description":"Organic Supplements for Health, Fitness and Nutrition","publisher":{"@id":"https:\/\/jeaken.com\/de\/#organization"},"potentialAction":[{"@type":"SearchAction","target":{"@type":"EntryPoint","urlTemplate":"https:\/\/jeaken.com\/de\/?s={search_term_string}"},"query-input":"required name=search_term_string"}],"inLanguage":"de-DE"},{"@type":"Organization","@id":"https:\/\/jeaken.com\/de\/#organization","name":"JeaKen","url":"https:\/\/jeaken.com\/de\/","logo":{"@type":"ImageObject","inLanguage":"de-DE","@id":"https:\/\/jeaken.com\/de\/#\/schema\/logo\/image\/","url":"https:\/\/jeaken.com\/wp-content\/uploads\/2022\/06\/jeaken-logo-23.png","contentUrl":"https:\/\/jeaken.com\/wp-content\/uploads\/2022\/06\/jeaken-logo-23.png","width":2486,"height":736,"caption":"JeaKen"},"image":{"@id":"https:\/\/jeaken.com\/de\/#\/schema\/logo\/image\/"}}]}},"jetpack_sharing_enabled":true,"_links":{"self":[{"href":"https:\/\/jeaken.com\/de\/wp-json\/wp\/v2\/product\/14399","targetHints":{"allow":["GET"]}}],"collection":[{"href":"https:\/\/jeaken.com\/de\/wp-json\/wp\/v2\/product"}],"about":[{"href":"https:\/\/jeaken.com\/de\/wp-json\/wp\/v2\/types\/product"}],"wp:featuredmedia":[{"embeddable":true,"href":"https:\/\/jeaken.com\/de\/wp-json\/wp\/v2\/media\/16248"}],"wp:attachment":[{"href":"https:\/\/jeaken.com\/de\/wp-json\/wp\/v2\/media?parent=14399"}],"wp:term":[{"taxonomy":"product_cat","embeddable":true,"href":"https:\/\/jeaken.com\/de\/wp-json\/wp\/v2\/product_cat?post=14399"},{"taxonomy":"product_tag","embeddable":true,"href":"https:\/\/jeaken.com\/de\/wp-json\/wp\/v2\/product_tag?post=14399"}],"curies":[{"name":"wp","href":"https:\/\/api.w.org\/{rel}","templated":true}]}}