{"id":14391,"date":"2023-03-16T11:43:40","date_gmt":"2023-03-16T11:43:40","guid":{"rendered":"https:\/?post_type=product&#038;p=14391"},"modified":"2023-04-06T12:31:28","modified_gmt":"2023-04-06T11:31:28","slug":"psychische-klarheit-und-darm-gesundheit-bundle","status":"publish","type":"product","link":"https:\/\/jeaken.com\/de\/produkt\/psychische-klarheit-und-darm-gesundheit-bundle\/","title":{"rendered":"Bundle aus mentaler Klarheit und Darmgesundheit"},"content":{"rendered":"<h2>Bundle aus mentaler Klarheit und Darmgesundheit<\/h2>\n<p><span data-sheets-value=\"{\"1\":2,\"2\":\"The Mental Clarity &amp; Focus and Digestive Health Bundle is a powerful combination of three key products designed to optimize your overall wellness. This bundle includes Super Mind Nootropics, a potent supplement that contains a blend of natural ingredients that support cognitive function and mental clarity. Lion's Mane Mushroom Capsules are also included in this bundle, providing a natural way to support brain function and enhance focus. Finally, 6 Strains Probiotics with Prebiotics Capsules offer a natural way to support healthy digestion and promote overall wellness. With this bundle, you'll have everything you need to take your mental clarity and digestive health to the next level.\"}\" data-sheets-userformat=\"{\"2\":897,\"3\":{\"1\":0},\"10\":0,\"11\":4,\"12\":0}\">Das Paket f\u00fcr geistige Klarheit und Verdauung\/Darmgesundheit ist eine leistungsstarke Kombination aus drei Schl\u00fcsselprodukten zur Optimierung Ihres allgemeinen Wohlbefindens. Dieses Paket enth\u00e4lt Super Mind Nootropics, ein wirkungsvolles Erg\u00e4nzungsmittel mit einer Mischung aus nat\u00fcrlichen Inhaltsstoffen, die die kognitive Funktion und geistige Klarheit unterst\u00fctzen. Dieses Paket enth\u00e4lt auch Kapseln mit L\u00f6wenm\u00e4hnepilzen, die auf nat\u00fcrliche Weise die Gehirnfunktion unterst\u00fctzen und die Konzentration verbessern. Schlie\u00dflich bieten die 6 Strains Probiotics with Prebiotics Capsules eine nat\u00fcrliche M\u00f6glichkeit zur Unterst\u00fctzung einer gesunden Verdauung und zur F\u00f6rderung des allgemeinen Wohlbefindens. Mit diesem Paket haben Sie alles, was Sie brauchen, um Ihre geistige Klarheit und Ihre Verdauungsgesundheit auf die n\u00e4chste Stufe zu heben.<\/span><\/p>\n<p>&nbsp;<\/p>\n<h4 class=\"product_title entry-title elementor-heading-title elementor-size-default\"><strong>Super Mind Nootropics &#8211; 60 pflanzliche Kapseln<\/strong><\/h4>\n<ul class=\"a-unordered-list a-vertical a-spacing-none\">\n<li class=\"a-spacing-small\"><span class=\"a-list-item a-size-base\">VERST\u00c4RKT GED\u00c4CHTNIS, KONZENTRATION und AUFMERKSAMKEIT &#8211; Im Gegensatz zu vielen anderen Nahrungserg\u00e4nzungsmitteln f\u00fcr das Gehirn bestehen die JeaKen Nootropics Brain Boost Kapseln aus nat\u00fcrlichen Inhaltsstoffen wie Rhodiola Rosea, die helfen, die Konzentration und Aufmerksamkeit zu steigern, die geistige Energie zu erh\u00f6hen und das Ged\u00e4chtnis zu verbessern.  <\/span><\/li>\n<li class=\"a-spacing-small\"><span class=\"a-list-item a-size-base\">VERRINGERT DIE M\u00dcNDIGKEIT, VERBESSERT DIE KONZENTRATION &#8211; Guarana, eine im Amazonasgebiet beheimatete Pflanze, enth\u00e4lt von Natur aus Koffein, das sich als sehr wirksam bei der Verringerung der M\u00fcdigkeit und der Verbesserung der geistigen Konzentration erwiesen hat. Die Kombination von Koffein und Theanin hat sich als sehr wirksam f\u00fcr die Verbesserung der kognitiven Leistung erwiesen.  <\/span><\/li>\n<li class=\"a-spacing-small\"><span class=\"a-list-item a-size-base\">NUR DIE BESTEN ZUTATEN &#8211; Unser Nahrungserg\u00e4nzungsmittel f\u00fcr das Ged\u00e4chtnis besteht aus nat\u00fcrlichen Vitaminen, Mineralien und Kr\u00e4uterextrakten, ohne sch\u00e4dliche Zusatzstoffe, ohne GVO, frei von Hormonen und Gluten.  <\/span><\/li>\n<li class=\"a-spacing-small\"><span class=\"a-list-item a-size-base\">WISSENSCHAFTLICH GEST\u00dcTZT &#8211; Es wurde sorgf\u00e4ltig darauf geachtet, genau die richtige Menge jedes Inhaltsstoffes in einer fortschrittlichen Formel zu kombinieren, die zur Unterst\u00fctzung von Sauerstoff und Zirkulation in den Gehirnzellen und Neuronen entwickelt wurde, um Ged\u00e4chtnis, Konzentration und Klarheit zu f\u00f6rdern.<\/span><\/li>\n<\/ul>\n<h4 class=\"product_title entry-title elementor-heading-title elementor-size-default\"><strong>Lion&#8217;s Mane Mushroom Capsules &#8211; Nootropics Supplement f\u00fcr verbesserte kognitive und Immunsystem Funktion. 5000mg<\/strong><\/h4>\n<p>&nbsp;<\/p>\n<p><strong><span class=\"a-list-item a-size-base\">UNTERST\u00dcTZT DIE KOGNITIVE FUNKTION  <\/span><\/strong><\/p>\n<p><span class=\"a-list-item a-size-base\">Die L\u00f6wenm\u00e4hne ist ein bew\u00e4hrtes Mittel zur F\u00f6rderung des Gehirns, was sie zu einem beliebten Erg\u00e4nzungsmittel f\u00fcr Menschen macht, die arbeiten oder studieren. Unsere Kapseln f\u00f6rdern nicht nur das Ged\u00e4chtnis, sondern k\u00f6nnen auch helfen, geistigen Nebel zu beseitigen und das Gehirn und Nervensystem zu unterst\u00fctzen.<\/span><\/p>\n<p><strong><br \/>\nF\u00d6RDERT DIE GESUNDHEIT DER GELENKE<\/strong><\/p>\n<p>Unsere bew\u00e4hrten Kapseln sind wirksam bei der Unterst\u00fctzung der Gelenkgesundheit und der St\u00e4rkung des Immunsystems.<\/p>\n<p>&nbsp;<\/p>\n<p><strong>VERBESSERT DIE GEISTIGE GESUNDHEIT<\/strong><\/p>\n<p>Der Reishi-Extrakt ist daf\u00fcr bekannt, dass er bei chronischen Atemwegserkrankungen hilft.<\/p>\n<p>&nbsp;<\/p>\n<p><strong>REGULIERT HORMONE<\/strong><\/p>\n<p>Unsere Kapseln sind hochwirksam bei der Regulierung der Hormone. Der Hormonhaushalt ist der Schl\u00fcssel zur Regulierung der sinnlichen Funktionen, der Stimmungsregulierung und vielem mehr.<\/p>\n<p>&nbsp;<\/p>\n<p><strong>CHAMPIGNON 10:1 EXTRAKT<\/strong><\/p>\n<p>Pilze haben eine z\u00e4he Zellwand aus Chitin, die der Mensch nur schwer verdauen kann. Diese Zellwand schr\u00e4nkt unseren Zugang zu den wichtigen medizinischen Verbindungen ein, die den Pilzen ihre wunderbare Wirkung verleihen.<\/p>\n<p>&nbsp;<\/p>\n<p><strong>NULL-KORN-F\u00dcLLSTOFFE<\/strong><\/p>\n<p>Viele Heilpilzprodukte enthalten eigentlich gar keine Pilze. Sie werden aus dem Wurzelsystem des Pilzes, dem so genannten Myzel, hergestellt, das auf K\u00f6rnern wie Reis, Hafer und Sorghum w\u00e4chst.<\/p>\n<p>&nbsp;<\/p>\n<p><strong>UNTERST\u00dcTZT DIE KOGNITIVE FUNKTION  <\/strong><\/p>\n<p>Die L\u00f6wenm\u00e4hne ist ein bew\u00e4hrter kognitiver Booster, der wirksam ist, um geistigen Nebel zu beseitigen und das Gehirn und Nervensystem zu unterst\u00fctzen.<\/p>\n<p>&nbsp;<\/p>\n<p><strong>ST\u00c4RKT DAS IMMUNSYSTEM  <\/strong><\/p>\n<p>Man nimmt an, dass der L\u00f6wenm\u00fctzenpilz die Immunfunktion verbessert und das Wachstum der guten Bakterien im Darm f\u00f6rdert.<\/p>\n<p>&nbsp;<\/p>\n<p><strong>TR\u00c4GT ZU EINEM NAT\u00dcRLICHEN STIMMUNGSAUSGLEICH BEI  <\/strong><\/p>\n<p>Die Forschung zeigt, dass der L\u00f6wenm\u00fctzenpilz zu einer ruhigen, entspannten Stimmung beitragen kann. Es hat auch nervenregenerierende Eigenschaften, die zu einer guten Herzgesundheit beitragen k\u00f6nnen.<\/p>\n<h4 class=\"product_title entry-title elementor-heading-title elementor-size-default\"><strong>6 St\u00e4mme Probiotika mit Pr\u00e4biotika &#8211; (90 Kapseln)<\/strong><\/h4>\n<p>&nbsp;<\/p>\n<p><strong>LINDERUNG VON BL\u00c4HUNGEN  <\/strong><\/p>\n<p>Unsere Kapseln stammen aus der Lactobacillus-Familie von Probiotika, die die wirksamsten Probiotika f\u00fcr die Erhaltung eines gesunden Verdauungssystems sind.<span class=\"a-list-item a-size-base\">  Unsere sorgf\u00e4ltig ausgew\u00e4hlten Bakterienst\u00e4mme geh\u00f6ren zu den besten, die daf\u00fcr bekannt sind, das Gef\u00fchl von Bl\u00e4hungen und V\u00f6llegef\u00fchl zu lindern.  <\/span><\/p>\n<p><span class=\"a-list-item a-size-base\"><strong>6 AKTIVE ST\u00c4MME MIT 10 MILLIARDEN KBE PRO PORTION<\/strong> <\/span><\/p>\n<p><span class=\"a-list-item a-size-base\">Unsere komplexen Probiotika bieten 6 besonders wirksame St\u00e4mme: Lactobacillus acidophillus, Lactobacillus rhamnosus, Lactobacillus gasseri, Bifidobacterium lactis, Bifidobacterium bifidus und Saccharomyces boullardii.<\/span><\/p>\n<p><strong>\u00dcBERLEBT DURCH DIE MAGENS\u00c4URE <\/strong><\/p>\n<p>Saccharomyces boulardii ist ein <span class=\"a-list-item a-size-base\">gut erforschtes,<\/span> international anerkanntes Probiotikum, das nachweislich die Magens\u00e4ure \u00fcberlebt und den Darm lebend erreicht.<\/p>\n<p><b>MEHRERE GESUNDHEITLICHE VORTEILE<\/b><\/p>\n<p>Unsere innovative Formel ist mit Inulin angereichert, einem pr\u00e4biotischen Ballaststoff mit starken gesundheitlichen Vorteilen wie verbesserter Immunit\u00e4t, verbesserter R<span class=\"a-list-item\"><br \/>\n  <span class=\"a-size-base\">egularit\u00e4t, bessere N<\/span><br \/>\n<\/span><span class=\"a-list-item\"><br \/>\n  <span class=\"a-size-base\">utrient Absorption, Gewichtsabnahme, verbesserte Gesundheit der Harnwege, verbesserte Cholesterinwerte und besserer Stoffwechsel.<\/span><br \/>\n<\/span><\/p>\n<p><strong>MIT NAT\u00dcRLICHEN ZUTATEN HERGESTELLT<\/strong><\/p>\n<p>Unsere vegan-freundlichen Kapseln sind 100% rein und nat\u00fcrlich und enthalten keine gentechnisch ver\u00e4nderten Zutaten.<\/p>\n","protected":false},"excerpt":{"rendered":"<p>Das Bundle aus geistiger Klarheit und Darmgesundheit hilft, die geistige Klarheit und die Gesundheit des Verdauungssystems effektiv zu verbessern. Das Paket enth\u00e4lt Super Mind Nootropics, Lion&#8217;s Mane Mushroom Capsules und 6 Strains Probiotics with Prebiotics Capsules zur Verbesserung der kognitiven Funktion, der Konzentration und der Verdauung f\u00fcr das allgemeine Wohlbefinden.<\/p>\n","protected":false},"featured_media":16293,"template":"","meta":{"site-sidebar-layout":"default","site-content-layout":"default","ast-site-content-layout":"default","site-content-style":"default","site-sidebar-style":"default","ast-global-header-display":"","ast-banner-title-visibility":"","ast-main-header-display":"","ast-hfb-above-header-display":"","ast-hfb-below-header-display":"","ast-hfb-mobile-header-display":"","site-post-title":"","ast-breadcrumbs-content":"","ast-featured-img":"","footer-sml-layout":"","theme-transparent-header-meta":"default","adv-header-id-meta":"","stick-header-meta":"default","header-above-stick-meta":"","header-main-stick-meta":"","header-below-stick-meta":"","astra-migrate-meta-layouts":"default","ast-page-background-enabled":"default","ast-page-background-meta":{"desktop":{"background-color":"","background-image":"","background-repeat":"repeat","background-position":"center center","background-size":"auto","background-attachment":"scroll","background-type":"","background-media":"","overlay-type":"","overlay-color":"","overlay-opacity":"","overlay-gradient":""},"tablet":{"background-color":"","background-image":"","background-repeat":"repeat","background-position":"center center","background-size":"auto","background-attachment":"scroll","background-type":"","background-media":"","overlay-type":"","overlay-color":"","overlay-opacity":"","overlay-gradient":""},"mobile":{"background-color":"","background-image":"","background-repeat":"repeat","background-position":"center center","background-size":"auto","background-attachment":"scroll","background-type":"","background-media":"","overlay-type":"","overlay-color":"","overlay-opacity":"","overlay-gradient":""}},"ast-content-background-meta":{"desktop":{"background-color":"var(--ast-global-color-5)","background-image":"","background-repeat":"repeat","background-position":"center center","background-size":"auto","background-attachment":"scroll","background-type":"","background-media":"","overlay-type":"","overlay-color":"","overlay-opacity":"","overlay-gradient":""},"tablet":{"background-color":"var(--ast-global-color-5)","background-image":"","background-repeat":"repeat","background-position":"center center","background-size":"auto","background-attachment":"scroll","background-type":"","background-media":"","overlay-type":"","overlay-color":"","overlay-opacity":"","overlay-gradient":""},"mobile":{"background-color":"var(--ast-global-color-5)","background-image":"","background-repeat":"repeat","background-position":"center center","background-size":"auto","background-attachment":"scroll","background-type":"","background-media":"","overlay-type":"","overlay-color":"","overlay-opacity":"","overlay-gradient":""}}},"product_cat":[1215,504,507,498],"product_tag":[1687],"class_list":{"0":"post-14391","1":"product","2":"type-product","3":"status-publish","4":"has-post-thumbnail","6":"product_cat-ernahrung","7":"product_cat-gehirn-booster","8":"product_cat-nahrungserganzungsmittel","9":"product_cat-stimmung-wohlbefinden","10":"product_tag-darmgesundheit","11":"has-subscription-plans","12":"desktop-align-left","13":"tablet-align-left","14":"mobile-align-left","16":"first","17":"instock","18":"taxable","19":"shipping-taxable","20":"purchasable","21":"product-type-simple"},"yoast_head":"<!-- This site is optimized with the Yoast SEO plugin v22.7 - https:\/\/yoast.com\/wordpress\/plugins\/seo\/ -->\n<title>Bundle aus mentaler Klarheit und Darmgesundheit - JeaKen<\/title>\n<meta name=\"robots\" content=\"index, follow, max-snippet:-1, max-image-preview:large, max-video-preview:-1\" \/>\n<link rel=\"canonical\" href=\"https:\/\/jeaken.com\/de\/produkt\/psychische-klarheit-und-darm-gesundheit-bundle\/\" \/>\n<meta property=\"og:locale\" content=\"de_DE\" \/>\n<meta property=\"og:type\" content=\"article\" \/>\n<meta property=\"og:title\" content=\"Bundle aus mentaler Klarheit und Darmgesundheit - JeaKen\" \/>\n<meta property=\"og:description\" content=\"Das Bundle aus geistiger Klarheit und Darmgesundheit hilft, die geistige Klarheit und die Gesundheit des Verdauungssystems effektiv zu verbessern. Das Paket enth\u00e4lt Super Mind Nootropics, Lion&#039;s Mane Mushroom Capsules und 6 Strains Probiotics with Prebiotics Capsules zur Verbesserung der kognitiven Funktion, der Konzentration und der Verdauung f\u00fcr das allgemeine Wohlbefinden.\" \/>\n<meta property=\"og:url\" content=\"https:\/\/jeaken.com\/de\/produkt\/psychische-klarheit-und-darm-gesundheit-bundle\/\" \/>\n<meta property=\"og:site_name\" content=\"JeaKen\" \/>\n<meta property=\"article:modified_time\" content=\"2023-04-06T11:31:28+00:00\" \/>\n<meta property=\"og:image\" content=\"https:\/\/jeaken.com\/wp-content\/uploads\/2023\/03\/Combine6.jpg\" \/>\n\t<meta property=\"og:image:width\" content=\"972\" \/>\n\t<meta property=\"og:image:height\" content=\"972\" \/>\n\t<meta property=\"og:image:type\" content=\"image\/jpeg\" \/>\n<meta name=\"twitter:card\" content=\"summary_large_image\" \/>\n<meta name=\"twitter:label1\" content=\"Est. reading time\" \/>\n\t<meta name=\"twitter:data1\" content=\"4 minutes\" \/>\n<script type=\"application\/ld+json\" class=\"yoast-schema-graph\">{\"@context\":\"https:\/\/schema.org\",\"@graph\":[{\"@type\":\"WebPage\",\"@id\":\"https:\/\/jeaken.com\/de\/produkt\/psychische-klarheit-und-darm-gesundheit-bundle\/\",\"url\":\"https:\/\/jeaken.com\/de\/produkt\/psychische-klarheit-und-darm-gesundheit-bundle\/\",\"name\":\"Bundle aus mentaler Klarheit und Darmgesundheit - JeaKen\",\"isPartOf\":{\"@id\":\"https:\/\/jeaken.com\/de\/#website\"},\"primaryImageOfPage\":{\"@id\":\"https:\/\/jeaken.com\/de\/produkt\/psychische-klarheit-und-darm-gesundheit-bundle\/#primaryimage\"},\"image\":{\"@id\":\"https:\/\/jeaken.com\/de\/produkt\/psychische-klarheit-und-darm-gesundheit-bundle\/#primaryimage\"},\"thumbnailUrl\":\"https:\/\/jeaken.com\/wp-content\/uploads\/2023\/03\/Combine6.jpg\",\"datePublished\":\"2023-03-16T11:43:40+00:00\",\"dateModified\":\"2023-04-06T11:31:28+00:00\",\"breadcrumb\":{\"@id\":\"https:\/\/jeaken.com\/de\/produkt\/psychische-klarheit-und-darm-gesundheit-bundle\/#breadcrumb\"},\"inLanguage\":\"de-DE\",\"potentialAction\":[{\"@type\":\"ReadAction\",\"target\":[\"https:\/\/jeaken.com\/de\/produkt\/psychische-klarheit-und-darm-gesundheit-bundle\/\"]}]},{\"@type\":\"ImageObject\",\"inLanguage\":\"de-DE\",\"@id\":\"https:\/\/jeaken.com\/de\/produkt\/psychische-klarheit-und-darm-gesundheit-bundle\/#primaryimage\",\"url\":\"https:\/\/jeaken.com\/wp-content\/uploads\/2023\/03\/Combine6.jpg\",\"contentUrl\":\"https:\/\/jeaken.com\/wp-content\/uploads\/2023\/03\/Combine6.jpg\",\"width\":972,\"height\":972,\"caption\":\"Mental Clarity and Gut Health Bundle\"},{\"@type\":\"BreadcrumbList\",\"@id\":\"https:\/\/jeaken.com\/de\/produkt\/psychische-klarheit-und-darm-gesundheit-bundle\/#breadcrumb\",\"itemListElement\":[{\"@type\":\"ListItem\",\"position\":1,\"name\":\"Home\",\"item\":\"https:\/\/jeaken.com\/de\/\"},{\"@type\":\"ListItem\",\"position\":2,\"name\":\"Private: Shop\",\"item\":\"https:\/\/jeaken.com\/shop\/\"},{\"@type\":\"ListItem\",\"position\":3,\"name\":\"Bundle aus mentaler Klarheit und Darmgesundheit\"}]},{\"@type\":\"WebSite\",\"@id\":\"https:\/\/jeaken.com\/de\/#website\",\"url\":\"https:\/\/jeaken.com\/de\/\",\"name\":\"JeaKen\",\"description\":\"Organic Supplements for Health, Fitness and Nutrition\",\"publisher\":{\"@id\":\"https:\/\/jeaken.com\/de\/#organization\"},\"potentialAction\":[{\"@type\":\"SearchAction\",\"target\":{\"@type\":\"EntryPoint\",\"urlTemplate\":\"https:\/\/jeaken.com\/de\/?s={search_term_string}\"},\"query-input\":\"required name=search_term_string\"}],\"inLanguage\":\"de-DE\"},{\"@type\":\"Organization\",\"@id\":\"https:\/\/jeaken.com\/de\/#organization\",\"name\":\"JeaKen\",\"url\":\"https:\/\/jeaken.com\/de\/\",\"logo\":{\"@type\":\"ImageObject\",\"inLanguage\":\"de-DE\",\"@id\":\"https:\/\/jeaken.com\/de\/#\/schema\/logo\/image\/\",\"url\":\"https:\/\/jeaken.com\/wp-content\/uploads\/2022\/06\/jeaken-logo-23.png\",\"contentUrl\":\"https:\/\/jeaken.com\/wp-content\/uploads\/2022\/06\/jeaken-logo-23.png\",\"width\":2486,\"height\":736,\"caption\":\"JeaKen\"},\"image\":{\"@id\":\"https:\/\/jeaken.com\/de\/#\/schema\/logo\/image\/\"}}]}<\/script>\n<!-- \/ Yoast SEO plugin. -->","yoast_head_json":{"title":"Bundle aus mentaler Klarheit und Darmgesundheit - JeaKen","robots":{"index":"index","follow":"follow","max-snippet":"max-snippet:-1","max-image-preview":"max-image-preview:large","max-video-preview":"max-video-preview:-1"},"canonical":"https:\/\/jeaken.com\/de\/produkt\/psychische-klarheit-und-darm-gesundheit-bundle\/","og_locale":"de_DE","og_type":"article","og_title":"Bundle aus mentaler Klarheit und Darmgesundheit - JeaKen","og_description":"Das Bundle aus geistiger Klarheit und Darmgesundheit hilft, die geistige Klarheit und die Gesundheit des Verdauungssystems effektiv zu verbessern. Das Paket enth\u00e4lt Super Mind Nootropics, Lion's Mane Mushroom Capsules und 6 Strains Probiotics with Prebiotics Capsules zur Verbesserung der kognitiven Funktion, der Konzentration und der Verdauung f\u00fcr das allgemeine Wohlbefinden.","og_url":"https:\/\/jeaken.com\/de\/produkt\/psychische-klarheit-und-darm-gesundheit-bundle\/","og_site_name":"JeaKen","article_modified_time":"2023-04-06T11:31:28+00:00","og_image":[{"width":972,"height":972,"url":"https:\/\/jeaken.com\/wp-content\/uploads\/2023\/03\/Combine6.jpg","type":"image\/jpeg"}],"twitter_card":"summary_large_image","twitter_misc":{"Est. reading time":"4 minutes"},"schema":{"@context":"https:\/\/schema.org","@graph":[{"@type":"WebPage","@id":"https:\/\/jeaken.com\/de\/produkt\/psychische-klarheit-und-darm-gesundheit-bundle\/","url":"https:\/\/jeaken.com\/de\/produkt\/psychische-klarheit-und-darm-gesundheit-bundle\/","name":"Bundle aus mentaler Klarheit und Darmgesundheit - JeaKen","isPartOf":{"@id":"https:\/\/jeaken.com\/de\/#website"},"primaryImageOfPage":{"@id":"https:\/\/jeaken.com\/de\/produkt\/psychische-klarheit-und-darm-gesundheit-bundle\/#primaryimage"},"image":{"@id":"https:\/\/jeaken.com\/de\/produkt\/psychische-klarheit-und-darm-gesundheit-bundle\/#primaryimage"},"thumbnailUrl":"https:\/\/jeaken.com\/wp-content\/uploads\/2023\/03\/Combine6.jpg","datePublished":"2023-03-16T11:43:40+00:00","dateModified":"2023-04-06T11:31:28+00:00","breadcrumb":{"@id":"https:\/\/jeaken.com\/de\/produkt\/psychische-klarheit-und-darm-gesundheit-bundle\/#breadcrumb"},"inLanguage":"de-DE","potentialAction":[{"@type":"ReadAction","target":["https:\/\/jeaken.com\/de\/produkt\/psychische-klarheit-und-darm-gesundheit-bundle\/"]}]},{"@type":"ImageObject","inLanguage":"de-DE","@id":"https:\/\/jeaken.com\/de\/produkt\/psychische-klarheit-und-darm-gesundheit-bundle\/#primaryimage","url":"https:\/\/jeaken.com\/wp-content\/uploads\/2023\/03\/Combine6.jpg","contentUrl":"https:\/\/jeaken.com\/wp-content\/uploads\/2023\/03\/Combine6.jpg","width":972,"height":972,"caption":"Mental Clarity and Gut Health Bundle"},{"@type":"BreadcrumbList","@id":"https:\/\/jeaken.com\/de\/produkt\/psychische-klarheit-und-darm-gesundheit-bundle\/#breadcrumb","itemListElement":[{"@type":"ListItem","position":1,"name":"Home","item":"https:\/\/jeaken.com\/de\/"},{"@type":"ListItem","position":2,"name":"Private: Shop","item":"https:\/\/jeaken.com\/shop\/"},{"@type":"ListItem","position":3,"name":"Bundle aus mentaler Klarheit und Darmgesundheit"}]},{"@type":"WebSite","@id":"https:\/\/jeaken.com\/de\/#website","url":"https:\/\/jeaken.com\/de\/","name":"JeaKen","description":"Organic Supplements for Health, Fitness and Nutrition","publisher":{"@id":"https:\/\/jeaken.com\/de\/#organization"},"potentialAction":[{"@type":"SearchAction","target":{"@type":"EntryPoint","urlTemplate":"https:\/\/jeaken.com\/de\/?s={search_term_string}"},"query-input":"required name=search_term_string"}],"inLanguage":"de-DE"},{"@type":"Organization","@id":"https:\/\/jeaken.com\/de\/#organization","name":"JeaKen","url":"https:\/\/jeaken.com\/de\/","logo":{"@type":"ImageObject","inLanguage":"de-DE","@id":"https:\/\/jeaken.com\/de\/#\/schema\/logo\/image\/","url":"https:\/\/jeaken.com\/wp-content\/uploads\/2022\/06\/jeaken-logo-23.png","contentUrl":"https:\/\/jeaken.com\/wp-content\/uploads\/2022\/06\/jeaken-logo-23.png","width":2486,"height":736,"caption":"JeaKen"},"image":{"@id":"https:\/\/jeaken.com\/de\/#\/schema\/logo\/image\/"}}]}},"jetpack_sharing_enabled":true,"_links":{"self":[{"href":"https:\/\/jeaken.com\/de\/wp-json\/wp\/v2\/product\/14391","targetHints":{"allow":["GET"]}}],"collection":[{"href":"https:\/\/jeaken.com\/de\/wp-json\/wp\/v2\/product"}],"about":[{"href":"https:\/\/jeaken.com\/de\/wp-json\/wp\/v2\/types\/product"}],"wp:featuredmedia":[{"embeddable":true,"href":"https:\/\/jeaken.com\/de\/wp-json\/wp\/v2\/media\/16293"}],"wp:attachment":[{"href":"https:\/\/jeaken.com\/de\/wp-json\/wp\/v2\/media?parent=14391"}],"wp:term":[{"taxonomy":"product_cat","embeddable":true,"href":"https:\/\/jeaken.com\/de\/wp-json\/wp\/v2\/product_cat?post=14391"},{"taxonomy":"product_tag","embeddable":true,"href":"https:\/\/jeaken.com\/de\/wp-json\/wp\/v2\/product_tag?post=14391"}],"curies":[{"name":"wp","href":"https:\/\/api.w.org\/{rel}","templated":true}]}}