{"id":14367,"date":"2023-03-16T11:24:54","date_gmt":"2023-03-16T11:24:54","guid":{"rendered":"https:\/?post_type=product&#038;p=14367"},"modified":"2023-04-06T12:30:59","modified_gmt":"2023-04-06T11:30:59","slug":"mental-klarheit-und-gewicht-abnehmen-bundle","status":"publish","type":"product","link":"https:\/\/jeaken.com\/de\/produkt\/mental-klarheit-und-gewicht-abnehmen-bundle\/","title":{"rendered":"Bundle aus geistiger Klarheit und Gewichtsabnahme"},"content":{"rendered":"<h2>Bundle aus geistiger Klarheit und Gewichtsabnahme<\/h2>\n<p>Das Paket &#8220;Mentale Klarheit und Gewichtsabnahme&#8221; ist eine leistungsstarke Kombination aus drei Schl\u00fcsselprodukten, die Ihnen helfen, Ihre Wellness-Ziele zu erreichen. Dieses Paket enth\u00e4lt Super Mind Nootropics, ein wirksames Pr\u00e4parat, das die geistige Klarheit und Konzentration f\u00f6rdert und es Ihnen erm\u00f6glicht, bei Ihrem Abnehmprogramm auf Kurs zu bleiben. Das Paket enth\u00e4lt auch Kapseln mit L\u00f6wenm\u00e4ulchen, die Verbindungen enthalten, die bei der Gewichtsabnahme helfen k\u00f6nnen, indem sie den Blutzucker regulieren und Entz\u00fcndungen reduzieren. Zus\u00e4tzlich enth\u00e4lt das Paket Apfelessigkapseln, die eine gesunde Verdauung und einen gesunden Stoffwechsel unterst\u00fctzen k\u00f6nnen. Mit diesem Paket haben Sie alles, was Sie brauchen, um sowohl Ihre geistige Klarheit als auch Ihre Gewichtsabnahme zu unterst\u00fctzen, und zwar mit diesem Paket, einem gesunden Lebensstil und Stressmanagement.<\/p>\n<h4 class=\"product_title entry-title elementor-heading-title elementor-size-default\"><strong>Super Mind Nootropics &#8211; 60 pflanzliche Kapseln<\/strong><\/h4>\n<ul class=\"a-unordered-list a-vertical a-spacing-none\">\n<li class=\"a-spacing-small\"><span class=\"a-list-item a-size-base\">VERST\u00c4RKT GED\u00c4CHTNIS, KONZENTRATION und AUFMERKSAMKEIT &#8211; Im Gegensatz zu vielen anderen Nahrungserg\u00e4nzungsmitteln f\u00fcr das Gehirn bestehen die JeaKen Nootropics Brain Boost Kapseln aus nat\u00fcrlichen Inhaltsstoffen wie Rhodiola Rosea, die helfen, die Konzentration und Aufmerksamkeit zu steigern, die geistige Energie zu erh\u00f6hen und das Ged\u00e4chtnis zu verbessern.  <\/span><\/li>\n<li class=\"a-spacing-small\"><span class=\"a-list-item a-size-base\">VERRINGERT DIE M\u00dcNDIGKEIT, VERBESSERT DIE KONZENTRATION &#8211; Guarana, eine im Amazonasgebiet beheimatete Pflanze, enth\u00e4lt von Natur aus Koffein, das sich als sehr wirksam bei der Verringerung der M\u00fcdigkeit und der Verbesserung der geistigen Konzentration erwiesen hat. Die Kombination von Koffein und Theanin hat sich als sehr wirksam f\u00fcr die Verbesserung der kognitiven Leistung erwiesen.  <\/span><\/li>\n<li class=\"a-spacing-small\"><span class=\"a-list-item a-size-base\">NUR DIE BESTEN ZUTATEN &#8211; Unser Nahrungserg\u00e4nzungsmittel f\u00fcr das Ged\u00e4chtnis besteht aus nat\u00fcrlichen Vitaminen, Mineralien und Kr\u00e4uterextrakten, ohne sch\u00e4dliche Zusatzstoffe, ohne GVO, frei von Hormonen und Gluten.  <\/span><\/li>\n<li class=\"a-spacing-small\"><span class=\"a-list-item a-size-base\">WISSENSCHAFTLICH GEST\u00dcTZT &#8211; Es wurde sorgf\u00e4ltig darauf geachtet, genau die richtige Menge jedes Inhaltsstoffes in einer fortschrittlichen Formel zu kombinieren, die zur Unterst\u00fctzung von Sauerstoff und Zirkulation in den Gehirnzellen und Neuronen entwickelt wurde, um Ged\u00e4chtnis, Konzentration und Klarheit zu f\u00f6rdern.<\/span><\/li>\n<\/ul>\n<h4 class=\"product_title entry-title elementor-heading-title elementor-size-default\"><strong>Lion&#8217;s Mane Mushroom Capsules &#8211; Nootropics Supplement f\u00fcr verbesserte kognitive und Immunsystem Funktion. 5000mg<\/strong><\/h4>\n<p>&nbsp;<\/p>\n<p><strong><span class=\"a-list-item a-size-base\">UNTERST\u00dcTZT DIE KOGNITIVE FUNKTION  <\/span><\/strong><\/p>\n<p><span class=\"a-list-item a-size-base\">Die L\u00f6wenm\u00e4hne ist ein bew\u00e4hrtes Mittel zur F\u00f6rderung des Gehirns, was sie zu einem beliebten Erg\u00e4nzungsmittel f\u00fcr Menschen macht, die arbeiten oder studieren. Unsere Kapseln f\u00f6rdern nicht nur das Ged\u00e4chtnis, sondern k\u00f6nnen auch helfen, geistigen Nebel zu beseitigen und das Gehirn und Nervensystem zu unterst\u00fctzen.<\/span><\/p>\n<p><strong><br \/>\nF\u00d6RDERT DIE GESUNDHEIT DER GELENKE<\/strong><\/p>\n<p>Unsere bew\u00e4hrten Kapseln sind wirksam bei der Unterst\u00fctzung der Gelenkgesundheit und der St\u00e4rkung des Immunsystems.<\/p>\n<p>&nbsp;<\/p>\n<p><strong>VERBESSERT DIE GEISTIGE GESUNDHEIT<\/strong><\/p>\n<p>Der Reishi-Extrakt ist daf\u00fcr bekannt, dass er bei chronischen Atemwegserkrankungen hilft.<\/p>\n<p>&nbsp;<\/p>\n<p><strong>REGULIERT HORMONE<\/strong><\/p>\n<p>Unsere Kapseln sind hochwirksam bei der Regulierung der Hormone. Der Hormonhaushalt ist der Schl\u00fcssel zur Regulierung der sinnlichen Funktionen, der Stimmungsregulierung und vielem mehr.<\/p>\n<p>&nbsp;<\/p>\n<p><strong>CHAMPIGNON 10:1 EXTRAKT<\/strong><\/p>\n<p>Pilze haben eine z\u00e4he Zellwand aus Chitin, die der Mensch nur schwer verdauen kann. Diese Zellwand schr\u00e4nkt unseren Zugang zu den wichtigen medizinischen Verbindungen ein, die den Pilzen ihre wunderbare Wirkung verleihen.<\/p>\n<p>&nbsp;<\/p>\n<p><strong>NULL-KORN-F\u00dcLLSTOFFE<\/strong><\/p>\n<p>Viele Heilpilzprodukte enthalten eigentlich gar keine Pilze. Sie werden aus dem Wurzelsystem des Pilzes, dem so genannten Myzel, hergestellt, das auf K\u00f6rnern wie Reis, Hafer und Sorghum w\u00e4chst.<\/p>\n<p>&nbsp;<\/p>\n<p><strong>UNTERST\u00dcTZT DIE KOGNITIVE FUNKTION  <\/strong><\/p>\n<p>Die L\u00f6wenm\u00e4hne ist ein bew\u00e4hrter kognitiver Booster, der wirksam ist, um geistigen Nebel zu beseitigen und das Gehirn und Nervensystem zu unterst\u00fctzen.<\/p>\n<p>&nbsp;<\/p>\n<p><strong>ST\u00c4RKT DAS IMMUNSYSTEM  <\/strong><\/p>\n<p>Man nimmt an, dass der L\u00f6wenm\u00fctzenpilz die Immunfunktion verbessert und das Wachstum der guten Bakterien im Darm f\u00f6rdert.<\/p>\n<p>&nbsp;<\/p>\n<p><strong>TR\u00c4GT ZU EINEM NAT\u00dcRLICHEN STIMMUNGSAUSGLEICH BEI  <\/strong><\/p>\n<p>Die Forschung zeigt, dass der L\u00f6wenm\u00fctzenpilz zu einer ruhigen, entspannten Stimmung beitragen kann. Es hat auch nervenregenerierende Eigenschaften, die zu einer guten Herzgesundheit beitragen k\u00f6nnen.<\/p>\n<p>&nbsp;<\/p>\n<h4 class=\"product_title entry-title elementor-heading-title elementor-size-default\"><strong>Apfelessig &#8211; Stoffwechsel-Booster und Entgiftung &#8211; Angereichert mit Seagreens, Gr\u00fcnem Tee und Chrom (120 Kapseln)<\/strong><\/h4>\n<p>&nbsp;<\/p>\n<p><strong>MEHRERE GESUNDHEITLICHE VORTEILE  <\/strong><\/p>\n<p>Apfelessig wurde bereits vor \u00fcber 2000 Jahren von Hippokrates (dem &#8220;Vater der modernen Medizin&#8221;) verwendet und soll zu einer Vielzahl erstaunlicher gesundheitlicher Vorteile beitragen, darunter eine verbesserte Verdauungsgesundheit, ein h\u00f6heres Energieniveau und ein verbesserter Stoffwechsel. Unsere hochwirksamen Apfelessigkapseln liefern diese kraftvollen Vorteile in leicht zu schluckenden Kapseln.<\/p>\n<p><strong>UNTERST\u00dcTZT EINE GESUNDE GEWICHTSABNAHME  <\/strong><\/p>\n<p>Mehrere aktuelle Studien haben gezeigt, dass Apfelessig im Rahmen einer gesunden Ern\u00e4hrung beim Abnehmen helfen kann. Es kann auch die Verdauung f\u00f6rdern und Ihre allgemeine Gesundheit verbessern, indem es Ihnen hilft, mehr N\u00e4hrstoffe aus Ihrer Nahrung aufzunehmen.<\/p>\n<p><strong>EINZIGARTIGE MISCHUNG  <\/strong><\/p>\n<p>Unsere hochwertigen Apfelessigkapseln bieten optimale Ergebnisse durch ihre einzigartige Mischung aus Seegras, gr\u00fcnem Tee und Chrom. Ihre Gesundheit ist unsere Priorit\u00e4t. Unsere Kapseln werden im Vereinigten K\u00f6nigreich unter strengen Sicherheitsrichtlinien (GMP-Code of Practice) hergestellt, um Wirksamkeit, Qualit\u00e4t und Effektivit\u00e4t zu gew\u00e4hrleisten<\/p>\n<p><strong>GEEIGNET F\u00dcR VEGANER UND VEGETARIER  <\/strong><\/p>\n<p>Unsere Apfelessigkapseln bestehen zu 100% aus hochwertigen pflanzlichen Zutaten. Unsere Kapseln sind glutenfrei, laktosefrei, GMP-konform, GMO-frei und 100% vegan.<\/p>\n","protected":false},"excerpt":{"rendered":"<p>Das Bundle &#8220;Mentale Klarheit und Gewichtsabnahme&#8221; bietet eine einzigartige Kombination von Produkten, die die mentale Klarheit verbessern und die Gewichtsabnahme unterst\u00fctzen, indem sie einen ausgewogenen Lebensstil und ein effizientes Stressmanagement f\u00f6rdern.<\/p>\n","protected":false},"featured_media":16293,"template":"","meta":{"site-sidebar-layout":"default","site-content-layout":"default","ast-site-content-layout":"default","site-content-style":"default","site-sidebar-style":"default","ast-global-header-display":"","ast-banner-title-visibility":"","ast-main-header-display":"","ast-hfb-above-header-display":"","ast-hfb-below-header-display":"","ast-hfb-mobile-header-display":"","site-post-title":"","ast-breadcrumbs-content":"","ast-featured-img":"","footer-sml-layout":"","theme-transparent-header-meta":"default","adv-header-id-meta":"","stick-header-meta":"default","header-above-stick-meta":"","header-main-stick-meta":"","header-below-stick-meta":"","astra-migrate-meta-layouts":"default","ast-page-background-enabled":"default","ast-page-background-meta":{"desktop":{"background-color":"","background-image":"","background-repeat":"repeat","background-position":"center center","background-size":"auto","background-attachment":"scroll","background-type":"","background-media":"","overlay-type":"","overlay-color":"","overlay-opacity":"","overlay-gradient":""},"tablet":{"background-color":"","background-image":"","background-repeat":"repeat","background-position":"center center","background-size":"auto","background-attachment":"scroll","background-type":"","background-media":"","overlay-type":"","overlay-color":"","overlay-opacity":"","overlay-gradient":""},"mobile":{"background-color":"","background-image":"","background-repeat":"repeat","background-position":"center center","background-size":"auto","background-attachment":"scroll","background-type":"","background-media":"","overlay-type":"","overlay-color":"","overlay-opacity":"","overlay-gradient":""}},"ast-content-background-meta":{"desktop":{"background-color":"var(--ast-global-color-5)","background-image":"","background-repeat":"repeat","background-position":"center center","background-size":"auto","background-attachment":"scroll","background-type":"","background-media":"","overlay-type":"","overlay-color":"","overlay-opacity":"","overlay-gradient":""},"tablet":{"background-color":"var(--ast-global-color-5)","background-image":"","background-repeat":"repeat","background-position":"center center","background-size":"auto","background-attachment":"scroll","background-type":"","background-media":"","overlay-type":"","overlay-color":"","overlay-opacity":"","overlay-gradient":""},"mobile":{"background-color":"var(--ast-global-color-5)","background-image":"","background-repeat":"repeat","background-position":"center center","background-size":"auto","background-attachment":"scroll","background-type":"","background-media":"","overlay-type":"","overlay-color":"","overlay-opacity":"","overlay-gradient":""}}},"product_cat":[1215,504,741,507,498],"product_tag":[],"class_list":{"0":"post-14367","1":"product","2":"type-product","3":"status-publish","4":"has-post-thumbnail","6":"product_cat-ernahrung","7":"product_cat-gehirn-booster","8":"product_cat-gewichtsverlust","9":"product_cat-nahrungserganzungsmittel","10":"product_cat-stimmung-wohlbefinden","11":"has-subscription-plans","12":"desktop-align-left","13":"tablet-align-left","14":"mobile-align-left","16":"first","17":"instock","18":"taxable","19":"shipping-taxable","20":"purchasable","21":"product-type-simple"},"yoast_head":"<!-- This site is optimized with the Yoast SEO plugin v22.7 - https:\/\/yoast.com\/wordpress\/plugins\/seo\/ -->\n<title>Bundle aus geistiger Klarheit und Gewichtsabnahme - JeaKen<\/title>\n<meta name=\"robots\" content=\"index, follow, max-snippet:-1, max-image-preview:large, max-video-preview:-1\" \/>\n<link rel=\"canonical\" href=\"https:\/\/jeaken.com\/de\/produkt\/mental-klarheit-und-gewicht-abnehmen-bundle\/\" \/>\n<meta property=\"og:locale\" content=\"de_DE\" \/>\n<meta property=\"og:type\" content=\"article\" \/>\n<meta property=\"og:title\" content=\"Bundle aus geistiger Klarheit und Gewichtsabnahme - JeaKen\" \/>\n<meta property=\"og:description\" content=\"Das Bundle &quot;Mentale Klarheit und Gewichtsabnahme&quot; bietet eine einzigartige Kombination von Produkten, die die mentale Klarheit verbessern und die Gewichtsabnahme unterst\u00fctzen, indem sie einen ausgewogenen Lebensstil und ein effizientes Stressmanagement f\u00f6rdern.\" \/>\n<meta property=\"og:url\" content=\"https:\/\/jeaken.com\/de\/produkt\/mental-klarheit-und-gewicht-abnehmen-bundle\/\" \/>\n<meta property=\"og:site_name\" content=\"JeaKen\" \/>\n<meta property=\"article:modified_time\" content=\"2023-04-06T11:30:59+00:00\" \/>\n<meta property=\"og:image\" content=\"https:\/\/jeaken.com\/wp-content\/uploads\/2023\/03\/Combine6.jpg\" \/>\n\t<meta property=\"og:image:width\" content=\"972\" \/>\n\t<meta property=\"og:image:height\" content=\"972\" \/>\n\t<meta property=\"og:image:type\" content=\"image\/jpeg\" \/>\n<meta name=\"twitter:card\" content=\"summary_large_image\" \/>\n<meta name=\"twitter:label1\" content=\"Est. reading time\" \/>\n\t<meta name=\"twitter:data1\" content=\"4 minutes\" \/>\n<script type=\"application\/ld+json\" class=\"yoast-schema-graph\">{\"@context\":\"https:\/\/schema.org\",\"@graph\":[{\"@type\":\"WebPage\",\"@id\":\"https:\/\/jeaken.com\/de\/produkt\/mental-klarheit-und-gewicht-abnehmen-bundle\/\",\"url\":\"https:\/\/jeaken.com\/de\/produkt\/mental-klarheit-und-gewicht-abnehmen-bundle\/\",\"name\":\"Bundle aus geistiger Klarheit und Gewichtsabnahme - JeaKen\",\"isPartOf\":{\"@id\":\"https:\/\/jeaken.com\/de\/#website\"},\"primaryImageOfPage\":{\"@id\":\"https:\/\/jeaken.com\/de\/produkt\/mental-klarheit-und-gewicht-abnehmen-bundle\/#primaryimage\"},\"image\":{\"@id\":\"https:\/\/jeaken.com\/de\/produkt\/mental-klarheit-und-gewicht-abnehmen-bundle\/#primaryimage\"},\"thumbnailUrl\":\"https:\/\/jeaken.com\/wp-content\/uploads\/2023\/03\/Combine6.jpg\",\"datePublished\":\"2023-03-16T11:24:54+00:00\",\"dateModified\":\"2023-04-06T11:30:59+00:00\",\"breadcrumb\":{\"@id\":\"https:\/\/jeaken.com\/de\/produkt\/mental-klarheit-und-gewicht-abnehmen-bundle\/#breadcrumb\"},\"inLanguage\":\"de-DE\",\"potentialAction\":[{\"@type\":\"ReadAction\",\"target\":[\"https:\/\/jeaken.com\/de\/produkt\/mental-klarheit-und-gewicht-abnehmen-bundle\/\"]}]},{\"@type\":\"ImageObject\",\"inLanguage\":\"de-DE\",\"@id\":\"https:\/\/jeaken.com\/de\/produkt\/mental-klarheit-und-gewicht-abnehmen-bundle\/#primaryimage\",\"url\":\"https:\/\/jeaken.com\/wp-content\/uploads\/2023\/03\/Combine6.jpg\",\"contentUrl\":\"https:\/\/jeaken.com\/wp-content\/uploads\/2023\/03\/Combine6.jpg\",\"width\":972,\"height\":972,\"caption\":\"Mental Clarity and Gut Health Bundle\"},{\"@type\":\"BreadcrumbList\",\"@id\":\"https:\/\/jeaken.com\/de\/produkt\/mental-klarheit-und-gewicht-abnehmen-bundle\/#breadcrumb\",\"itemListElement\":[{\"@type\":\"ListItem\",\"position\":1,\"name\":\"Home\",\"item\":\"https:\/\/jeaken.com\/de\/\"},{\"@type\":\"ListItem\",\"position\":2,\"name\":\"Private: Shop\",\"item\":\"https:\/\/jeaken.com\/shop\/\"},{\"@type\":\"ListItem\",\"position\":3,\"name\":\"Bundle aus geistiger Klarheit und Gewichtsabnahme\"}]},{\"@type\":\"WebSite\",\"@id\":\"https:\/\/jeaken.com\/de\/#website\",\"url\":\"https:\/\/jeaken.com\/de\/\",\"name\":\"JeaKen\",\"description\":\"Organic Supplements for Health, Fitness and Nutrition\",\"publisher\":{\"@id\":\"https:\/\/jeaken.com\/de\/#organization\"},\"potentialAction\":[{\"@type\":\"SearchAction\",\"target\":{\"@type\":\"EntryPoint\",\"urlTemplate\":\"https:\/\/jeaken.com\/de\/?s={search_term_string}\"},\"query-input\":\"required name=search_term_string\"}],\"inLanguage\":\"de-DE\"},{\"@type\":\"Organization\",\"@id\":\"https:\/\/jeaken.com\/de\/#organization\",\"name\":\"JeaKen\",\"url\":\"https:\/\/jeaken.com\/de\/\",\"logo\":{\"@type\":\"ImageObject\",\"inLanguage\":\"de-DE\",\"@id\":\"https:\/\/jeaken.com\/de\/#\/schema\/logo\/image\/\",\"url\":\"https:\/\/jeaken.com\/wp-content\/uploads\/2022\/06\/jeaken-logo-23.png\",\"contentUrl\":\"https:\/\/jeaken.com\/wp-content\/uploads\/2022\/06\/jeaken-logo-23.png\",\"width\":2486,\"height\":736,\"caption\":\"JeaKen\"},\"image\":{\"@id\":\"https:\/\/jeaken.com\/de\/#\/schema\/logo\/image\/\"}}]}<\/script>\n<!-- \/ Yoast SEO plugin. -->","yoast_head_json":{"title":"Bundle aus geistiger Klarheit und Gewichtsabnahme - JeaKen","robots":{"index":"index","follow":"follow","max-snippet":"max-snippet:-1","max-image-preview":"max-image-preview:large","max-video-preview":"max-video-preview:-1"},"canonical":"https:\/\/jeaken.com\/de\/produkt\/mental-klarheit-und-gewicht-abnehmen-bundle\/","og_locale":"de_DE","og_type":"article","og_title":"Bundle aus geistiger Klarheit und Gewichtsabnahme - JeaKen","og_description":"Das Bundle \"Mentale Klarheit und Gewichtsabnahme\" bietet eine einzigartige Kombination von Produkten, die die mentale Klarheit verbessern und die Gewichtsabnahme unterst\u00fctzen, indem sie einen ausgewogenen Lebensstil und ein effizientes Stressmanagement f\u00f6rdern.","og_url":"https:\/\/jeaken.com\/de\/produkt\/mental-klarheit-und-gewicht-abnehmen-bundle\/","og_site_name":"JeaKen","article_modified_time":"2023-04-06T11:30:59+00:00","og_image":[{"width":972,"height":972,"url":"https:\/\/jeaken.com\/wp-content\/uploads\/2023\/03\/Combine6.jpg","type":"image\/jpeg"}],"twitter_card":"summary_large_image","twitter_misc":{"Est. reading time":"4 minutes"},"schema":{"@context":"https:\/\/schema.org","@graph":[{"@type":"WebPage","@id":"https:\/\/jeaken.com\/de\/produkt\/mental-klarheit-und-gewicht-abnehmen-bundle\/","url":"https:\/\/jeaken.com\/de\/produkt\/mental-klarheit-und-gewicht-abnehmen-bundle\/","name":"Bundle aus geistiger Klarheit und Gewichtsabnahme - JeaKen","isPartOf":{"@id":"https:\/\/jeaken.com\/de\/#website"},"primaryImageOfPage":{"@id":"https:\/\/jeaken.com\/de\/produkt\/mental-klarheit-und-gewicht-abnehmen-bundle\/#primaryimage"},"image":{"@id":"https:\/\/jeaken.com\/de\/produkt\/mental-klarheit-und-gewicht-abnehmen-bundle\/#primaryimage"},"thumbnailUrl":"https:\/\/jeaken.com\/wp-content\/uploads\/2023\/03\/Combine6.jpg","datePublished":"2023-03-16T11:24:54+00:00","dateModified":"2023-04-06T11:30:59+00:00","breadcrumb":{"@id":"https:\/\/jeaken.com\/de\/produkt\/mental-klarheit-und-gewicht-abnehmen-bundle\/#breadcrumb"},"inLanguage":"de-DE","potentialAction":[{"@type":"ReadAction","target":["https:\/\/jeaken.com\/de\/produkt\/mental-klarheit-und-gewicht-abnehmen-bundle\/"]}]},{"@type":"ImageObject","inLanguage":"de-DE","@id":"https:\/\/jeaken.com\/de\/produkt\/mental-klarheit-und-gewicht-abnehmen-bundle\/#primaryimage","url":"https:\/\/jeaken.com\/wp-content\/uploads\/2023\/03\/Combine6.jpg","contentUrl":"https:\/\/jeaken.com\/wp-content\/uploads\/2023\/03\/Combine6.jpg","width":972,"height":972,"caption":"Mental Clarity and Gut Health Bundle"},{"@type":"BreadcrumbList","@id":"https:\/\/jeaken.com\/de\/produkt\/mental-klarheit-und-gewicht-abnehmen-bundle\/#breadcrumb","itemListElement":[{"@type":"ListItem","position":1,"name":"Home","item":"https:\/\/jeaken.com\/de\/"},{"@type":"ListItem","position":2,"name":"Private: Shop","item":"https:\/\/jeaken.com\/shop\/"},{"@type":"ListItem","position":3,"name":"Bundle aus geistiger Klarheit und Gewichtsabnahme"}]},{"@type":"WebSite","@id":"https:\/\/jeaken.com\/de\/#website","url":"https:\/\/jeaken.com\/de\/","name":"JeaKen","description":"Organic Supplements for Health, Fitness and Nutrition","publisher":{"@id":"https:\/\/jeaken.com\/de\/#organization"},"potentialAction":[{"@type":"SearchAction","target":{"@type":"EntryPoint","urlTemplate":"https:\/\/jeaken.com\/de\/?s={search_term_string}"},"query-input":"required name=search_term_string"}],"inLanguage":"de-DE"},{"@type":"Organization","@id":"https:\/\/jeaken.com\/de\/#organization","name":"JeaKen","url":"https:\/\/jeaken.com\/de\/","logo":{"@type":"ImageObject","inLanguage":"de-DE","@id":"https:\/\/jeaken.com\/de\/#\/schema\/logo\/image\/","url":"https:\/\/jeaken.com\/wp-content\/uploads\/2022\/06\/jeaken-logo-23.png","contentUrl":"https:\/\/jeaken.com\/wp-content\/uploads\/2022\/06\/jeaken-logo-23.png","width":2486,"height":736,"caption":"JeaKen"},"image":{"@id":"https:\/\/jeaken.com\/de\/#\/schema\/logo\/image\/"}}]}},"jetpack_sharing_enabled":true,"_links":{"self":[{"href":"https:\/\/jeaken.com\/de\/wp-json\/wp\/v2\/product\/14367","targetHints":{"allow":["GET"]}}],"collection":[{"href":"https:\/\/jeaken.com\/de\/wp-json\/wp\/v2\/product"}],"about":[{"href":"https:\/\/jeaken.com\/de\/wp-json\/wp\/v2\/types\/product"}],"wp:featuredmedia":[{"embeddable":true,"href":"https:\/\/jeaken.com\/de\/wp-json\/wp\/v2\/media\/16293"}],"wp:attachment":[{"href":"https:\/\/jeaken.com\/de\/wp-json\/wp\/v2\/media?parent=14367"}],"wp:term":[{"taxonomy":"product_cat","embeddable":true,"href":"https:\/\/jeaken.com\/de\/wp-json\/wp\/v2\/product_cat?post=14367"},{"taxonomy":"product_tag","embeddable":true,"href":"https:\/\/jeaken.com\/de\/wp-json\/wp\/v2\/product_tag?post=14367"}],"curies":[{"name":"wp","href":"https:\/\/api.w.org\/{rel}","templated":true}]}}