{"id":14351,"date":"2023-03-16T10:28:24","date_gmt":"2023-03-16T10:28:24","guid":{"rendered":"https:\/?post_type=product&#038;p=14351"},"modified":"2023-04-06T12:31:03","modified_gmt":"2023-04-06T11:31:03","slug":"mental-klarheit-bundle","status":"publish","type":"product","link":"https:\/\/jeaken.com\/de\/produkt\/mental-klarheit-bundle\/","title":{"rendered":"B\u00fcndel geistiger Klarheit"},"content":{"rendered":"<h2>B\u00fcndel geistiger Klarheit<\/h2>\n<p><span data-sheets-value=\"{\"1\":2,\"2\":\"Looking to improve their mental clarity and focus, combining the Mental Clarity &amp; Focus Bundle with the right lifestyle changes can yield excellent results. In addition to incorporating a healthy diet and exercise regimen, taking regular breaks to reduce stress and staying hydrated can help. When using the Super Mind Nootropics and Mushroom Capsules in this bundle, it's important to follow the recommended dosages and take them consistently for optimal results. Additionally, the Nootropics Cognitive Enhancer can provide an extra boost to your cognitive function, especially when used in conjunction with the other supplements in this bundle. Remember to consult with a healthcare professional before starting any new supplement regimen.\"}\" data-sheets-userformat=\"{\"2\":2947,\"3\":{\"1\":0},\"4\":{\"1\":3,\"3\":2},\"10\":0,\"11\":4,\"12\":0,\"14\":{\"1\":2,\"2\":65280}}\">Wer seine geistige Klarheit und Konzentration verbessern m\u00f6chte, kann durch die Kombination des Mental Clarity Bundle mit den richtigen Ver\u00e4nderungen im Lebensstil hervorragende Ergebnisse erzielen. Neben einer gesunden Ern\u00e4hrung und sportlicher Bet\u00e4tigung k\u00f6nnen auch regelm\u00e4\u00dfige Pausen zum Stressabbau und eine ausreichende Fl\u00fcssigkeitszufuhr helfen. Wenn Sie die Super Mind Nootropics und Pilzkapseln in diesem Paket verwenden, ist es wichtig, die empfohlenen Dosierungen zu befolgen und sie konsequent einzunehmen, um optimale Ergebnisse zu erzielen. Dar\u00fcber hinaus kann der Nootropics Cognitive Enhancer Ihre kognitiven Funktionen zus\u00e4tzlich f\u00f6rdern, insbesondere in Verbindung mit den anderen Nahrungserg\u00e4nzungsmitteln in diesem Paket. Denken Sie daran, einen Arzt zu konsultieren, bevor Sie eine neue Nahrungserg\u00e4nzungskur beginnen.<\/span><\/p>\n<h4 class=\"product_title entry-title elementor-heading-title elementor-size-default\"><strong>Super Mind Nootropics &#8211; 60 pflanzliche Kapseln<\/strong><\/h4>\n<p>&nbsp;<\/p>\n<ul class=\"a-unordered-list a-vertical a-spacing-none\">\n<li class=\"a-spacing-small\"><span class=\"a-list-item a-size-base\">VERST\u00c4RKT GED\u00c4CHTNIS, KONZENTRATION und AUFMERKSAMKEIT &#8211; Im Gegensatz zu vielen anderen Nahrungserg\u00e4nzungsmitteln f\u00fcr das Gehirn bestehen die JeaKen Nootropics Brain Boost Kapseln aus nat\u00fcrlichen Inhaltsstoffen wie Rhodiola Rosea, die helfen, die Konzentration und Aufmerksamkeit zu steigern, die geistige Energie zu erh\u00f6hen und das Ged\u00e4chtnis zu verbessern.  <\/span><\/li>\n<li class=\"a-spacing-small\"><span class=\"a-list-item a-size-base\">VERRINGERT DIE M\u00dcNDIGKEIT, VERBESSERT DIE KONZENTRATION &#8211; Guarana, eine im Amazonasgebiet beheimatete Pflanze, enth\u00e4lt von Natur aus Koffein, das sich als sehr wirksam bei der Verringerung der M\u00fcdigkeit und der Verbesserung der geistigen Konzentration erwiesen hat. Die Kombination von Koffein und Theanin hat sich als sehr wirksam f\u00fcr die Verbesserung der kognitiven Leistung erwiesen.  <\/span><\/li>\n<li class=\"a-spacing-small\"><span class=\"a-list-item a-size-base\">NUR DIE BESTEN ZUTATEN &#8211; Unser Nahrungserg\u00e4nzungsmittel f\u00fcr das Ged\u00e4chtnis besteht aus nat\u00fcrlichen Vitaminen, Mineralien und Kr\u00e4uterextrakten, ohne sch\u00e4dliche Zusatzstoffe, nicht gentechnisch ver\u00e4ndert und frei von Hormonen und Gluten.  <\/span><\/li>\n<li class=\"a-spacing-small\"><span class=\"a-list-item a-size-base\">WISSENSCHAFTLICH GEST\u00dcTZT &#8211; Es wurde sehr darauf geachtet, genau die richtige Menge der einzelnen Inhaltsstoffe in einer fortschrittlichen Formel zu kombinieren, die dazu beitr\u00e4gt, die Sauerstoffversorgung und die Durchblutung der Gehirnzellen und Neuronen zu unterst\u00fctzen, um Ged\u00e4chtnis, Konzentration und Klarheit zu f\u00f6rdern.<\/span><\/li>\n<\/ul>\n<h4><strong>Lion&#8217;s Mane Mushroom Capsules &#8211; Nootropics Supplement f\u00fcr verbesserte kognitive und Immunsystem Funktion. 5000 mg.<\/strong><\/h4>\n<p>&nbsp;<\/p>\n<p><strong><span class=\"a-list-item a-size-base\">UNTERST\u00dcTZT DIE KOGNITIVE FUNKTION  <\/span><\/strong><\/p>\n<p><span class=\"a-list-item a-size-base\">Die L\u00f6wenm\u00e4hne ist ein bew\u00e4hrtes Mittel zur F\u00f6rderung des Gehirns, was sie zu einem beliebten Erg\u00e4nzungsmittel f\u00fcr Menschen macht, die arbeiten oder studieren. Unsere Kapseln f\u00f6rdern nicht nur das Ged\u00e4chtnis, sondern k\u00f6nnen auch helfen, geistigen Nebel zu beseitigen und das Gehirn und Nervensystem zu unterst\u00fctzen.<\/span><\/p>\n<p><strong>F\u00d6RDERT DIE GESUNDHEIT DER GELENKE<\/strong><\/p>\n<p>Unsere bew\u00e4hrten Kapseln sind wirksam bei der Unterst\u00fctzung der Gelenkgesundheit und der St\u00e4rkung des Immunsystems.<\/p>\n<p><strong>VERBESSERT DIE GEISTIGE GESUNDHEIT<\/strong><\/p>\n<p>Der Reishi-Extrakt ist daf\u00fcr bekannt, dass er bei chronischen Atemwegserkrankungen hilft.<\/p>\n<p><strong>REGULIERT HORMONE<\/strong><\/p>\n<p>Unsere Kapseln sind hochwirksam bei der Regulierung der Hormone. Der Hormonhaushalt ist der Schl\u00fcssel zur Regulierung der sinnlichen Funktionen, der Stimmungsregulierung und vielem mehr.<\/p>\n<p><strong>CHAMPIGNON 10:1 EXTRAKT<\/strong><\/p>\n<p>Pilze haben eine z\u00e4he Zellwand aus Chitin, die der Mensch nur schwer verdauen kann. Diese Zellwand schr\u00e4nkt unseren Zugang zu den wichtigen medizinischen Verbindungen ein, die den Pilzen ihre wunderbare Wirkung verleihen.<\/p>\n<p><strong>NULL-KORN-F\u00dcLLSTOFFE<\/strong><\/p>\n<p>Viele Heilpilzprodukte enthalten eigentlich gar keine Pilze. Sie werden aus dem Wurzelsystem des Pilzes, dem so genannten Myzel, hergestellt, das auf K\u00f6rnern wie Reis, Hafer und Sorghum w\u00e4chst.<\/p>\n<p><strong>UNTERST\u00dcTZT DIE KOGNITIVE FUNKTION  <\/strong><\/p>\n<p>Die L\u00f6wenm\u00e4hne ist ein bew\u00e4hrter kognitiver Booster, der wirksam ist, um geistigen Nebel zu beseitigen und das Gehirn und Nervensystem zu unterst\u00fctzen.<\/p>\n<p><strong>ST\u00c4RKT DAS IMMUNSYSTEM  <\/strong><\/p>\n<p>Man nimmt an, dass der L\u00f6wenm\u00fctzenpilz die Immunfunktion verbessert und das Wachstum der guten Bakterien im Darm f\u00f6rdert.<\/p>\n<p><strong>TR\u00c4GT ZU EINEM NAT\u00dcRLICHEN STIMMUNGSAUSGLEICH BEI  <\/strong><\/p>\n<p>Die Forschung zeigt, dass der L\u00f6wenm\u00fctzenpilz zu einer ruhigen, entspannten Stimmung beitragen kann. Es hat auch nervenregenerierende Eigenschaften, die zu einer guten Herzgesundheit beitragen k\u00f6nnen.<\/p>\n<h4 class=\"product_title entry-title elementor-heading-title elementor-size-default\"><strong>Nootropics Cognitive Enhancer &#8211; Premium-Konzentrations- und Ged\u00e4chtnisverbesserer (60 Kapseln)<\/strong><\/h4>\n<p><strong><span class=\"a-list-item\">DAS GED\u00c4CHTNIS, DIE KONZENTRATION UND DIE WACHSAMKEIT F\u00d6RDERN  <\/span><\/strong><\/p>\n<p><span class=\"a-list-item\">Unsere Nootropics Brain Boost Kapseln bestehen aus nat\u00fcrlichen Inhaltsstoffen, die helfen, die Konzentration und Aufmerksamkeit zu steigern, die geistige Energie zu erh\u00f6hen und das Ged\u00e4chtnis zu verbessern.<\/span><\/p>\n<p><strong><span class=\"a-list-item\">REDUZIERT M\u00dcDIGKEIT UND VERBESSERT DIE KONZENTRATION  <\/span><\/strong><\/p>\n<p><span class=\"a-list-item\">Guarana, eine im Amazonasgebiet beheimatete Pflanze, enth\u00e4lt von Natur aus Koffein und ist nachweislich wirksam bei der Verringerung von M\u00fcdigkeit und der Verbesserung der geistigen Konzentration. Die starke Kombination von Koffein und Theanin ist \u00e4u\u00dferst wirksam bei der Verbesserung der kognitiven Leistung.<\/span><\/p>\n<p><strong><span class=\"a-list-item\">NAT\u00dcRLICHE ZUTATEN  <\/span><\/strong><\/p>\n<p><span class=\"a-list-item\">Unser Nahrungserg\u00e4nzungsmittel f\u00fcr das Ged\u00e4chtnis besteht aus rein nat\u00fcrlichen Vitaminen, Mineralien und Kr\u00e4uterextrakten, ohne sch\u00e4dliche Zusatzstoffe. Unsere Nahrungserg\u00e4nzungsmittel sind nicht gentechnisch ver\u00e4ndert und frei von Hormonen und Gluten.<\/span><\/p>\n<p><strong><span class=\"a-list-item\">WISSENSCHAFTLICH UNTERMAUERT  <\/span><\/strong><\/p>\n<p><span class=\"a-list-item\">Es wurde sehr darauf geachtet, die richtige Menge jedes Inhaltsstoffes in einer fortschrittlichen Formel zu kombinieren. Es wurde sorgf\u00e4ltig entwickelt, um die Sauerstoffversorgung und die Durchblutung der Gehirnzellen und Neuronen zu unterst\u00fctzen, um Ged\u00e4chtnis, Konzentration und Klarheit zu f\u00f6rdern.<\/span><\/p>\n<p class=\"a-spacing-mini\"><strong>VERBESSERT DIE LAUNE<\/strong><\/p>\n<p class=\"a-size-small\">Unsere hochwertigen Inhaltsstoffe unterst\u00fctzen einen gesunden Serotonin- und Dopaminspiegel, der f\u00fcr eine positive Stimmung sorgt.<\/p>\n","protected":false},"excerpt":{"rendered":"<p>Das Mental Clarity Bundle eignet sich hervorragend zur F\u00f6rderung der Konzentration, eines gesunden Lebensstils und des Stressmanagements. Das Paket enth\u00e4lt L\u00f6wenm\u00e4hne-Pilz-Kapseln, Super Mind Nootropics und Nootropics Cognitive Enhancers.<\/p>\n","protected":false},"featured_media":16311,"template":"","meta":{"site-sidebar-layout":"default","site-content-layout":"default","ast-site-content-layout":"default","site-content-style":"default","site-sidebar-style":"default","ast-global-header-display":"","ast-banner-title-visibility":"","ast-main-header-display":"","ast-hfb-above-header-display":"","ast-hfb-below-header-display":"","ast-hfb-mobile-header-display":"","site-post-title":"","ast-breadcrumbs-content":"","ast-featured-img":"","footer-sml-layout":"","theme-transparent-header-meta":"default","adv-header-id-meta":"","stick-header-meta":"default","header-above-stick-meta":"","header-main-stick-meta":"","header-below-stick-meta":"","astra-migrate-meta-layouts":"default","ast-page-background-enabled":"default","ast-page-background-meta":{"desktop":{"background-color":"","background-image":"","background-repeat":"repeat","background-position":"center center","background-size":"auto","background-attachment":"scroll","background-type":"","background-media":"","overlay-type":"","overlay-color":"","overlay-opacity":"","overlay-gradient":""},"tablet":{"background-color":"","background-image":"","background-repeat":"repeat","background-position":"center center","background-size":"auto","background-attachment":"scroll","background-type":"","background-media":"","overlay-type":"","overlay-color":"","overlay-opacity":"","overlay-gradient":""},"mobile":{"background-color":"","background-image":"","background-repeat":"repeat","background-position":"center center","background-size":"auto","background-attachment":"scroll","background-type":"","background-media":"","overlay-type":"","overlay-color":"","overlay-opacity":"","overlay-gradient":""}},"ast-content-background-meta":{"desktop":{"background-color":"var(--ast-global-color-5)","background-image":"","background-repeat":"repeat","background-position":"center center","background-size":"auto","background-attachment":"scroll","background-type":"","background-media":"","overlay-type":"","overlay-color":"","overlay-opacity":"","overlay-gradient":""},"tablet":{"background-color":"var(--ast-global-color-5)","background-image":"","background-repeat":"repeat","background-position":"center center","background-size":"auto","background-attachment":"scroll","background-type":"","background-media":"","overlay-type":"","overlay-color":"","overlay-opacity":"","overlay-gradient":""},"mobile":{"background-color":"var(--ast-global-color-5)","background-image":"","background-repeat":"repeat","background-position":"center center","background-size":"auto","background-attachment":"scroll","background-type":"","background-media":"","overlay-type":"","overlay-color":"","overlay-opacity":"","overlay-gradient":""}}},"product_cat":[504,498],"product_tag":[],"class_list":{"0":"post-14351","1":"product","2":"type-product","3":"status-publish","4":"has-post-thumbnail","6":"product_cat-gehirn-booster","7":"product_cat-stimmung-wohlbefinden","8":"has-subscription-plans","9":"desktop-align-left","10":"tablet-align-left","11":"mobile-align-left","13":"first","14":"instock","15":"taxable","16":"shipping-taxable","17":"purchasable","18":"product-type-simple"},"yoast_head":"<!-- This site is optimized with the Yoast SEO plugin v22.7 - https:\/\/yoast.com\/wordpress\/plugins\/seo\/ -->\n<title>B\u00fcndel geistiger Klarheit - JeaKen<\/title>\n<meta name=\"robots\" content=\"index, follow, max-snippet:-1, max-image-preview:large, max-video-preview:-1\" \/>\n<link rel=\"canonical\" href=\"https:\/\/jeaken.com\/de\/produkt\/mental-klarheit-bundle\/\" \/>\n<meta property=\"og:locale\" content=\"de_DE\" \/>\n<meta property=\"og:type\" content=\"article\" \/>\n<meta property=\"og:title\" content=\"B\u00fcndel geistiger Klarheit - JeaKen\" \/>\n<meta property=\"og:description\" content=\"Das Mental Clarity Bundle eignet sich hervorragend zur F\u00f6rderung der Konzentration, eines gesunden Lebensstils und des Stressmanagements. Das Paket enth\u00e4lt L\u00f6wenm\u00e4hne-Pilz-Kapseln, Super Mind Nootropics und Nootropics Cognitive Enhancers.\" \/>\n<meta property=\"og:url\" content=\"https:\/\/jeaken.com\/de\/produkt\/mental-klarheit-bundle\/\" \/>\n<meta property=\"og:site_name\" content=\"JeaKen\" \/>\n<meta property=\"article:modified_time\" content=\"2023-04-06T11:31:03+00:00\" \/>\n<meta property=\"og:image\" content=\"https:\/\/jeaken.com\/wp-content\/uploads\/2023\/03\/Combine7.jpg\" \/>\n\t<meta property=\"og:image:width\" content=\"972\" \/>\n\t<meta property=\"og:image:height\" content=\"972\" \/>\n\t<meta property=\"og:image:type\" content=\"image\/jpeg\" \/>\n<meta name=\"twitter:card\" content=\"summary_large_image\" \/>\n<script type=\"application\/ld+json\" class=\"yoast-schema-graph\">{\"@context\":\"https:\/\/schema.org\",\"@graph\":[{\"@type\":\"WebPage\",\"@id\":\"https:\/\/jeaken.com\/de\/produkt\/mental-klarheit-bundle\/\",\"url\":\"https:\/\/jeaken.com\/de\/produkt\/mental-klarheit-bundle\/\",\"name\":\"B\u00fcndel geistiger Klarheit - JeaKen\",\"isPartOf\":{\"@id\":\"https:\/\/jeaken.com\/de\/#website\"},\"primaryImageOfPage\":{\"@id\":\"https:\/\/jeaken.com\/de\/produkt\/mental-klarheit-bundle\/#primaryimage\"},\"image\":{\"@id\":\"https:\/\/jeaken.com\/de\/produkt\/mental-klarheit-bundle\/#primaryimage\"},\"thumbnailUrl\":\"https:\/\/jeaken.com\/wp-content\/uploads\/2023\/03\/Combine7.jpg\",\"datePublished\":\"2023-03-16T10:28:24+00:00\",\"dateModified\":\"2023-04-06T11:31:03+00:00\",\"breadcrumb\":{\"@id\":\"https:\/\/jeaken.com\/de\/produkt\/mental-klarheit-bundle\/#breadcrumb\"},\"inLanguage\":\"de-DE\",\"potentialAction\":[{\"@type\":\"ReadAction\",\"target\":[\"https:\/\/jeaken.com\/de\/produkt\/mental-klarheit-bundle\/\"]}]},{\"@type\":\"ImageObject\",\"inLanguage\":\"de-DE\",\"@id\":\"https:\/\/jeaken.com\/de\/produkt\/mental-klarheit-bundle\/#primaryimage\",\"url\":\"https:\/\/jeaken.com\/wp-content\/uploads\/2023\/03\/Combine7.jpg\",\"contentUrl\":\"https:\/\/jeaken.com\/wp-content\/uploads\/2023\/03\/Combine7.jpg\",\"width\":972,\"height\":972,\"caption\":\"Mental Clarity Bundle\"},{\"@type\":\"BreadcrumbList\",\"@id\":\"https:\/\/jeaken.com\/de\/produkt\/mental-klarheit-bundle\/#breadcrumb\",\"itemListElement\":[{\"@type\":\"ListItem\",\"position\":1,\"name\":\"Home\",\"item\":\"https:\/\/jeaken.com\/de\/\"},{\"@type\":\"ListItem\",\"position\":2,\"name\":\"Private: Shop\",\"item\":\"https:\/\/jeaken.com\/shop\/\"},{\"@type\":\"ListItem\",\"position\":3,\"name\":\"B\u00fcndel geistiger Klarheit\"}]},{\"@type\":\"WebSite\",\"@id\":\"https:\/\/jeaken.com\/de\/#website\",\"url\":\"https:\/\/jeaken.com\/de\/\",\"name\":\"JeaKen\",\"description\":\"Organic Supplements for Health, Fitness and Nutrition\",\"publisher\":{\"@id\":\"https:\/\/jeaken.com\/de\/#organization\"},\"potentialAction\":[{\"@type\":\"SearchAction\",\"target\":{\"@type\":\"EntryPoint\",\"urlTemplate\":\"https:\/\/jeaken.com\/de\/?s={search_term_string}\"},\"query-input\":\"required name=search_term_string\"}],\"inLanguage\":\"de-DE\"},{\"@type\":\"Organization\",\"@id\":\"https:\/\/jeaken.com\/de\/#organization\",\"name\":\"JeaKen\",\"url\":\"https:\/\/jeaken.com\/de\/\",\"logo\":{\"@type\":\"ImageObject\",\"inLanguage\":\"de-DE\",\"@id\":\"https:\/\/jeaken.com\/de\/#\/schema\/logo\/image\/\",\"url\":\"https:\/\/jeaken.com\/wp-content\/uploads\/2022\/06\/jeaken-logo-23.png\",\"contentUrl\":\"https:\/\/jeaken.com\/wp-content\/uploads\/2022\/06\/jeaken-logo-23.png\",\"width\":2486,\"height\":736,\"caption\":\"JeaKen\"},\"image\":{\"@id\":\"https:\/\/jeaken.com\/de\/#\/schema\/logo\/image\/\"}}]}<\/script>\n<!-- \/ Yoast SEO plugin. -->","yoast_head_json":{"title":"B\u00fcndel geistiger Klarheit - JeaKen","robots":{"index":"index","follow":"follow","max-snippet":"max-snippet:-1","max-image-preview":"max-image-preview:large","max-video-preview":"max-video-preview:-1"},"canonical":"https:\/\/jeaken.com\/de\/produkt\/mental-klarheit-bundle\/","og_locale":"de_DE","og_type":"article","og_title":"B\u00fcndel geistiger Klarheit - JeaKen","og_description":"Das Mental Clarity Bundle eignet sich hervorragend zur F\u00f6rderung der Konzentration, eines gesunden Lebensstils und des Stressmanagements. Das Paket enth\u00e4lt L\u00f6wenm\u00e4hne-Pilz-Kapseln, Super Mind Nootropics und Nootropics Cognitive Enhancers.","og_url":"https:\/\/jeaken.com\/de\/produkt\/mental-klarheit-bundle\/","og_site_name":"JeaKen","article_modified_time":"2023-04-06T11:31:03+00:00","og_image":[{"width":972,"height":972,"url":"https:\/\/jeaken.com\/wp-content\/uploads\/2023\/03\/Combine7.jpg","type":"image\/jpeg"}],"twitter_card":"summary_large_image","schema":{"@context":"https:\/\/schema.org","@graph":[{"@type":"WebPage","@id":"https:\/\/jeaken.com\/de\/produkt\/mental-klarheit-bundle\/","url":"https:\/\/jeaken.com\/de\/produkt\/mental-klarheit-bundle\/","name":"B\u00fcndel geistiger Klarheit - JeaKen","isPartOf":{"@id":"https:\/\/jeaken.com\/de\/#website"},"primaryImageOfPage":{"@id":"https:\/\/jeaken.com\/de\/produkt\/mental-klarheit-bundle\/#primaryimage"},"image":{"@id":"https:\/\/jeaken.com\/de\/produkt\/mental-klarheit-bundle\/#primaryimage"},"thumbnailUrl":"https:\/\/jeaken.com\/wp-content\/uploads\/2023\/03\/Combine7.jpg","datePublished":"2023-03-16T10:28:24+00:00","dateModified":"2023-04-06T11:31:03+00:00","breadcrumb":{"@id":"https:\/\/jeaken.com\/de\/produkt\/mental-klarheit-bundle\/#breadcrumb"},"inLanguage":"de-DE","potentialAction":[{"@type":"ReadAction","target":["https:\/\/jeaken.com\/de\/produkt\/mental-klarheit-bundle\/"]}]},{"@type":"ImageObject","inLanguage":"de-DE","@id":"https:\/\/jeaken.com\/de\/produkt\/mental-klarheit-bundle\/#primaryimage","url":"https:\/\/jeaken.com\/wp-content\/uploads\/2023\/03\/Combine7.jpg","contentUrl":"https:\/\/jeaken.com\/wp-content\/uploads\/2023\/03\/Combine7.jpg","width":972,"height":972,"caption":"Mental Clarity Bundle"},{"@type":"BreadcrumbList","@id":"https:\/\/jeaken.com\/de\/produkt\/mental-klarheit-bundle\/#breadcrumb","itemListElement":[{"@type":"ListItem","position":1,"name":"Home","item":"https:\/\/jeaken.com\/de\/"},{"@type":"ListItem","position":2,"name":"Private: Shop","item":"https:\/\/jeaken.com\/shop\/"},{"@type":"ListItem","position":3,"name":"B\u00fcndel geistiger Klarheit"}]},{"@type":"WebSite","@id":"https:\/\/jeaken.com\/de\/#website","url":"https:\/\/jeaken.com\/de\/","name":"JeaKen","description":"Organic Supplements for Health, Fitness and Nutrition","publisher":{"@id":"https:\/\/jeaken.com\/de\/#organization"},"potentialAction":[{"@type":"SearchAction","target":{"@type":"EntryPoint","urlTemplate":"https:\/\/jeaken.com\/de\/?s={search_term_string}"},"query-input":"required name=search_term_string"}],"inLanguage":"de-DE"},{"@type":"Organization","@id":"https:\/\/jeaken.com\/de\/#organization","name":"JeaKen","url":"https:\/\/jeaken.com\/de\/","logo":{"@type":"ImageObject","inLanguage":"de-DE","@id":"https:\/\/jeaken.com\/de\/#\/schema\/logo\/image\/","url":"https:\/\/jeaken.com\/wp-content\/uploads\/2022\/06\/jeaken-logo-23.png","contentUrl":"https:\/\/jeaken.com\/wp-content\/uploads\/2022\/06\/jeaken-logo-23.png","width":2486,"height":736,"caption":"JeaKen"},"image":{"@id":"https:\/\/jeaken.com\/de\/#\/schema\/logo\/image\/"}}]}},"jetpack_sharing_enabled":true,"_links":{"self":[{"href":"https:\/\/jeaken.com\/de\/wp-json\/wp\/v2\/product\/14351","targetHints":{"allow":["GET"]}}],"collection":[{"href":"https:\/\/jeaken.com\/de\/wp-json\/wp\/v2\/product"}],"about":[{"href":"https:\/\/jeaken.com\/de\/wp-json\/wp\/v2\/types\/product"}],"wp:featuredmedia":[{"embeddable":true,"href":"https:\/\/jeaken.com\/de\/wp-json\/wp\/v2\/media\/16311"}],"wp:attachment":[{"href":"https:\/\/jeaken.com\/de\/wp-json\/wp\/v2\/media?parent=14351"}],"wp:term":[{"taxonomy":"product_cat","embeddable":true,"href":"https:\/\/jeaken.com\/de\/wp-json\/wp\/v2\/product_cat?post=14351"},{"taxonomy":"product_tag","embeddable":true,"href":"https:\/\/jeaken.com\/de\/wp-json\/wp\/v2\/product_tag?post=14351"}],"curies":[{"name":"wp","href":"https:\/\/api.w.org\/{rel}","templated":true}]}}